	
{"id":58623,"date":"2022-02-17T10:15:25","date_gmt":"2022-02-17T09:15:25","guid":{"rendered":"https:\/\/movantacamping.se\/?post_type=product&#038;p=58623"},"modified":"2024-10-10T14:39:11","modified_gmt":"2024-10-10T12:39:11","slug":"hela-klinten","status":"publish","type":"product","link":"https:\/\/movantacamping.se\/en_us\/product\/hela-klinten\/","title":{"rendered":"Hela Klinten"},"content":{"rendered":"<h1 class=\"entry-title\">Rent the entire Klinten for parties, weddings, kickoffs, etc<\/h1>\n<p>It is possible to rent the entire Klinten for larger groups, parties or corporate events. The lodge in the barn has room for about 130 people with the possibility of dancing with an orchestra. In total, you get access to overnight accommodation for 36 people in the main house and the lodge.<\/p>\n<p>The price for the entire facility (not Lill-Klinten) is incl. VAT for individuals per day but plus VAT for companies. Electricity is extra.<\/p>\n<p>We offer depending on your needs and wishes.<\/p>","protected":false},"excerpt":{"rendered":"<p>Hyra hela Klinten f\u00f6r fester, br\u00f6llop, kickoff mm M\u00f6jlighet finns att hyra hela Klinten f\u00f6r st\u00f6rre s\u00e4llskap, fester eller f\u00f6retagsevenemang. P\u00e5 logen i ladug\u00e5rden finns plats f\u00f6r ca 130 personer med m\u00f6jlighet att ha dans med orkester. Totalt f\u00e5r man tillg\u00e5ng till \u00f6vernattning f\u00f6r 36 personer i stora huset samt logementen. Priset f\u00f6r hela anl\u00e4ggningen [&hellip;]<\/p>","protected":false},"featured_media":58706,"template":"","meta":{"_et_pb_use_builder":"on","_et_pb_old_content":"<h1 class=\"entry-title\">Hyra hela Klinten f\u00f6r fester, br\u00f6llop, kickoff mm<\/h1>\r\nM\u00f6jlighet finns att hyra hela Klinten f\u00f6r st\u00f6rre s\u00e4llskap, fester eller f\u00f6retagsevenemang. P\u00e5 logen i ladug\u00e5rden finns plats f\u00f6r ca 130 personer med m\u00f6jlighet att ha dans med orkester. Totalt f\u00e5r man tillg\u00e5ng till \u00f6vernattning f\u00f6r 36 personer i stora huset samt logementen.\r\n\r\nPriset f\u00f6r hela anl\u00e4ggningen (ej Lill-Klinten) \u00e4r inkl. moms f\u00f6r privatpersoner per dygn men plus moms f\u00f6r f\u00f6retag. El tillkommer.\r\n\r\nVi offererar beroende p\u00e5 ert behov och \u00f6nskem\u00e5l.","_et_gb_content_width":""},"product_cat":[47],"product_tag":[],"class_list":{"0":"post-58623","1":"product","2":"type-product","3":"status-publish","4":"has-post-thumbnail","6":"product_cat-klinten","8":"first","9":"instock","10":"taxable","11":"shipping-taxable","12":"purchasable","13":"product-type-simple"},"_links":{"self":[{"href":"https:\/\/movantacamping.se\/en_us\/wp-json\/wp\/v2\/product\/58623"}],"collection":[{"href":"https:\/\/movantacamping.se\/en_us\/wp-json\/wp\/v2\/product"}],"about":[{"href":"https:\/\/movantacamping.se\/en_us\/wp-json\/wp\/v2\/types\/product"}],"wp:featuredmedia":[{"embeddable":true,"href":"https:\/\/movantacamping.se\/en_us\/wp-json\/wp\/v2\/media\/58706"}],"wp:attachment":[{"href":"https:\/\/movantacamping.se\/en_us\/wp-json\/wp\/v2\/media?parent=58623"}],"wp:term":[{"taxonomy":"product_cat","embeddable":true,"href":"https:\/\/movantacamping.se\/en_us\/wp-json\/wp\/v2\/product_cat?post=58623"},{"taxonomy":"product_tag","embeddable":true,"href":"https:\/\/movantacamping.se\/en_us\/wp-json\/wp\/v2\/product_tag?post=58623"}],"curies":[{"name":"wp","href":"https:\/\/api.w.org\/{rel}","templated":true}]}}