	
{"id":72167,"date":"2024-10-07T10:43:25","date_gmt":"2024-10-07T08:43:25","guid":{"rendered":"https:\/\/movantacamping.se\/?page_id=72167"},"modified":"2025-12-04T10:14:39","modified_gmt":"2025-12-04T09:14:39","slug":"glamping","status":"publish","type":"page","link":"https:\/\/movantacamping.se\/en_us\/glamping\/","title":{"rendered":"Glamping"},"content":{"rendered":"<p>[et_pb_section fb_built=&#8221;1&#8243; _builder_version=&#8221;4.16&#8243; background_image=&#8221;https:\/\/movantacamping.se\/wp-content\/uploads\/2020\/03\/movanta_bakgrund.jpg&#8221; background_position=&#8221;top_center&#8221; custom_padding=&#8221;0px||60px||false|false&#8221; global_colors_info=&#8221;{}&#8221;][et_pb_row use_custom_gutter=&#8221;on&#8221; gutter_width=&#8221;2&#8243; make_equal=&#8221;on&#8221; _builder_version=&#8221;4.16&#8243; custom_padding=&#8221;100px||20px||false|false&#8221; global_colors_info=&#8221;{}&#8221;][et_pb_column type=&#8221;4_4&#8243; _builder_version=&#8221;4.16&#8243; global_colors_info=&#8221;{}&#8221;][et_pb_text _builder_version=&#8221;4.24.0&#8243; text_font=&#8221;Muli||||||||&#8221; text_text_color=&#8221;#5499D4&#8243; text_font_size=&#8221;16px&#8221; header_font=&#8221;Poppins|700|||||||&#8221; header_text_align=&#8221;center&#8221; header_text_color=&#8221;#ffffff&#8221; header_line_height=&#8221;1.3em&#8221; text_orientation=&#8221;center&#8221; max_width=&#8221;900px&#8221; module_alignment=&#8221;center&#8221; header_font_size_tablet=&#8221;&#8221; header_font_size_phone=&#8221;25px&#8221; header_font_size_last_edited=&#8221;on|desktop&#8221; header_line_height_tablet=&#8221;&#8221; header_line_height_phone=&#8221;1.2em&#8221; header_line_height_last_edited=&#8221;on|desktop&#8221; global_colors_info=&#8221;{}&#8221;]<\/p>\n<h1>Glamping<\/h1>\n<p>[\/et_pb_text][\/et_pb_column][\/et_pb_row][\/et_pb_section][et_pb_section fb_built=&#8221;1&#8243; custom_padding_last_edited=&#8221;on|desktop&#8221; _builder_version=&#8221;4.16&#8243; custom_padding=&#8221;20px|0px|20px|0px|false|false&#8221; custom_padding_tablet=&#8221;&#8221; custom_padding_phone=&#8221;90px||150px||false&#8221; global_colors_info=&#8221;{}&#8221;][et_pb_row column_structure=&#8221;1_2,1_2&#8243; use_custom_gutter=&#8221;on&#8221; gutter_width=&#8221;2&#8243; make_equal=&#8221;on&#8221; _builder_version=&#8221;4.16&#8243; width_tablet=&#8221;90%&#8221; width_phone=&#8221;90%&#8221; width_last_edited=&#8221;off|phone&#8221; max_width_tablet=&#8221;90%&#8221; max_width_phone=&#8221;90%&#8221; max_width_last_edited=&#8221;off|tablet&#8221; custom_padding=&#8221;15px|0px||0px|false|false&#8221; animation_direction=&#8221;bottom&#8221; global_colors_info=&#8221;{}&#8221; min_height=&#8221;1063.7px&#8221;][et_pb_column type=&#8221;1_2&#8243; _builder_version=&#8221;4.16&#8243; custom_padding=&#8221;|||&#8221; global_colors_info=&#8221;{}&#8221; custom_padding__hover=&#8221;|||&#8221;][et_pb_text _builder_version=&#8221;4.27.2&#8243; text_font=&#8221;Poppins|700|||||||&#8221; text_text_color=&#8221;#000000&#8243; text_font_size=&#8221;20px&#8221; text_line_height=&#8221;1.5em&#8221; custom_margin=&#8221;-6px|||&#8221; custom_padding=&#8221;|||&#8221; text_line_height_tablet=&#8221;&#8221; text_line_height_phone=&#8221;1.2em&#8221; text_line_height_last_edited=&#8221;on|phone&#8221; global_colors_info=&#8221;{}&#8221;]<\/p>\n<p>GLAMPING p\u00e5 MOV\u00c4NTA Camping f\u00f6r hela familjen!<\/p>\n<p>[\/et_pb_text][et_pb_button button_url=&#8221;https:\/\/app.anigma.pongosystems.com\/external-booking?propertyId=11&#8243; url_new_window=&#8221;on&#8221; button_text=&#8221;BOKA NU&#8221; button_alignment=&#8221;center&#8221; _builder_version=&#8221;4.27.2&#8243; _module_preset=&#8221;default&#8221; custom_button=&#8221;on&#8221; button_text_size=&#8221;24px&#8221; button_text_color=&#8221;#2bad1d&#8221; global_colors_info=&#8221;{}&#8221;][\/et_pb_button][et_pb_text _builder_version=&#8221;4.27.2&#8243; text_font=&#8221;Roboto|300|||||||&#8221; text_text_color=&#8221;#000000&#8243; text_font_size=&#8221;15px&#8221; text_line_height=&#8221;1.8em&#8221; custom_margin=&#8221;-6px|||&#8221; custom_padding=&#8221;|||&#8221; global_colors_info=&#8221;{}&#8221;]<\/p>\n<p><span class=\"Y2IQFc\" lang=\"sv\">GLAMPING is a great way to enhance your camping holiday. Book our GLAMPING tent and experience a modernly furnished tent and a small cabin. The forest is within reach, in the middle of nature.<\/span><\/p>\n<p class=\"tw-data-text tw-text-large tw-ta\" data-placeholder=\"\u00d6vers\u00e4ttning\" id=\"tw-target-text\" data-ved=\"2ahUKEwiXp-Lw4YGMAxWJHhAIHdsRCQ0Q3ewLegQIDRAV\" aria-label=\"\u00d6versatt text: V\u00e5rt GLAMPING-t\u00e4lt erbjuder tillr\u00e4ckligt med plats f\u00f6r upp till 3 personer och den lilla kopplade campingstugan \u00e4r l\u00e4mplig f\u00f6r en person med en s\u00e4ng. Det \u00e4r bara n\u00e5gra minuters promenad till stranden, lekplatsen, receptionen och v\u00e5r lilla butik, restaurangen etc. bort. Du kan anv\u00e4nda tr\u00e4dg\u00e5rdsm\u00f6blerna f\u00f6r avkopplande stunder och njuta av den sm\u00e5l\u00e4ndska idyllen. I den lilla stugan finns kyl, bestick, vattenkokare och porslin.\" dir=\"ltr\"><span class=\"Y2IQFc\" lang=\"sv\">Our GLAMPING tent offers enough space for up to 3 people and the small attached camping cabin is suitable for one person with a bed. It is only a few minutes walk to the beach, playground, reception and our small shop, restaurant etc. away. You can use the garden furniture for relaxing moments and enjoy the Sm\u00e5land idyll. In the small cabin there is a fridge, cutlery, kettle and crockery.<\/span><\/p>\n<p>[\/et_pb_text][et_pb_blurb use_icon=&#8221;on&#8221; font_icon=&#8221;&#x4e;||divi||400&#8243; icon_color=&#8221;#000000&#8243; icon_placement=&#8221;left&#8221; image_icon_width=&#8221;27px&#8221; content_max_width=&#8221;100%&#8221; _builder_version=&#8221;4.27.2&#8243; body_font=&#8221;Roboto|300|||||||&#8221; body_text_color=&#8221;#0c0c0b&#8221; body_font_size=&#8221;18px&#8221; body_line_height=&#8221;1.4em&#8221; custom_margin=&#8221;43px||&#8221; animation=&#8221;off&#8221; border_width_top_image=&#8221;3px&#8221; border_color_top_image=&#8221;rgba(0,0,0,0)&#8221; icon_font_size=&#8221;27px&#8221; global_colors_info=&#8221;{}&#8221;]<\/p>\n<p>Close to beach, swimming, playground, reception, restaurant, shop, shower, toilets<\/p>\n<p>[\/et_pb_blurb][et_pb_blurb use_icon=&#8221;on&#8221; font_icon=&#8221;&#x4e;||divi||400&#8243; icon_color=&#8221;#000000&#8243; icon_placement=&#8221;left&#8221; image_icon_width=&#8221;27px&#8221; content_max_width=&#8221;100%&#8221; _builder_version=&#8221;4.27.2&#8243; body_font=&#8221;Roboto|300|||||||&#8221; body_text_color=&#8221;#0c0c0b&#8221; body_font_size=&#8221;18px&#8221; body_line_height=&#8221;1.4em&#8221; custom_margin=&#8221;43px||&#8221; animation=&#8221;off&#8221; border_width_top_image=&#8221;3px&#8221; border_color_top_image=&#8221;rgba(0,0,0,0)&#8221; icon_font_size=&#8221;27px&#8221; global_colors_info=&#8221;{}&#8221;]<\/p>\n<p><span class=\"Y2IQFc\" lang=\"sv\">Child-friendly, travel cot for small children can be ordered at reception<\/span><\/p>\n<p>[\/et_pb_blurb][et_pb_blurb use_icon=&#8221;on&#8221; font_icon=&#8221;&#x4e;||divi||400&#8243; icon_color=&#8221;#000000&#8243; icon_placement=&#8221;left&#8221; image_icon_width=&#8221;27px&#8221; content_max_width=&#8221;100%&#8221; _builder_version=&#8221;4.16&#8243; body_font=&#8221;Roboto|300|||||||&#8221; body_text_color=&#8221;#0c0c0b&#8221; body_font_size=&#8221;18px&#8221; body_line_height=&#8221;1.4em&#8221; custom_margin=&#8221;43px||&#8221; animation=&#8221;off&#8221; border_width_top_image=&#8221;3px&#8221; border_color_top_image=&#8221;rgba(0,0,0,0)&#8221; icon_font_size=&#8221;27px&#8221; global_colors_info=&#8221;{}&#8221;]<\/p>\n<p>In the middle of the Sm\u00e5land idyll<\/p>\n<p>[\/et_pb_blurb][et_pb_blurb use_icon=&#8221;on&#8221; font_icon=&#8221;&#x4e;||divi||400&#8243; icon_color=&#8221;#000000&#8243; icon_placement=&#8221;left&#8221; image_icon_width=&#8221;27px&#8221; content_max_width=&#8221;100%&#8221; _builder_version=&#8221;4.27.2&#8243; body_font=&#8221;Roboto|300|||||||&#8221; body_text_color=&#8221;#0c0c0b&#8221; body_font_size=&#8221;18px&#8221; body_line_height=&#8221;1.4em&#8221; custom_margin=&#8221;43px||&#8221; animation=&#8221;off&#8221; border_width_top_image=&#8221;3px&#8221; border_color_top_image=&#8221;rgba(0,0,0,0)&#8221; icon_font_size=&#8221;27px&#8221; global_colors_info=&#8221;{}&#8221;]<\/p>\n<p>Blankets and pillows are available for all beds. Sheets and towels are provided by the guest. Sheets and towels are also available for rent at the reception.<\/p>\n<p>[\/et_pb_blurb][et_pb_gallery gallery_ids=&#8221;62731,62730,62706,62705&#8243; fullwidth=&#8221;on&#8221; _builder_version=&#8221;4.27.2&#8243; _module_preset=&#8221;default&#8221; global_colors_info=&#8221;{}&#8221;][\/et_pb_gallery][\/et_pb_column][et_pb_column type=&#8221;1_2&#8243; _builder_version=&#8221;4.16&#8243; custom_padding=&#8221;|||&#8221; global_colors_info=&#8221;{}&#8221; custom_padding__hover=&#8221;|||&#8221;][et_pb_image src=&#8221;https:\/\/movantacamping.se\/wp-content\/uploads\/2022\/10\/Glamping_3.jpg&#8221; title_text=&#8221;Glamping_3&#8243; _builder_version=&#8221;4.27.2&#8243; max_width=&#8221;80%&#8221; module_alignment=&#8221;right&#8221; border_radii=&#8221;on|1000px|1000px|1000px|1000px&#8221; always_center_on_mobile=&#8221;off&#8221; global_colors_info=&#8221;{}&#8221;][\/et_pb_image][et_pb_image src=&#8221;https:\/\/movantacamping.se\/wp-content\/uploads\/2022\/10\/Glamping_4.jpg&#8221; title_text=&#8221;Glamping_4&#8243; _builder_version=&#8221;4.27.2&#8243; max_width=&#8221;44%&#8221; module_alignment=&#8221;left&#8221; custom_margin=&#8221;-339px|||&#8221; custom_margin_tablet=&#8221;-398px|||&#8221; custom_margin_phone=&#8221;-265px||&#8221; custom_margin_last_edited=&#8221;on|tablet&#8221; custom_padding=&#8221;85px||100px||false|false&#8221; border_radii=&#8221;on|1000px|1000px|1000px|1000px&#8221; border_width_all=&#8221;9px&#8221; border_color_all=&#8221;#ffffff&#8221; always_center_on_mobile=&#8221;off&#8221; global_colors_info=&#8221;{}&#8221;][\/et_pb_image][et_pb_text _builder_version=&#8221;4.27.2&#8243; _module_preset=&#8221;default&#8221; global_colors_info=&#8221;{}&#8221;]<\/p>\n<h3><strong style=\"font-size: 14px; color: #666666;\">Low season:<\/strong><\/h3>\n<p>1 jan-14 juni \u2013 1 sept -31 dec: <span style=\"color: #0000ff;\"><strong>600 SEK \/ night<br \/><\/strong><\/span><strong>Peak season:<br \/><\/strong>15 juni \u2013 31 augusti: <span style=\"color: #0000ff;\"><strong>\u00a0850 SEK\/night<br \/><\/strong><\/span><strong>Midsommar 2026:<br \/><\/strong>18 juni \u2013 21 juni: <span style=\"color: #0000ff;\"><strong>1050 SEK\/night<\/strong><\/span><\/p>\n<p><strong>Shower<br \/><\/strong><span>5 min shower included<\/span><\/p>\n<p>The most exciting news of the summer, we have now started to get our glamping tents up! Perfect for those of you who want to try something new. Glamping is truly the best of both worlds. Everyone loves the cozy feeling of spending the night in a tent, here you get it while also experiencing the wonderful comfort of real beds and high ceilings. The freedom of glamping is unbeatable \u2013 live with nature as your closest neighbor and enjoy our beautiful environment! Our first glamping tent is rented together with a small cabin so there is plenty of space.<\/p>\n<ul>\n<li class=\"list-amenities__item list-amenities__item-list\">Boyta: 20 <span>m\u00b2<\/span><\/li>\n<li class=\"list-amenities__item list-amenities__item-list\">Beds: 4<\/li>\n<li class=\"list-amenities__item list-amenities__item-list\">Tent: 1 with 3 beds<\/li>\n<li>Room: 1 with 1 bed, refrigerator, table and armchair<\/li>\n<\/ul>\n<p><span>Glamping tents and cottages are cleaned by the guest before departure. Instructions to follow and cleaning tools are available in each cottage. In case of inadequate cleaning, an additional cost will be charged. Do you want cleaning of the glamping\/cottage? Order it when booking the glamping\/cottage. Dogs or cats are very welcome. In the glamping\/cottage we charge 50 SEK per dog\/cat per day.<\/span><\/p>\n<p>&nbsp;<\/p>\n<p>[\/et_pb_text][\/et_pb_column][\/et_pb_row][et_pb_row disabled_on=&#8221;on|on|on&#8221; _builder_version=&#8221;4.16&#8243; _module_preset=&#8221;default&#8221; disabled=&#8221;on&#8221; global_colors_info=&#8221;{}&#8221;][et_pb_column type=&#8221;4_4&#8243; _builder_version=&#8221;4.16&#8243; _module_preset=&#8221;default&#8221; global_colors_info=&#8221;{}&#8221;][et_pb_shop type=&#8221;product_category&#8221; posts_number=&#8221;25&#8243; include_categories=&#8221;49&#8243; _builder_version=&#8221;4.24.0&#8243; _module_preset=&#8221;default&#8221; global_colors_info=&#8221;{}&#8221;][\/et_pb_shop][\/et_pb_column][\/et_pb_row][\/et_pb_section]<\/p>","protected":false},"excerpt":{"rendered":"<p>GlampingGLAMPING p\u00e5 MOV\u00c4NTA Camping f\u00f6r hela familjen!GLAMPING \u00e4r ett bra s\u00e4tt att f\u00f6rgylla din campingsemester. Boka v\u00e5rt GLAMPING-t\u00e4lt och upplev ett modernt inrett t\u00e4lt och en liten stuga. Skogen ligger inom r\u00e4ckh\u00e5ll, mitt i naturen. V\u00e5rt GLAMPING-t\u00e4lt erbjuder tillr\u00e4ckligt med plats f\u00f6r upp till 3 personer och den lilla kopplade campingstugan \u00e4r l\u00e4mplig f\u00f6r en [&hellip;]<\/p>","protected":false},"author":1,"featured_media":0,"parent":0,"menu_order":0,"comment_status":"closed","ping_status":"closed","template":"","meta":{"_et_pb_use_builder":"on","_et_pb_old_content":"","_et_gb_content_width":"","footnotes":""},"class_list":["post-72167","page","type-page","status-publish","hentry"],"_links":{"self":[{"href":"https:\/\/movantacamping.se\/en_us\/wp-json\/wp\/v2\/pages\/72167"}],"collection":[{"href":"https:\/\/movantacamping.se\/en_us\/wp-json\/wp\/v2\/pages"}],"about":[{"href":"https:\/\/movantacamping.se\/en_us\/wp-json\/wp\/v2\/types\/page"}],"author":[{"embeddable":true,"href":"https:\/\/movantacamping.se\/en_us\/wp-json\/wp\/v2\/users\/1"}],"replies":[{"embeddable":true,"href":"https:\/\/movantacamping.se\/en_us\/wp-json\/wp\/v2\/comments?post=72167"}],"version-history":[{"count":22,"href":"https:\/\/movantacamping.se\/en_us\/wp-json\/wp\/v2\/pages\/72167\/revisions"}],"predecessor-version":[{"id":78836,"href":"https:\/\/movantacamping.se\/en_us\/wp-json\/wp\/v2\/pages\/72167\/revisions\/78836"}],"wp:attachment":[{"href":"https:\/\/movantacamping.se\/en_us\/wp-json\/wp\/v2\/media?parent=72167"}],"curies":[{"name":"wp","href":"https:\/\/api.w.org\/{rel}","templated":true}]}}