	
{"id":58460,"date":"2022-02-04T09:53:47","date_gmt":"2022-02-04T08:53:47","guid":{"rendered":"https:\/\/movantacamping.se\/?page_id=58460"},"modified":"2026-01-29T15:12:52","modified_gmt":"2026-01-29T14:12:52","slug":"klinten","status":"publish","type":"page","link":"https:\/\/movantacamping.se\/en_us\/klinten\/","title":{"rendered":"Klinten"},"content":{"rendered":"<p>[et_pb_section fb_built=&#8221;1&#8243; _builder_version=&#8221;4.24.0&#8243; background_image=&#8221;https:\/\/movantacamping.se\/wp-content\/uploads\/2022\/03\/Klinten_dronare.jpg&#8221; min_height=&#8221;436px&#8221; custom_margin=&#8221;||4px|||&#8221; custom_padding=&#8221;0px||171px||false|false&#8221; global_colors_info=&#8221;{}&#8221;][et_pb_row _builder_version=&#8221;4.27.2&#8243; _module_preset=&#8221;default&#8221; min_height=&#8221;68.8px&#8221; global_colors_info=&#8221;{}&#8221;][et_pb_column type=&#8221;4_4&#8243; _builder_version=&#8221;4.27.2&#8243; _module_preset=&#8221;default&#8221; global_colors_info=&#8221;{}&#8221;][et_pb_text disabled_on=&#8221;on|on|on&#8221; _builder_version=&#8221;4.27.2&#8243; _module_preset=&#8221;default&#8221; text_text_color=&#8221;#FFFFFF&#8221; header_text_color=&#8221;#FFFFFF&#8221; background_layout=&#8221;dark&#8221; custom_padding=&#8221;16px|||||&#8221; disabled=&#8221;on&#8221; global_colors_info=&#8221;{}&#8221;]<\/p>\n<h2 style=\"text-align: center;\"><strong>KLINTEN &#8211; VANDRAHEM<\/strong><\/h2>\n<p>[\/et_pb_text][et_pb_text _builder_version=&#8221;4.27.2&#8243; _module_preset=&#8221;default&#8221; text_text_color=&#8221;#FFFFFF&#8221; header_text_color=&#8221;#FFFFFF&#8221; background_layout=&#8221;dark&#8221; custom_padding=&#8221;16px|||||&#8221; global_colors_info=&#8221;{}&#8221;]<\/p>\n<h2 style=\"text-align: center;\"><strong>KLINTEN &#8211; VANDRAHEM<\/strong><\/h2>\n<p>[\/et_pb_text][\/et_pb_column][\/et_pb_row][\/et_pb_section][et_pb_section fb_built=&#8221;1&#8243; custom_padding_last_edited=&#8221;on|desktop&#8221; _builder_version=&#8221;4.16&#8243; custom_margin=&#8221;-38px|||||&#8221; custom_padding=&#8221;20px|0px|20px|0px|false|false&#8221; custom_padding_tablet=&#8221;&#8221; custom_padding_phone=&#8221;27px|0px|150px|0px|false|false&#8221; global_colors_info=&#8221;{}&#8221;][et_pb_row column_structure=&#8221;1_2,1_2&#8243; use_custom_gutter=&#8221;on&#8221; gutter_width=&#8221;2&#8243; make_equal=&#8221;on&#8221; _builder_version=&#8221;4.27.2&#8243; width_tablet=&#8221;90%&#8221; width_phone=&#8221;90%&#8221; width_last_edited=&#8221;off|phone&#8221; max_width_tablet=&#8221;90%&#8221; max_width_phone=&#8221;90%&#8221; max_width_last_edited=&#8221;off|tablet&#8221; module_alignment=&#8221;center&#8221; min_height=&#8221;2219.4px&#8221; custom_margin=&#8221;17px|126px||auto||&#8221; custom_padding=&#8221;12px|0px||0px|false|false&#8221; animation_direction=&#8221;bottom&#8221; global_colors_info=&#8221;{}&#8221;][et_pb_column type=&#8221;1_2&#8243; _builder_version=&#8221;4.16&#8243; custom_padding=&#8221;|||&#8221; global_colors_info=&#8221;{}&#8221; custom_padding__hover=&#8221;|||&#8221;][et_pb_text _builder_version=&#8221;4.16&#8243; text_font=&#8221;Poppins|700|||||||&#8221; text_text_color=&#8221;#000000&#8243; text_font_size=&#8221;20px&#8221; text_line_height=&#8221;1.5em&#8221; custom_margin=&#8221;-6px|||&#8221; custom_padding=&#8221;|||&#8221; text_line_height_tablet=&#8221;&#8221; text_line_height_phone=&#8221;1.2em&#8221; text_line_height_last_edited=&#8221;on|phone&#8221; global_colors_info=&#8221;{}&#8221;]<\/p>\n<h2 class=\"site-description\">Experience the nature reserves Klinten and Skurugata with its wonderful nature!<\/h2>\n<p>[\/et_pb_text][et_pb_text _builder_version=&#8221;4.16&#8243; _module_preset=&#8221;default&#8221; hover_enabled=&#8221;0&#8243; global_colors_info=&#8221;{}&#8221; sticky_enabled=&#8221;0&#8243;]H\u00e4r kan ni bo under flera former, \u00e4r ni ett par stycken eller en familj kan ni bo p\u00e5 <strong>Lill-Klinten<\/strong> with space for 4 people, if you are a slightly larger party, you can rent a new one <strong>Stor-Klinten <\/strong>with 6 beds and a large kitchen, should you have a large group, you can rent part of our <strong>Logement <\/strong>with 6-8 beds or why not the entire Klinten, which has 36 beds in total.<br \/>\n[\/et_pb_text][et_pb_tabs _builder_version=&#8221;4.27.2&#8243; _module_preset=&#8221;default&#8221; global_colors_info=&#8221;{}&#8221; custom_padding=&#8221;|39px||||&#8221;][et_pb_tab title=&#8221;Lill-Klinten&#8221; _builder_version=&#8221;4.27.2&#8243; _module_preset=&#8221;default&#8221; global_colors_info=&#8221;{}&#8221;]<\/p>\n<p>Own house a little to the side of the rest of the facility with its own kitchen and a Pacto foil toilet. There is fresh cold water from F\u00f6rsj\u00f6n in the tap which is included in the rent. Here you can be completely undisturbed by passers-by and enjoy the peace and find peace. The cottage has a wonderful location where you can see the lake between the trees. About 100 meters down to the usual toilets and showers that are in the converted barn.<\/p>\n<p>A natural swimming pool with a wonderful beach can be found approx. 300 meters from the cottage, where you can also bring your dog. We <span>charges 50 SEK per dog per day.<\/span><\/p>\n<p><span>PLEASE! Bed linen is not included in the price, but can be purchased, as can towel sets. Electricity costs extra. <\/span><span><\/span><span class=\"Y2IQFc\" lang=\"sv\">Paper towels and toilet paper are provided once, but you are responsible for replenishing them yourself.<\/span><\/p>\n<p><strong>This cabin is only bookable for 3 nights or more.<br \/>Call for price.<\/strong><\/p>\n\n\t\t<style type=\"text\/css\">\n\t\t\t#gallery-1 {\n\t\t\t\tmargin: auto;\n\t\t\t}\n\t\t\t#gallery-1 .gallery-item {\n\t\t\t\tfloat: left;\n\t\t\t\tmargin-top: 10px;\n\t\t\t\ttext-align: center;\n\t\t\t\twidth: 25%;\n\t\t\t}\n\t\t\t#gallery-1 img {\n\t\t\t\tborder: 2px solid #cfcfcf;\n\t\t\t}\n\t\t\t#gallery-1 .gallery-caption {\n\t\t\t\tmargin-left: 0;\n\t\t\t}\n\t\t\t\/* see gallery_shortcode() in wp-includes\/media.php *\/\n\t\t<\/style>\n\t\t<div id='gallery-1' class='gallery galleryid-58460 gallery-columns-4 gallery-size-thumbnail'><dl class='gallery-item'>\n\t\t\t<dt class='gallery-icon landscape'>\n\t\t\t\t<a href='https:\/\/movantacamping.se\/wp-content\/uploads\/2022\/03\/Lill_klinten_vardagsrum1.jpg'><img loading=\"lazy\" decoding=\"async\" width=\"150\" height=\"150\" src=\"https:\/\/movantacamping.se\/wp-content\/uploads\/2022\/03\/Lill_klinten_vardagsrum1-150x150.jpg\" class=\"attachment-thumbnail size-thumbnail\" alt=\"\" \/><\/a>\n\t\t\t<\/dt><\/dl><dl class='gallery-item'>\n\t\t\t<dt class='gallery-icon landscape'>\n\t\t\t\t<a href='https:\/\/movantacamping.se\/wp-content\/uploads\/2022\/03\/lill_klinten_kok.jpg'><img loading=\"lazy\" decoding=\"async\" width=\"150\" height=\"150\" src=\"https:\/\/movantacamping.se\/wp-content\/uploads\/2022\/03\/lill_klinten_kok-150x150.jpg\" class=\"attachment-thumbnail size-thumbnail\" alt=\"\" \/><\/a>\n\t\t\t<\/dt><\/dl><dl class='gallery-item'>\n\t\t\t<dt class='gallery-icon landscape'>\n\t\t\t\t<a href='https:\/\/movantacamping.se\/wp-content\/uploads\/2022\/03\/lill_klinten_vardagsrum_4.jpg'><img loading=\"lazy\" decoding=\"async\" width=\"150\" height=\"150\" src=\"https:\/\/movantacamping.se\/wp-content\/uploads\/2022\/03\/lill_klinten_vardagsrum_4-150x150.jpg\" class=\"attachment-thumbnail size-thumbnail\" alt=\"\" \/><\/a>\n\t\t\t<\/dt><\/dl><dl class='gallery-item'>\n\t\t\t<dt class='gallery-icon landscape'>\n\t\t\t\t<a href='https:\/\/movantacamping.se\/wp-content\/uploads\/2022\/03\/lill_klinten1.jpg'><img loading=\"lazy\" decoding=\"async\" width=\"150\" height=\"150\" src=\"https:\/\/movantacamping.se\/wp-content\/uploads\/2022\/03\/lill_klinten1-150x150.jpg\" class=\"attachment-thumbnail size-thumbnail\" alt=\"\" \/><\/a>\n\t\t\t<\/dt><\/dl><br style=\"clear: both\" \/><dl class='gallery-item'>\n\t\t\t<dt class='gallery-icon landscape'>\n\t\t\t\t<a href='https:\/\/movantacamping.se\/wp-content\/uploads\/2022\/03\/lill_klinten_vardagsrum4.jpg'><img loading=\"lazy\" decoding=\"async\" width=\"150\" height=\"150\" src=\"https:\/\/movantacamping.se\/wp-content\/uploads\/2022\/03\/lill_klinten_vardagsrum4-150x150.jpg\" class=\"attachment-thumbnail size-thumbnail\" alt=\"\" \/><\/a>\n\t\t\t<\/dt><\/dl><dl class='gallery-item'>\n\t\t\t<dt class='gallery-icon landscape'>\n\t\t\t\t<a href='https:\/\/movantacamping.se\/wp-content\/uploads\/2022\/03\/Lill_klinten_vardasrum_3.jpg'><img loading=\"lazy\" decoding=\"async\" width=\"150\" height=\"150\" src=\"https:\/\/movantacamping.se\/wp-content\/uploads\/2022\/03\/Lill_klinten_vardasrum_3-150x150.jpg\" class=\"attachment-thumbnail size-thumbnail\" alt=\"\" \/><\/a>\n\t\t\t<\/dt><\/dl><dl class='gallery-item'>\n\t\t\t<dt class='gallery-icon landscape'>\n\t\t\t\t<a href='https:\/\/movantacamping.se\/wp-content\/uploads\/2022\/03\/lill_klinten2.jpg'><img loading=\"lazy\" decoding=\"async\" width=\"150\" height=\"150\" src=\"https:\/\/movantacamping.se\/wp-content\/uploads\/2022\/03\/lill_klinten2-150x150.jpg\" class=\"attachment-thumbnail size-thumbnail\" alt=\"\" \/><\/a>\n\t\t\t<\/dt><\/dl><dl class='gallery-item'>\n\t\t\t<dt class='gallery-icon landscape'>\n\t\t\t\t<a href='https:\/\/movantacamping.se\/wp-content\/uploads\/2022\/03\/Lill_klinten_sov2.jpg'><img loading=\"lazy\" decoding=\"async\" width=\"150\" height=\"150\" src=\"https:\/\/movantacamping.se\/wp-content\/uploads\/2022\/03\/Lill_klinten_sov2-150x150.jpg\" class=\"attachment-thumbnail size-thumbnail\" alt=\"\" \/><\/a>\n\t\t\t<\/dt><\/dl><br style=\"clear: both\" \/><dl class='gallery-item'>\n\t\t\t<dt class='gallery-icon landscape'>\n\t\t\t\t<a href='https:\/\/movantacamping.se\/wp-content\/uploads\/2022\/03\/Lill_klinten_sovrum2.jpg'><img loading=\"lazy\" decoding=\"async\" width=\"150\" height=\"150\" src=\"https:\/\/movantacamping.se\/wp-content\/uploads\/2022\/03\/Lill_klinten_sovrum2-150x150.jpg\" class=\"attachment-thumbnail size-thumbnail\" alt=\"\" \/><\/a>\n\t\t\t<\/dt><\/dl>\n\t\t\t<br style='clear: both' \/>\n\t\t<\/div>\n\n<p>[\/et_pb_tab][et_pb_tab title=&#8221;Stor-Klinten&#8221; _builder_version=&#8221;4.24.0&#8243; _module_preset=&#8221;default&#8221; global_colors_info=&#8221;{}&#8221;]<\/p>\n<p>Storklinten is fabulously beautiful on the east side of F\u00f6rsj\u00f6n with a view of the lake. Here you can hear the beautiful and somewhat magical sounds of the great hornbill in the late evenings and early mornings. The house has 6 beds and a large kitchen and living room.<\/p>\n<p>A natural swimming pool with a wonderful beach can be found approx. 300 meters from the cottage, where you can also bring your dog. We <span>charges 50 SEK per dog per day.<\/span><\/p>\n<p><span>PLEASE! Bed linen is not included in the price, but can be purchased, as can towel sets. Electricity costs extra. <\/span><span><\/span><span class=\"Y2IQFc\" lang=\"sv\">Paper towels and toilet paper are provided once, but you are responsible for replenishing them yourself.<\/span><\/p>\n<p><strong>This cabin is only bookable for 3 nights or more.<br \/>Call for price.<\/strong><\/p>\n\n\t\t<style type=\"text\/css\">\n\t\t\t#gallery-2 {\n\t\t\t\tmargin: auto;\n\t\t\t}\n\t\t\t#gallery-2 .gallery-item {\n\t\t\t\tfloat: left;\n\t\t\t\tmargin-top: 10px;\n\t\t\t\ttext-align: center;\n\t\t\t\twidth: 25%;\n\t\t\t}\n\t\t\t#gallery-2 img {\n\t\t\t\tborder: 2px solid #cfcfcf;\n\t\t\t}\n\t\t\t#gallery-2 .gallery-caption {\n\t\t\t\tmargin-left: 0;\n\t\t\t}\n\t\t\t\/* see gallery_shortcode() in wp-includes\/media.php *\/\n\t\t<\/style>\n\t\t<div id='gallery-2' class='gallery galleryid-58460 gallery-columns-4 gallery-size-thumbnail'><dl class='gallery-item'>\n\t\t\t<dt class='gallery-icon landscape'>\n\t\t\t\t<a href='https:\/\/movantacamping.se\/wp-content\/uploads\/2022\/03\/Stor_klinten_exterior.jpg'><img loading=\"lazy\" decoding=\"async\" width=\"150\" height=\"150\" src=\"https:\/\/movantacamping.se\/wp-content\/uploads\/2022\/03\/Stor_klinten_exterior-150x150.jpg\" class=\"attachment-thumbnail size-thumbnail\" alt=\"\" \/><\/a>\n\t\t\t<\/dt><\/dl><dl class='gallery-item'>\n\t\t\t<dt class='gallery-icon landscape'>\n\t\t\t\t<a href='https:\/\/movantacamping.se\/wp-content\/uploads\/2022\/03\/Stor_klinten_kok.jpg'><img loading=\"lazy\" decoding=\"async\" width=\"150\" height=\"150\" src=\"https:\/\/movantacamping.se\/wp-content\/uploads\/2022\/03\/Stor_klinten_kok-150x150.jpg\" class=\"attachment-thumbnail size-thumbnail\" alt=\"\" \/><\/a>\n\t\t\t<\/dt><\/dl><dl class='gallery-item'>\n\t\t\t<dt class='gallery-icon landscape'>\n\t\t\t\t<a href='https:\/\/movantacamping.se\/wp-content\/uploads\/2022\/03\/Stor_klinten_sov2.jpg'><img loading=\"lazy\" decoding=\"async\" width=\"150\" height=\"150\" src=\"https:\/\/movantacamping.se\/wp-content\/uploads\/2022\/03\/Stor_klinten_sov2-150x150.jpg\" class=\"attachment-thumbnail size-thumbnail\" alt=\"\" \/><\/a>\n\t\t\t<\/dt><\/dl><dl class='gallery-item'>\n\t\t\t<dt class='gallery-icon landscape'>\n\t\t\t\t<a href='https:\/\/movantacamping.se\/wp-content\/uploads\/2022\/03\/Stor_klinten_utsikt.jpg'><img loading=\"lazy\" decoding=\"async\" width=\"150\" height=\"150\" src=\"https:\/\/movantacamping.se\/wp-content\/uploads\/2022\/03\/Stor_klinten_utsikt-150x150.jpg\" class=\"attachment-thumbnail size-thumbnail\" alt=\"\" \/><\/a>\n\t\t\t<\/dt><\/dl><br style=\"clear: both\" \/>\n\t\t<\/div>\n\n<p>[\/et_pb_tab][et_pb_tab title=&#8221;Logement&#8221; _builder_version=&#8221;4.24.0&#8243; _module_preset=&#8221;default&#8221; global_colors_info=&#8221;{}&#8221;]<\/p>\n<p>Most beds are in lodgings and bunk beds, but there are also double rooms for those who are extra dear :). Each accommodation has 6-8 beds.<\/p>\n<p>A natural swimming pool with a wonderful beach can be found approx. 300 meters from the cottage, where you can also bring your dog. We <span>charges 50 SEK per dog per day. <\/span><\/p>\n<p><span>PLEASE! Bed linen is not included in the price, but can be purchased, as can towel sets. Electricity costs extra. <\/span><span><\/span><span class=\"Y2IQFc\" lang=\"sv\">Paper towels and toilet paper are provided once, but you are responsible for replenishing them yourself.<\/span><\/p>\n<p>It is possible to rent the entire Lodge for larger groups, parties or corporate events. The lodge in the barn has room for about 130 people, with the possibility of dancing with an orchestra. In total, you get access to overnight accommodation for 30 people in the lodge.<strong><\/strong><\/p>\n<p><strong>This cabin is only bookable for 3 nights or more. <\/strong><strong>Call for price.<\/strong><\/p>\n\n\t\t<style type=\"text\/css\">\n\t\t\t#gallery-3 {\n\t\t\t\tmargin: auto;\n\t\t\t}\n\t\t\t#gallery-3 .gallery-item {\n\t\t\t\tfloat: left;\n\t\t\t\tmargin-top: 10px;\n\t\t\t\ttext-align: center;\n\t\t\t\twidth: 25%;\n\t\t\t}\n\t\t\t#gallery-3 img {\n\t\t\t\tborder: 2px solid #cfcfcf;\n\t\t\t}\n\t\t\t#gallery-3 .gallery-caption {\n\t\t\t\tmargin-left: 0;\n\t\t\t}\n\t\t\t\/* see gallery_shortcode() in wp-includes\/media.php *\/\n\t\t<\/style>\n\t\t<div id='gallery-3' class='gallery galleryid-58460 gallery-columns-4 gallery-size-thumbnail'><dl class='gallery-item'>\n\t\t\t<dt class='gallery-icon landscape'>\n\t\t\t\t<a href='https:\/\/movantacamping.se\/wp-content\/uploads\/2022\/03\/lada_sov1.jpg'><img loading=\"lazy\" decoding=\"async\" width=\"150\" height=\"150\" src=\"https:\/\/movantacamping.se\/wp-content\/uploads\/2022\/03\/lada_sov1-150x150.jpg\" class=\"attachment-thumbnail size-thumbnail\" alt=\"\" \/><\/a>\n\t\t\t<\/dt><\/dl><dl class='gallery-item'>\n\t\t\t<dt class='gallery-icon portrait'>\n\t\t\t\t<a href='https:\/\/movantacamping.se\/wp-content\/uploads\/2022\/03\/lada_sov2.jpg'><img loading=\"lazy\" decoding=\"async\" width=\"150\" height=\"150\" src=\"https:\/\/movantacamping.se\/wp-content\/uploads\/2022\/03\/lada_sov2-150x150.jpg\" class=\"attachment-thumbnail size-thumbnail\" alt=\"\" \/><\/a>\n\t\t\t<\/dt><\/dl><dl class='gallery-item'>\n\t\t\t<dt class='gallery-icon landscape'>\n\t\t\t\t<a href='https:\/\/movantacamping.se\/wp-content\/uploads\/2022\/03\/lada_sov3.jpg'><img loading=\"lazy\" decoding=\"async\" width=\"150\" height=\"150\" src=\"https:\/\/movantacamping.se\/wp-content\/uploads\/2022\/03\/lada_sov3-150x150.jpg\" class=\"attachment-thumbnail size-thumbnail\" alt=\"\" \/><\/a>\n\t\t\t<\/dt><\/dl>\n\t\t\t<br style='clear: both' \/>\n\t\t<\/div>\n\n<p>[\/et_pb_tab][et_pb_tab title=&#8221;Hela klinten&#8221; _builder_version=&#8221;4.24.0&#8243; _module_preset=&#8221;default&#8221; global_colors_info=&#8221;{}&#8221;]<\/p>\n<p>It is possible to rent the entire Klinten for larger groups, parties or corporate events. The lodge in the barn has room for about 130 people with the possibility of dancing with an orchestra. In total, you get access to overnight accommodation for 50 people in the main house and the lodge.<\/p>\n<p>The price for the entire facility (excluding Lill-Klinten) is inclusive of VAT for private individuals per day but plus VAT for companies.\u00a0<\/p>\n<p><span>PLEASE! Bed linen is not included in the price, but can be purchased, as can towel sets. Electricity costs extra. <\/span><span><\/span><span class=\"Y2IQFc\" lang=\"sv\">Paper towels and toilet paper are provided once, but you are responsible for replenishing them yourself.<\/span><\/p>\n<p>We offer depending on your needs and wishes.<\/p>\n<p><strong>Call for price.<br \/><\/strong><\/p>\n<p>[\/et_pb_tab][\/et_pb_tabs][\/et_pb_column][et_pb_column type=&#8221;1_2&#8243; _builder_version=&#8221;4.16&#8243; custom_padding=&#8221;|||&#8221; global_colors_info=&#8221;{}&#8221; custom_padding__hover=&#8221;|||&#8221;][et_pb_image src=&#8221;https:\/\/movantacamping.se\/wp-content\/uploads\/2022\/03\/stor_klinten.jpg&#8221; title_text=&#8221;stor_klinten&#8221; _builder_version=&#8221;4.27.2&#8243; max_width=&#8221;80%&#8221; module_alignment=&#8221;right&#8221; border_radii=&#8221;on|50px|50px|50px|50px&#8221; always_center_on_mobile=&#8221;off&#8221; global_colors_info=&#8221;{}&#8221; custom_margin=&#8221;|||2px||&#8221;][\/et_pb_image][et_pb_image src=&#8221;https:\/\/movantacamping.se\/wp-content\/uploads\/2022\/03\/grabbar_svenska_flaggan.jpg&#8221; title_text=&#8221;grabbar_svenska_flaggan&#8221; _builder_version=&#8221;4.27.2&#8243; max_width=&#8221;44%&#8221; module_alignment=&#8221;left&#8221; custom_margin=&#8221;-150px||-49px||false|false&#8221; custom_margin_tablet=&#8221;-150px||||false|false&#8221; custom_margin_phone=&#8221;-265px||&#8221; custom_margin_last_edited=&#8221;on|desktop&#8221; custom_padding=&#8221;||100px||false|false&#8221; border_radii=&#8221;on|50px|50px|50px|50px&#8221; border_width_all=&#8221;9px&#8221; border_color_all=&#8221;#ffffff&#8221; always_center_on_mobile=&#8221;off&#8221; global_colors_info=&#8221;{}&#8221;][\/et_pb_image][et_pb_text _builder_version=&#8221;4.27.2&#8243; _module_preset=&#8221;default&#8221; min_height=&#8221;70px&#8221; global_colors_info=&#8221;{}&#8221;][\/et_pb_text][et_pb_gallery gallery_ids=&#8221;69187,69184,69186,64390,64387,64385,64375,58817,58829,58820,58818,58813,58812,58811,58805,58715,58718,58809,58808,58792,58714,58712,58711,58709,58708,58706,58697&#8243; show_title_and_caption=&#8221;off&#8221; _builder_version=&#8221;4.27.2&#8243; _module_preset=&#8221;default&#8221; global_colors_info=&#8221;{}&#8221;][\/et_pb_gallery][\/et_pb_column][\/et_pb_row][et_pb_row column_structure=&#8221;1_2,1_2&#8243; _builder_version=&#8221;4.27.2&#8243; _module_preset=&#8221;default&#8221; global_colors_info=&#8221;{}&#8221;][et_pb_column type=&#8221;1_2&#8243; _builder_version=&#8221;4.27.2&#8243; _module_preset=&#8221;default&#8221; global_colors_info=&#8221;{}&#8221;][et_pb_text _builder_version=&#8221;4.27.2&#8243; _module_preset=&#8221;default&#8221; global_colors_info=&#8221;{}&#8221;]<\/p>\n<div class=\"et_pb_module et_pb_wc_description et_pb_wc_description_1_tb_body et_pb_bg_layout_light  et_pb_text_align_left\">\n<div class=\"et_pb_module_inner\">\n<h1 class=\"entry-title\">Rent the entire Klinten for parties, weddings, kickoffs, etc<\/h1>\n<p>It is possible to rent the entire Klinten for larger groups, parties or corporate events. The lodge in the barn has room for about 130 people with the possibility of dancing with an orchestra. In total, you get access to overnight accommodation for 36 people in the main house and the lodge.<\/p>\n<p>The price for the entire facility (not Lill-Klinten) is incl. VAT for individuals per day but plus VAT for companies. Electricity is extra.<\/p>\n<p>We offer depending on your needs and wishes.<\/p>\n<\/div>\n<\/div>\n<div class=\"et_pb_module et_pb_wc_price et_pb_wc_price_0_tb_body\">\n<div class=\"et_pb_module_inner\">\n<p class=\"price\"><span class=\"woocommerce-Price-amount amount\"><bdi>4,500\u00a0<span class=\"woocommerce-Price-currencySymbol\">SEK<\/span><\/bdi><\/span><span>\u00a0<\/span><small class=\"woocommerce-price-suffix\">\/ night<\/small><\/p>\n<\/div>\n<\/div>\n<p>[\/et_pb_text][\/et_pb_column][et_pb_column type=&#8221;1_2&#8243; _builder_version=&#8221;4.27.2&#8243; _module_preset=&#8221;default&#8221; global_colors_info=&#8221;{}&#8221;][et_pb_text _builder_version=&#8221;4.27.2&#8243; _module_preset=&#8221;default&#8221; global_colors_info=&#8221;{}&#8221;]<\/p>\n<div class=\"et_pb_module et_pb_wc_description et_pb_wc_description_1_tb_body et_pb_bg_layout_light  et_pb_text_align_left\">\n<div class=\"et_pb_module_inner\">\n<h1 class=\"entry-title\">Hyra lill Klinten f\u00f6r familitid i naturen<\/h1>\n<p>Eget hus lite vid sidan av resten av anl\u00e4ggningen med eget k\u00f6k och en Pacto folie toalett. Det finns 4 b\u00e4ddar och kan utrustas med extra s\u00e4ng. H\u00e4r finns friskt kallt vatten fr\u00e5n F\u00f6rsj\u00f6n i kranen som ing\u00e5r i hyran. H\u00e4r kan man vara helt ost\u00f6rd fr\u00e5n f\u00f6rbipasserande och njuta av lugnet och finna ro. Stugan har ett underbart l\u00e4ge d\u00e4r man ser sj\u00f6n mellan tr\u00e4den. Ca 100 meter ner till vanliga toaletter och duschar som finns i den ombyggda ladug\u00e5rden.<\/p>\n<p><strong>This cabin is only bookable for 3 nights or more.<\/strong><\/p>\n<p>A natural swimming pool with a wonderful beach can be found approx. 300 meters from the cottage, where you can also bring your dog. We charge your 50SEK per day and dog.<\/p>\n<\/div>\n<\/div>\n<div class=\"et_pb_module et_pb_wc_price et_pb_wc_price_0_tb_body\">\n<div class=\"et_pb_module_inner\">\n<p class=\"price\"><span class=\"woocommerce-Price-amount amount\"><bdi>680\u00a0<span class=\"woocommerce-Price-currencySymbol\">SEK<\/span><\/bdi><\/span><span>\u00a0<\/span><small class=\"woocommerce-price-suffix\">\/ night<\/small><\/p>\n<\/div>\n<\/div>\n<p>[\/et_pb_text][\/et_pb_column][\/et_pb_row][et_pb_row disabled_on=&#8221;on|on|on&#8221; _builder_version=&#8221;4.16&#8243; _module_preset=&#8221;default&#8221; disabled=&#8221;on&#8221; global_colors_info=&#8221;{}&#8221;][et_pb_column type=&#8221;4_4&#8243; _builder_version=&#8221;4.16&#8243; _module_preset=&#8221;default&#8221; global_colors_info=&#8221;{}&#8221;][et_pb_shop type=&#8221;product_category&#8221; posts_number=&#8221;20&#8243; include_categories=&#8221;47&#8243; _builder_version=&#8221;4.16&#8243; _module_preset=&#8221;default&#8221; global_colors_info=&#8221;{}&#8221;][\/et_pb_shop][\/et_pb_column][\/et_pb_row][\/et_pb_section]<\/p>","protected":false},"excerpt":{"rendered":"<p>KLINTEN &#8211; VANDRAHEMKLINTEN &#8211; VANDRAHEMUpplev Naturreservaten Klinten och Skurugata med dess underbara natur! H\u00e4r kan ni bo under flera former, \u00e4r ni ett par stycken eller en familj kan ni bo p\u00e5 Lill-Klinten med plats f\u00f6r 4 personer, \u00e4r ni ett lite st\u00f6rre s\u00e4llskap kan ny hyra Stor-Klinten med 6 b\u00e4ddar och ett stort k\u00f6k, [&hellip;]<\/p>","protected":false},"author":1,"featured_media":0,"parent":0,"menu_order":0,"comment_status":"closed","ping_status":"closed","template":"","meta":{"_et_pb_use_builder":"on","_et_pb_old_content":"","_et_gb_content_width":"","footnotes":""},"class_list":["post-58460","page","type-page","status-publish","hentry"],"_links":{"self":[{"href":"https:\/\/movantacamping.se\/en_us\/wp-json\/wp\/v2\/pages\/58460"}],"collection":[{"href":"https:\/\/movantacamping.se\/en_us\/wp-json\/wp\/v2\/pages"}],"about":[{"href":"https:\/\/movantacamping.se\/en_us\/wp-json\/wp\/v2\/types\/page"}],"author":[{"embeddable":true,"href":"https:\/\/movantacamping.se\/en_us\/wp-json\/wp\/v2\/users\/1"}],"replies":[{"embeddable":true,"href":"https:\/\/movantacamping.se\/en_us\/wp-json\/wp\/v2\/comments?post=58460"}],"version-history":[{"count":68,"href":"https:\/\/movantacamping.se\/en_us\/wp-json\/wp\/v2\/pages\/58460\/revisions"}],"predecessor-version":[{"id":78866,"href":"https:\/\/movantacamping.se\/en_us\/wp-json\/wp\/v2\/pages\/58460\/revisions\/78866"}],"wp:attachment":[{"href":"https:\/\/movantacamping.se\/en_us\/wp-json\/wp\/v2\/media?parent=58460"}],"curies":[{"name":"wp","href":"https:\/\/api.w.org\/{rel}","templated":true}]}}