	
{"id":52205,"date":"2020-03-30T19:51:49","date_gmt":"2020-03-30T17:51:49","guid":{"rendered":"https:\/\/movantacamping.se\/?page_id=52205"},"modified":"2025-11-17T15:50:59","modified_gmt":"2025-11-17T14:50:59","slug":"priser-oppettider","status":"publish","type":"page","link":"https:\/\/movantacamping.se\/en_us\/priser-oppettider\/","title":{"rendered":"Prices &amp; Opening hours"},"content":{"rendered":"<p>[et_pb_section fb_built=&#8221;1&#8243; _builder_version=&#8221;4.16&#8243; background_image=&#8221;https:\/\/movantacamping.se\/wp-content\/uploads\/2020\/03\/movanta_bakgrund.jpg&#8221; background_position=&#8221;top_center&#8221; custom_padding=&#8221;0px||60px||false|false&#8221; global_colors_info=&#8221;{}&#8221;][et_pb_row use_custom_gutter=&#8221;on&#8221; gutter_width=&#8221;2&#8243; make_equal=&#8221;on&#8221; _builder_version=&#8221;4.16&#8243; custom_padding=&#8221;100px||20px||false|false&#8221; global_colors_info=&#8221;{}&#8221;][et_pb_column type=&#8221;4_4&#8243; _builder_version=&#8221;4.16&#8243; global_colors_info=&#8221;{}&#8221;][et_pb_text _builder_version=&#8221;4.16&#8243; text_font=&#8221;Muli||||||||&#8221; text_text_color=&#8221;#5499D4&#8243; text_font_size=&#8221;16px&#8221; header_font=&#8221;Poppins|700|||||||&#8221; header_text_align=&#8221;center&#8221; header_text_color=&#8221;#ffffff&#8221; header_line_height=&#8221;1.3em&#8221; text_orientation=&#8221;center&#8221; max_width=&#8221;900px&#8221; module_alignment=&#8221;center&#8221; header_font_size_tablet=&#8221;&#8221; header_font_size_phone=&#8221;25px&#8221; header_font_size_last_edited=&#8221;on|desktop&#8221; header_line_height_tablet=&#8221;&#8221; header_line_height_phone=&#8221;1.2em&#8221; header_line_height_last_edited=&#8221;on|desktop&#8221; global_colors_info=&#8221;{}&#8221;]<\/p>\n<h1>Prices &amp; Opening hours<\/h1>\n<p>[\/et_pb_text][\/et_pb_column][\/et_pb_row][\/et_pb_section][et_pb_section fb_built=&#8221;1&#8243; make_equal=&#8221;on&#8221; use_custom_gutter=&#8221;on&#8221; specialty=&#8221;on&#8221; custom_padding_last_edited=&#8221;on|phone&#8221; bg_img_2=&#8221;https:\/\/movantacamping.se\/wp-content\/uploads\/2020\/03\/three-people-on-a-wooden-fishing-docks-988622.jpg&#8221; background_repeat_2=&#8221;no-repeat&#8221; _builder_version=&#8221;4.16&#8243; inner_width_tablet=&#8221;90%&#8221; inner_width_phone=&#8221;90%&#8221; inner_width_last_edited=&#8221;off|tablet&#8221; inner_max_width_tablet=&#8221;90%&#8221; inner_max_width_phone=&#8221;90%&#8221; inner_max_width_last_edited=&#8221;off|phone&#8221; custom_margin_tablet=&#8221;&#8221; custom_margin_phone=&#8221;|0px||0px|false|false&#8221; custom_margin_last_edited=&#8221;on|phone&#8221; custom_padding=&#8221;110px|0px|110px|0|true|false&#8221; custom_padding_tablet=&#8221;&#8221; custom_padding_phone=&#8221;70px||70px|0px|true|false&#8221; global_colors_info=&#8221;{}&#8221;][et_pb_column type=&#8221;1_2&#8243; specialty_columns=&#8221;2&#8243; _builder_version=&#8221;4.16&#8243; custom_padding=&#8221;|||&#8221; global_colors_info=&#8221;{}&#8221; custom_padding__hover=&#8221;|||&#8221;][et_pb_row_inner _builder_version=&#8221;4.16&#8243; custom_padding=&#8221;||6px|||&#8221; global_colors_info=&#8221;{}&#8221;][et_pb_column_inner saved_specialty_column_type=&#8221;1_2&#8243; _builder_version=&#8221;4.16&#8243; custom_padding=&#8221;|||&#8221; global_colors_info=&#8221;{}&#8221; custom_padding__hover=&#8221;|||&#8221;][et_pb_text _builder_version=&#8221;4.27.2&#8243; header_font=&#8221;Poppins|600|||||||&#8221; header_text_color=&#8221;#000000&#8243; header_line_height=&#8221;1.4em&#8221; custom_margin=&#8221;-23px||&#8221; custom_padding=&#8221;|||&#8221; header_font_size_tablet=&#8221;&#8221; header_font_size_phone=&#8221;25px&#8221; header_font_size_last_edited=&#8221;on|phone&#8221; global_colors_info=&#8221;{}&#8221;]<\/p>\n<div class=\"row_freeblocks\" style=\"text-align: center;\"><\/div>\n<div class=\"row_content_padding\">\n<div class=\"griditem\">\n<div id=\"columnitem_142\" class=\"column_item col-percent-50\">\n<div class=\"column_padding\">\n<div id=\"blockitem_406\" class=\"blockitem block_text\">\n<div class=\"block_body block_radius\">\n<div id=\"block_padding_406\" class=\"block_padding block_radius\">\n<div id=\"block_content_406\" class=\"block_content block_radius\">\n<div class=\"block_font_style\">\n<h2 style=\"text-align: center;\">Camping 2026<\/h2>\n<\/div>\n<\/div>\n<\/div>\n<\/div>\n<\/div>\n<\/div>\n<\/div>\n<\/div>\n<\/div>\n<p>[\/et_pb_text][et_pb_text _builder_version=&#8221;4.27.2&#8243; global_colors_info=&#8221;{}&#8221;]<\/p>\n<h3 style=\"text-align: center;\">Pricelist 2026<\/h3>\n<p>[\/et_pb_text][\/et_pb_column_inner][\/et_pb_row_inner][et_pb_row_inner _builder_version=&#8221;4.16&#8243; custom_margin=&#8221;||||false|false&#8221; custom_margin_tablet=&#8221;&#8221; custom_margin_phone=&#8221;|0px||0px|false|false&#8221; custom_margin_last_edited=&#8221;on|phone&#8221; custom_padding=&#8221;|0px||0px|false|false&#8221; global_colors_info=&#8221;{}&#8221;][et_pb_column_inner saved_specialty_column_type=&#8221;1_2&#8243; _builder_version=&#8221;4.16&#8243; global_colors_info=&#8221;{}&#8221;][et_pb_text admin_label=&#8221;Prislista&#8221; _builder_version=&#8221;4.27.2&#8243; global_colors_info=&#8221;{}&#8221;]<\/p>\n\n<table id=\"tablepress-1\" class=\"tablepress tablepress-id-1\">\n<thead>\n<tr class=\"row-1 odd\">\n\t<th class=\"column-1\"><\/th><th class=\"column-2\">Low season<\/th><th class=\"column-3\">High season:<\/th><th class=\"column-4\">Midsommar<\/th>\n<\/tr>\n<\/thead>\n<tbody class=\"row-hover\">\n<tr class=\"row-2 even\">\n\t<td class=\"column-1\">Tent site with water view<\/td><td class=\"column-2\">270 SEK<\/td><td class=\"column-3\">330 SEK<\/td><td class=\"column-4\">370 SEK<\/td>\n<\/tr>\n<tr class=\"row-3 odd\">\n\t<td class=\"column-1\">Tent site<\/td><td class=\"column-2\">230 SEK<\/td><td class=\"column-3\">290 SEK<\/td><td class=\"column-4\">370 SEK<\/td>\n<\/tr>\n<tr class=\"row-4 even\">\n\t<td class=\"column-1\">Caravan\/mobile home with water view<\/td><td class=\"column-2\">270 SEK<\/td><td class=\"column-3\">330 SEK<\/td><td class=\"column-4\">370 SEK<\/td>\n<\/tr>\n<tr class=\"row-5 odd\">\n\t<td class=\"column-1\">Caravan\/mobile home<\/td><td class=\"column-2\">230 SEK<\/td><td class=\"column-3\">290 SEK<\/td><td class=\"column-4\">370 SEK<\/td>\n<\/tr>\n<tr class=\"row-6 even\">\n\t<td class=\"column-1\">Campingstuga 2 b\u00e4ddar (9 m\u00b2) <\/td><td class=\"column-2\">360 SEK<\/td><td class=\"column-3\">465 SEK<\/td><td class=\"column-4\">490 SEK<\/td>\n<\/tr>\n<tr class=\"row-7 odd\">\n\t<td class=\"column-1\">Campimgstuga 4 b\u00e4ddar (15 m\u00b2) <\/td><td class=\"column-2\">420 SEK<\/td><td class=\"column-3\">540 SEK<\/td><td class=\"column-4\">590 SEK<\/td>\n<\/tr>\n<tr class=\"row-8 even\">\n\t<td class=\"column-1\">Sj\u00e4lvhush\u00e5llstuga 2-3 b\u00e4ddar (19 m\u00b2) <\/td><td class=\"column-2\">515 SEK<\/td><td class=\"column-3\">770 SEK<\/td><td class=\"column-4\">875 SEK<\/td>\n<\/tr>\n<tr class=\"row-9 odd\">\n\t<td class=\"column-1\">Sj\u00e4lvhush\u00e5llstuga 4 b\u00e4ddar (26 m\u00b2)<\/td><td class=\"column-2\">650 SEK<\/td><td class=\"column-3\">925 SEK<\/td><td class=\"column-4\">1030 SEK<\/td>\n<\/tr>\n<tr class=\"row-10 even\">\n\t<td class=\"column-1\">Sj\u00e4lvhush\u00e5llstuga 5 b\u00e4ddar (32 m\u00b2)<\/td><td class=\"column-2\">680 SEK<\/td><td class=\"column-3\">975 SEK<\/td><td class=\"column-4\">1080 SEK<\/td>\n<\/tr>\n<tr class=\"row-11 odd\">\n\t<td class=\"column-1\">Sj\u00e4lvhush\u00e5llstuga 6 b\u00e4ddar (40 m\u00b2)<\/td><td class=\"column-2\">950 SEK<\/td><td class=\"column-3\">1360 SEK<\/td><td class=\"column-4\">1450 SEK<\/td>\n<\/tr>\n<tr class=\"row-12 even\">\n\t<td class=\"column-1\">GLAMPING 4 b\u00e4ddar<\/td><td class=\"column-2\">600 SEK<\/td><td class=\"column-3\">850 SEK<\/td><td class=\"column-4\">1050 SEK<\/td>\n<\/tr>\n<\/tbody>\n<\/table>\n\n<p>[\/et_pb_text][et_pb_text _builder_version=&#8221;4.27.2&#8243; hover_enabled=&#8221;0&#8243; global_colors_info=&#8221;{}&#8221; sticky_enabled=&#8221;0&#8243;]<\/p>\n<h4>Optional<strong>:<\/strong><\/h4>\n<p><strong>Electric site: <\/strong>60 SEK\/night<br \/><strong>Lakan\/S\u00e4ngkl\u00e4der<\/strong>: 80 SEK\/bed<br \/><strong>Towels:<\/strong> 50 SEK\/st<\/p>\n<h4>Final cleaning:<\/h4>\n<p><strong>Stuga 9 &#8211; <span>15 m\u00b2<\/span>: <\/strong>300 SEK<strong><br \/>Stuga 19 &#8211; 32<span>\u00a0m\u00b2<\/span>: <\/strong>500 SEK<strong><br \/>Stuga 40 <span>m\u00b2<\/span>: <\/strong>700 SEK<strong><br \/><\/strong><strong>Klinten:<\/strong> 2500 SEK<\/p>\n<p><strong>Shower:<br \/><\/strong>5 min shower included<\/p>\n<p><strong>dogs and cats:<\/strong><strong><br \/><\/strong>30 SEK\/night on the campingsite<strong><br \/><\/strong>50 SEK\/night i stuga and GLAMPING<\/p>\n<p>&nbsp;<\/p>\n<p>[\/et_pb_text][et_pb_text _builder_version=&#8221;4.27.2&#8243; _module_preset=&#8221;default&#8221; global_colors_info=&#8221;{}&#8221;]<\/p>\n<p><strong>Incheckning<\/strong><br \/>After 15.00 or earlier if the place is available on arrival.<\/p>\n<p><strong>Utcheckning<\/strong><br \/>Before 11am in stuga, before 12am on the campingsite.<br \/>If check-out is later than 11:00\/12:00, an extra day will be charged according to the price list.<\/p>\n<p>During the off-season, the reception has shorter opening hours. Then agree with the reception at the booking when check-in and check-out must be done.<\/p>\n<p><strong>Booking<\/strong> a deposit of 25% must be paid upon booking.<\/p>\n<p><strong>Cancellation <\/strong>more than 30 days before the arrival date the deposit is not refundable.<br \/>Cancellation 29-5 days before arrival date will be charged a 50% cancellation fee.<br \/>Cancellation later than 5 days of arrival will be charged 100% of the amount booked.<\/p>\n<p><strong>Activities in the camping area:<\/strong><\/p>\n<ul>\n<li>Bathing<\/li>\n<li>Playground<\/li>\n<li>Rowing boats, Canoes, SUB\u00b4s<\/li>\n<li>P\u00e9tanque, Chess, Ludo<\/li>\n<li>Fishing opportunities<\/li>\n<li>Barbecue areas<\/li>\n<\/ul>\n<p>[\/et_pb_text][\/et_pb_column_inner][\/et_pb_row_inner][\/et_pb_column][et_pb_column type=&#8221;1_2&#8243; _builder_version=&#8221;4.16&#8243; custom_padding=&#8221;|||&#8221; global_colors_info=&#8221;{}&#8221; custom_padding__hover=&#8221;|||&#8221;][et_pb_image src=&#8221;https:\/\/movantacamping.se\/wp-content\/uploads\/2025\/03\/brandskydd-Camping-Karta.jpg&#8221; title_text=&#8221;brandskydd Camping Karta&#8221; _builder_version=&#8221;4.27.2&#8243; _module_preset=&#8221;default&#8221; global_colors_info=&#8221;{}&#8221;][\/et_pb_image][\/et_pb_column][\/et_pb_section]<\/p>","protected":false},"excerpt":{"rendered":"<p>Priser &amp; \u00d6ppettider Camping 2026 Prislista 2026:\n<table id=\"tablepress-1-no-2\" class=\"tablepress tablepress-id-1\">\n<thead>\n<tr class=\"row-1 odd\">\n\t<th class=\"column-1\"><\/th><th class=\"column-2\">Low season<\/th><th class=\"column-3\">High season:<\/th><th class=\"column-4\">Midsommar<\/th>\n<\/tr>\n<\/thead>\n<tbody class=\"row-hover\">\n<tr class=\"row-2 even\">\n\t<td class=\"column-1\">Tent site with water view<\/td><td class=\"column-2\">270 SEK<\/td><td class=\"column-3\">330 SEK<\/td><td class=\"column-4\">370 SEK<\/td>\n<\/tr>\n<tr class=\"row-3 odd\">\n\t<td class=\"column-1\">Tent site<\/td><td class=\"column-2\">230 SEK<\/td><td class=\"column-3\">290 SEK<\/td><td class=\"column-4\">370 SEK<\/td>\n<\/tr>\n<tr class=\"row-4 even\">\n\t<td class=\"column-1\">Caravan\/mobile home with water view<\/td><td class=\"column-2\">270 SEK<\/td><td class=\"column-3\">330 SEK<\/td><td class=\"column-4\">370 SEK<\/td>\n<\/tr>\n<tr class=\"row-5 odd\">\n\t<td class=\"column-1\">Caravan\/mobile home<\/td><td class=\"column-2\">230 SEK<\/td><td class=\"column-3\">290 SEK<\/td><td class=\"column-4\">370 SEK<\/td>\n<\/tr>\n<tr class=\"row-6 even\">\n\t<td class=\"column-1\">Campingstuga 2 b\u00e4ddar (9 m\u00b2) <\/td><td class=\"column-2\">360 SEK<\/td><td class=\"column-3\">465 SEK<\/td><td class=\"column-4\">490 SEK<\/td>\n<\/tr>\n<tr class=\"row-7 odd\">\n\t<td class=\"column-1\">Campimgstuga 4 b\u00e4ddar (15 m\u00b2) <\/td><td class=\"column-2\">420 SEK<\/td><td class=\"column-3\">540 SEK<\/td><td class=\"column-4\">590 SEK<\/td>\n<\/tr>\n<tr class=\"row-8 even\">\n\t<td class=\"column-1\">Sj\u00e4lvhush\u00e5llstuga 2-3 b\u00e4ddar (19 m\u00b2) <\/td><td class=\"column-2\">515 SEK<\/td><td class=\"column-3\">770 SEK<\/td><td class=\"column-4\">875 SEK<\/td>\n<\/tr>\n<tr class=\"row-9 odd\">\n\t<td class=\"column-1\">Sj\u00e4lvhush\u00e5llstuga 4 b\u00e4ddar (26 m\u00b2)<\/td><td class=\"column-2\">650 SEK<\/td><td class=\"column-3\">925 SEK<\/td><td class=\"column-4\">1030 SEK<\/td>\n<\/tr>\n<tr class=\"row-10 even\">\n\t<td class=\"column-1\">Sj\u00e4lvhush\u00e5llstuga 5 b\u00e4ddar (32 m\u00b2)<\/td><td class=\"column-2\">680 SEK<\/td><td class=\"column-3\">975 SEK<\/td><td class=\"column-4\">1080 SEK<\/td>\n<\/tr>\n<tr class=\"row-11 odd\">\n\t<td class=\"column-1\">Sj\u00e4lvhush\u00e5llstuga 6 b\u00e4ddar (40 m\u00b2)<\/td><td class=\"column-2\">950 SEK<\/td><td class=\"column-3\">1360 SEK<\/td><td class=\"column-4\">1450 SEK<\/td>\n<\/tr>\n<tr class=\"row-12 even\">\n\t<td class=\"column-1\">GLAMPING 4 b\u00e4ddar<\/td><td class=\"column-2\">600 SEK<\/td><td class=\"column-3\">850 SEK<\/td><td class=\"column-4\">1050 SEK<\/td>\n<\/tr>\n<\/tbody>\n<\/table>\nTillval: Elplats: 60 SEK\/nattenLakan\/S\u00e4ngkl\u00e4der: 80 SEK\/b\u00e4ddHanddukar: 50 SEK\/st Slutst\u00e4dning: Stuga 9 &#8211; 15 m\u00b2: 300 SEKStuga 19 &#8211; 32\u00a0m\u00b2: 500 SEKStuga 40 m\u00b2: 700 SEKKlinten: 2500 SEK Duschkod:5 min dusch ing\u00e5r Hund eller Katt:30 SEK\/natt p\u00e5 campingplats50 SEK\/natt i stugor och GLAMPING &nbsp;IncheckningEfter klockan 15.00 [&hellip;]<\/p>","protected":false},"author":1,"featured_media":0,"parent":0,"menu_order":0,"comment_status":"closed","ping_status":"closed","template":"","meta":{"_et_pb_use_builder":"on","_et_pb_old_content":"","_et_gb_content_width":"","footnotes":""},"class_list":["post-52205","page","type-page","status-publish","hentry"],"_links":{"self":[{"href":"https:\/\/movantacamping.se\/en_us\/wp-json\/wp\/v2\/pages\/52205"}],"collection":[{"href":"https:\/\/movantacamping.se\/en_us\/wp-json\/wp\/v2\/pages"}],"about":[{"href":"https:\/\/movantacamping.se\/en_us\/wp-json\/wp\/v2\/types\/page"}],"author":[{"embeddable":true,"href":"https:\/\/movantacamping.se\/en_us\/wp-json\/wp\/v2\/users\/1"}],"replies":[{"embeddable":true,"href":"https:\/\/movantacamping.se\/en_us\/wp-json\/wp\/v2\/comments?post=52205"}],"version-history":[{"count":104,"href":"https:\/\/movantacamping.se\/en_us\/wp-json\/wp\/v2\/pages\/52205\/revisions"}],"predecessor-version":[{"id":78810,"href":"https:\/\/movantacamping.se\/en_us\/wp-json\/wp\/v2\/pages\/52205\/revisions\/78810"}],"wp:attachment":[{"href":"https:\/\/movantacamping.se\/en_us\/wp-json\/wp\/v2\/media?parent=52205"}],"curies":[{"name":"wp","href":"https:\/\/api.w.org\/{rel}","templated":true}]}}