	
{"id":50493,"date":"2020-03-02T10:39:29","date_gmt":"2020-03-02T09:39:29","guid":{"rendered":"http:\/\/2020.movantacamping.se\/?page_id=50493"},"modified":"2024-07-17T16:36:43","modified_gmt":"2024-07-17T14:36:43","slug":"kontakta-oss","status":"publish","type":"page","link":"https:\/\/movantacamping.se\/en_us\/kontakta-oss\/","title":{"rendered":"Contact Us"},"content":{"rendered":"<p>[et_pb_section fb_built=&#8221;1&#8243; _builder_version=&#8221;4.16&#8243; background_image=&#8221;https:\/\/movantacamping.se\/wp-content\/uploads\/2020\/03\/movanta_bakgrund.jpg&#8221; custom_padding=&#8221;0px||60px||false|false&#8221; global_colors_info=&#8221;{}&#8221;][et_pb_row use_custom_gutter=&#8221;on&#8221; gutter_width=&#8221;2&#8243; make_equal=&#8221;on&#8221; _builder_version=&#8221;4.16&#8243; custom_padding=&#8221;100px||20px||false|false&#8221; global_colors_info=&#8221;{}&#8221;][et_pb_column type=&#8221;4_4&#8243; _builder_version=&#8221;4.16&#8243; global_colors_info=&#8221;{}&#8221;][et_pb_text _builder_version=&#8221;4.16&#8243; text_font=&#8221;Muli||||||||&#8221; text_text_color=&#8221;#5499D4&#8243; text_font_size=&#8221;16px&#8221; header_font=&#8221;Poppins|700|||||||&#8221; header_text_align=&#8221;center&#8221; header_text_color=&#8221;#ffffff&#8221; header_line_height=&#8221;1.3em&#8221; text_orientation=&#8221;center&#8221; max_width=&#8221;900px&#8221; module_alignment=&#8221;center&#8221; header_font_size_tablet=&#8221;&#8221; header_font_size_phone=&#8221;25px&#8221; header_font_size_last_edited=&#8221;on|desktop&#8221; header_line_height_tablet=&#8221;&#8221; header_line_height_phone=&#8221;1.2em&#8221; header_line_height_last_edited=&#8221;on|desktop&#8221; global_colors_info=&#8221;{}&#8221;]<\/p>\n<h1>Contact Us<\/h1>\n<p>[\/et_pb_text][et_pb_text _builder_version=&#8221;4.16&#8243; text_font=&#8221;Roboto|300|||||||&#8221; text_text_color=&#8221;#ffffff&#8221; text_font_size=&#8221;18px&#8221; text_line_height=&#8221;1.8em&#8221; link_font=&#8221;||||||||&#8221; header_font=&#8221;Muli|700|||||||&#8221; header_text_align=&#8221;center&#8221; header_text_color=&#8221;#297FCA&#8221; text_orientation=&#8221;center&#8221; max_width=&#8221;820px&#8221; module_alignment=&#8221;center&#8221; custom_margin=&#8221;-14px||&#8221; global_colors_info=&#8221;{}&#8221;]<\/p>\n<p>You can call and email us if you have any questions or want to book a place!<\/p>\n<p>[\/et_pb_text][\/et_pb_column][\/et_pb_row][\/et_pb_section][et_pb_section fb_built=&#8221;1&#8243; custom_padding_last_edited=&#8221;on|desktop&#8221; _builder_version=&#8221;4.16&#8243; custom_padding=&#8221;20px|0px|20px|0px|false|false&#8221; custom_padding_tablet=&#8221;&#8221; custom_padding_phone=&#8221;90px||150px||false&#8221; global_colors_info=&#8221;{}&#8221;][et_pb_row column_structure=&#8221;1_2,1_2&#8243; use_custom_gutter=&#8221;on&#8221; gutter_width=&#8221;2&#8243; make_equal=&#8221;on&#8221; _builder_version=&#8221;4.16&#8243; width_tablet=&#8221;90%&#8221; width_phone=&#8221;90%&#8221; width_last_edited=&#8221;off|phone&#8221; max_width_tablet=&#8221;90%&#8221; max_width_phone=&#8221;90%&#8221; max_width_last_edited=&#8221;off|tablet&#8221; custom_padding=&#8221;67px|0px||0px|false|false&#8221; animation_direction=&#8221;bottom&#8221; global_colors_info=&#8221;{}&#8221;][et_pb_column type=&#8221;1_2&#8243; _builder_version=&#8221;4.16&#8243; custom_padding=&#8221;|||&#8221; global_colors_info=&#8221;{}&#8221; custom_padding__hover=&#8221;|||&#8221;][et_pb_text _builder_version=&#8221;4.16&#8243; text_font=&#8221;Poppins|700|||||||&#8221; text_text_color=&#8221;#000000&#8243; text_font_size=&#8221;20px&#8221; text_line_height=&#8221;1.5em&#8221; custom_margin=&#8221;-6px|||&#8221; custom_padding=&#8221;|||&#8221; text_line_height_tablet=&#8221;&#8221; text_line_height_phone=&#8221;1.2em&#8221; text_line_height_last_edited=&#8221;on|phone&#8221; global_colors_info=&#8221;{}&#8221;]<\/p>\n<p>Find us!<\/p>\n<p>[\/et_pb_text][et_pb_text _builder_version=&#8221;4.16&#8243; text_font=&#8221;Roboto|300|||||||&#8221; text_text_color=&#8221;#000000&#8243; text_font_size=&#8221;15px&#8221; text_line_height=&#8221;1.8em&#8221; custom_margin=&#8221;-6px|||&#8221; custom_padding=&#8221;|||&#8221; global_colors_info=&#8221;{}&#8221;]<\/p>\n<p>Are you heading here or wondering where Mov\u00e4nta Camping is located?<\/p>\n<p>Lat: N 57\u00b0 39\u2018 21,60\u201c<br \/>Long: E 15\u00b0 7\u2018 20.41\u201c<\/p>\n<p>[\/et_pb_text][et_pb_blurb use_icon=&#8221;on&#8221; font_icon=&#8221;&#xe090;||divi||400&#8243; icon_color=&#8221;#000000&#8243; icon_placement=&#8221;left&#8221; image_icon_width=&#8221;27px&#8221; content_max_width=&#8221;100%&#8221; _builder_version=&#8221;4.16&#8243; body_font=&#8221;Roboto|300|||||||&#8221; body_text_color=&#8221;#0c0c0b&#8221; body_font_size=&#8221;18px&#8221; body_line_height=&#8221;1.4em&#8221; custom_margin=&#8221;43px||&#8221; animation=&#8221;off&#8221; border_width_top_image=&#8221;3px&#8221; border_color_top_image=&#8221;rgba(0,0,0,0)&#8221; icon_font_size=&#8221;27px&#8221; global_colors_info=&#8221;{}&#8221;]<\/p>\n<p>0381-300 28<\/p>\n<p>[\/et_pb_blurb][et_pb_blurb use_icon=&#8221;on&#8221; font_icon=&#8221;&#xe081;||divi||400&#8243; icon_color=&#8221;#000000&#8243; icon_placement=&#8221;left&#8221; image_icon_width=&#8221;27px&#8221; content_max_width=&#8221;100%&#8221; _builder_version=&#8221;4.16&#8243; body_font=&#8221;Roboto|300|||||||&#8221; body_text_color=&#8221;#0c0c0b&#8221; body_font_size=&#8221;18px&#8221; body_line_height=&#8221;1.4em&#8221; custom_margin=&#8221;43px||&#8221; animation=&#8221;off&#8221; border_width_top_image=&#8221;3px&#8221; border_color_top_image=&#8221;rgba(0,0,0,0)&#8221; icon_font_size=&#8221;27px&#8221; global_colors_info=&#8221;{}&#8221;]<\/p>\n<p>Badv\u00e4gen 4, 575 92 Hult<\/p>\n<p>[\/et_pb_blurb][et_pb_blurb use_icon=&#8221;on&#8221; font_icon=&#8221;&#xe076;||divi||400&#8243; icon_color=&#8221;#000000&#8243; icon_placement=&#8221;left&#8221; image_icon_width=&#8221;27px&#8221; content_max_width=&#8221;100%&#8221; _builder_version=&#8221;4.16&#8243; body_font=&#8221;Roboto|300|||||||&#8221; body_text_color=&#8221;#0c0c0b&#8221; body_font_size=&#8221;18px&#8221; body_line_height=&#8221;1.4em&#8221; custom_margin=&#8221;43px||&#8221; animation=&#8221;off&#8221; border_width_top_image=&#8221;3px&#8221; border_color_top_image=&#8221;rgba(0,0,0,0)&#8221; icon_font_size=&#8221;27px&#8221; global_colors_info=&#8221;{}&#8221;]<\/p>\n<p>info@movantacamping.se<\/p>\n<p>[\/et_pb_blurb][et_pb_contact_form use_spam_service=&#8221;on&#8221; recaptcha_list=&#8221;reCaptcha-0&#8243; email=&#8221;info@movantacamping.se&#8221; custom_message=&#8221;%%Name%%||et_pb_line_break_holder||%%Email%%||et_pb_line_break_holder||%%Telefon%%||et_pb_line_break_holder||%%Message%%&#8221; _builder_version=&#8221;4.24.0&#8243; _unique_id=&#8221;17ec2a57-2246-4ff3-861b-61cbcaeda24f&#8221; custom_padding=&#8221;25px||||false|false&#8221; global_colors_info=&#8221;{}&#8221;][et_pb_contact_field field_id=&#8221;Name&#8221; field_title=&#8221;Namn&#8221; _builder_version=&#8221;4.16&#8243; global_colors_info=&#8221;{}&#8221; button_text_size__hover_enabled=&#8221;off&#8221; button_one_text_size__hover_enabled=&#8221;off&#8221; button_two_text_size__hover_enabled=&#8221;off&#8221; button_text_color__hover_enabled=&#8221;off&#8221; button_one_text_color__hover_enabled=&#8221;off&#8221; button_two_text_color__hover_enabled=&#8221;off&#8221; button_border_width__hover_enabled=&#8221;off&#8221; button_one_border_width__hover_enabled=&#8221;off&#8221; button_two_border_width__hover_enabled=&#8221;off&#8221; button_border_color__hover_enabled=&#8221;off&#8221; button_one_border_color__hover_enabled=&#8221;off&#8221; button_two_border_color__hover_enabled=&#8221;off&#8221; button_border_radius__hover_enabled=&#8221;off&#8221; button_one_border_radius__hover_enabled=&#8221;off&#8221; button_two_border_radius__hover_enabled=&#8221;off&#8221; button_letter_spacing__hover_enabled=&#8221;off&#8221; button_one_letter_spacing__hover_enabled=&#8221;off&#8221; button_two_letter_spacing__hover_enabled=&#8221;off&#8221; button_bg_color__hover_enabled=&#8221;off&#8221; button_one_bg_color__hover_enabled=&#8221;off&#8221; button_two_bg_color__hover_enabled=&#8221;off&#8221;][\/et_pb_contact_field][et_pb_contact_field field_id=&#8221;Email&#8221; field_title=&#8221;E-postadress&#8221; field_type=&#8221;email&#8221; _builder_version=&#8221;4.16&#8243; global_colors_info=&#8221;{}&#8221; button_text_size__hover_enabled=&#8221;off&#8221; button_one_text_size__hover_enabled=&#8221;off&#8221; button_two_text_size__hover_enabled=&#8221;off&#8221; button_text_color__hover_enabled=&#8221;off&#8221; button_one_text_color__hover_enabled=&#8221;off&#8221; button_two_text_color__hover_enabled=&#8221;off&#8221; button_border_width__hover_enabled=&#8221;off&#8221; button_one_border_width__hover_enabled=&#8221;off&#8221; button_two_border_width__hover_enabled=&#8221;off&#8221; button_border_color__hover_enabled=&#8221;off&#8221; button_one_border_color__hover_enabled=&#8221;off&#8221; button_two_border_color__hover_enabled=&#8221;off&#8221; button_border_radius__hover_enabled=&#8221;off&#8221; button_one_border_radius__hover_enabled=&#8221;off&#8221; button_two_border_radius__hover_enabled=&#8221;off&#8221; button_letter_spacing__hover_enabled=&#8221;off&#8221; button_one_letter_spacing__hover_enabled=&#8221;off&#8221; button_two_letter_spacing__hover_enabled=&#8221;off&#8221; button_bg_color__hover_enabled=&#8221;off&#8221; button_one_bg_color__hover_enabled=&#8221;off&#8221; button_two_bg_color__hover_enabled=&#8221;off&#8221;][\/et_pb_contact_field][et_pb_contact_field field_id=&#8221;Telefon&#8221; field_title=&#8221;Telefon&#8221; fullwidth_field=&#8221;on&#8221; _builder_version=&#8221;4.16&#8243; global_colors_info=&#8221;{}&#8221;][\/et_pb_contact_field][et_pb_contact_field field_id=&#8221;Message&#8221; field_title=&#8221;Meddelande&#8221; field_type=&#8221;text&#8221; fullwidth_field=&#8221;on&#8221; _builder_version=&#8221;4.16&#8243; global_colors_info=&#8221;{}&#8221; button_text_size__hover_enabled=&#8221;off&#8221; button_one_text_size__hover_enabled=&#8221;off&#8221; button_two_text_size__hover_enabled=&#8221;off&#8221; button_text_color__hover_enabled=&#8221;off&#8221; button_one_text_color__hover_enabled=&#8221;off&#8221; button_two_text_color__hover_enabled=&#8221;off&#8221; button_border_width__hover_enabled=&#8221;off&#8221; button_one_border_width__hover_enabled=&#8221;off&#8221; button_two_border_width__hover_enabled=&#8221;off&#8221; button_border_color__hover_enabled=&#8221;off&#8221; button_one_border_color__hover_enabled=&#8221;off&#8221; button_two_border_color__hover_enabled=&#8221;off&#8221; button_border_radius__hover_enabled=&#8221;off&#8221; button_one_border_radius__hover_enabled=&#8221;off&#8221; button_two_border_radius__hover_enabled=&#8221;off&#8221; button_letter_spacing__hover_enabled=&#8221;off&#8221; button_one_letter_spacing__hover_enabled=&#8221;off&#8221; button_two_letter_spacing__hover_enabled=&#8221;off&#8221; button_bg_color__hover_enabled=&#8221;off&#8221; button_one_bg_color__hover_enabled=&#8221;off&#8221; button_two_bg_color__hover_enabled=&#8221;off&#8221;][\/et_pb_contact_field][\/et_pb_contact_form][\/et_pb_column][et_pb_column type=&#8221;1_2&#8243; _builder_version=&#8221;4.16&#8243; custom_padding=&#8221;|||&#8221; global_colors_info=&#8221;{}&#8221; custom_padding__hover=&#8221;|||&#8221;][et_pb_image src=&#8221;https:\/\/movantacamping.se\/wp-content\/uploads\/2020\/03\/blomma.jpg&#8221; title_text=&#8221;blomma&#8221; _builder_version=&#8221;4.24.0&#8243; max_width=&#8221;80%&#8221; module_alignment=&#8221;right&#8221; border_radii=&#8221;on|1000px|1000px|1000px|1000px&#8221; always_center_on_mobile=&#8221;off&#8221; global_colors_info=&#8221;{}&#8221;][\/et_pb_image][et_pb_image src=&#8221;https:\/\/movantacamping.se\/wp-content\/uploads\/2022\/03\/grabbar_svenska_flaggan.jpg&#8221; title_text=&#8221;grabbar_svenska_flaggan&#8221; _builder_version=&#8221;4.24.0&#8243; max_width=&#8221;44%&#8221; module_alignment=&#8221;left&#8221; custom_margin=&#8221;-339px|||&#8221; custom_margin_tablet=&#8221;-398px|||&#8221; custom_margin_phone=&#8221;-265px||&#8221; custom_margin_last_edited=&#8221;on|tablet&#8221; border_radii=&#8221;on|1000px|1000px|1000px|1000px&#8221; border_width_all=&#8221;9px&#8221; border_color_all=&#8221;#ffffff&#8221; always_center_on_mobile=&#8221;off&#8221; global_colors_info=&#8221;{}&#8221;][\/et_pb_image][et_pb_text _builder_version=&#8221;4.24.0&#8243; _module_preset=&#8221;default&#8221; hover_enabled=&#8221;0&#8243; sticky_enabled=&#8221;0&#8243;]<iframe src=\"https:\/\/www.google.com\/maps\/embed?pb=!1m18!1m12!1m3!1d2134.5598266400284!2d15.11976367760942!3d57.65596917384764!2m3!1f0!2f0!3f0!3m2!1i1024!2i768!4f13.1!3m3!1m2!1s0x4659e560bc08da05%3A0x59f14a36ebf7cf5e!2sMov%C3%A4nta%20Camping!5e0!3m2!1ssv!2sse!4v1721226952710!5m2!1ssv!2sse\" width=\"100%\" height=\"450\" style=\"border:0;\" allowfullscreen=\"\" loading=\"lazy\" referrerpolicy=\"no-referrer-when-downgrade\"><\/iframe>[\/et_pb_text][\/et_pb_column][\/et_pb_row][\/et_pb_section]<\/p>","protected":false},"excerpt":{"rendered":"<p>Kontakta ossDu kan ringa och skicka e-post till oss om du har n\u00e5gra fr\u00e5gor eller vill boka en plats!Hitta till oss!\u200b\u00c4r du p\u00e5 v\u00e4g hit eller undrar var Mov\u00e4nta Camping ligger? Lat: N 57\u00b0 39\u2018 21,60\u201cLong: E 15\u00b0 7\u2018 20.41\u201c0381-300 28Badv\u00e4gen 4, 575 92 Hultinfo@movantacamping.se<\/p>","protected":false},"author":1,"featured_media":0,"parent":0,"menu_order":0,"comment_status":"closed","ping_status":"closed","template":"","meta":{"_et_pb_use_builder":"on","_et_pb_old_content":"","_et_gb_content_width":"","footnotes":""},"class_list":["post-50493","page","type-page","status-publish","hentry"],"_links":{"self":[{"href":"https:\/\/movantacamping.se\/en_us\/wp-json\/wp\/v2\/pages\/50493"}],"collection":[{"href":"https:\/\/movantacamping.se\/en_us\/wp-json\/wp\/v2\/pages"}],"about":[{"href":"https:\/\/movantacamping.se\/en_us\/wp-json\/wp\/v2\/types\/page"}],"author":[{"embeddable":true,"href":"https:\/\/movantacamping.se\/en_us\/wp-json\/wp\/v2\/users\/1"}],"replies":[{"embeddable":true,"href":"https:\/\/movantacamping.se\/en_us\/wp-json\/wp\/v2\/comments?post=50493"}],"version-history":[{"count":17,"href":"https:\/\/movantacamping.se\/en_us\/wp-json\/wp\/v2\/pages\/50493\/revisions"}],"predecessor-version":[{"id":69976,"href":"https:\/\/movantacamping.se\/en_us\/wp-json\/wp\/v2\/pages\/50493\/revisions\/69976"}],"wp:attachment":[{"href":"https:\/\/movantacamping.se\/en_us\/wp-json\/wp\/v2\/media?parent=50493"}],"curies":[{"name":"wp","href":"https:\/\/api.w.org\/{rel}","templated":true}]}}