	
{"id":50234,"date":"2020-02-25T12:03:56","date_gmt":"2020-02-25T11:03:56","guid":{"rendered":"http:\/\/2020.movantacamping.se\/?page_id=50234"},"modified":"2026-01-14T13:58:24","modified_gmt":"2026-01-14T12:58:24","slug":"campingstugor","status":"publish","type":"page","link":"https:\/\/movantacamping.se\/en_us\/campingstugor\/","title":{"rendered":"Cabins"},"content":{"rendered":"<p>[et_pb_section fb_built=&#8221;1&#8243; _builder_version=&#8221;4.16&#8243; background_image=&#8221;https:\/\/movantacamping.se\/wp-content\/uploads\/2020\/03\/movanta_bakgrund.jpg&#8221; background_position=&#8221;top_center&#8221; custom_padding=&#8221;0px||60px||false|false&#8221; global_colors_info=&#8221;{}&#8221;][et_pb_row use_custom_gutter=&#8221;on&#8221; gutter_width=&#8221;2&#8243; make_equal=&#8221;on&#8221; _builder_version=&#8221;4.16&#8243; custom_padding=&#8221;100px||20px||false|false&#8221; global_colors_info=&#8221;{}&#8221;][et_pb_column type=&#8221;4_4&#8243; _builder_version=&#8221;4.16&#8243; global_colors_info=&#8221;{}&#8221;][et_pb_text _builder_version=&#8221;4.27.2&#8243; text_font=&#8221;Muli||||||||&#8221; text_text_color=&#8221;#5499D4&#8243; text_font_size=&#8221;16px&#8221; header_font=&#8221;Poppins|700|||||||&#8221; header_text_align=&#8221;center&#8221; header_text_color=&#8221;#ffffff&#8221; header_line_height=&#8221;1.3em&#8221; text_orientation=&#8221;center&#8221; max_width=&#8221;900px&#8221; module_alignment=&#8221;center&#8221; header_font_size_tablet=&#8221;&#8221; header_font_size_phone=&#8221;25px&#8221; header_font_size_last_edited=&#8221;on|desktop&#8221; header_line_height_tablet=&#8221;&#8221; header_line_height_phone=&#8221;1.2em&#8221; header_line_height_last_edited=&#8221;on|desktop&#8221; global_colors_info=&#8221;{}&#8221;]<\/p>\n<h1>Cabins<\/h1>\n<p>[\/et_pb_text][\/et_pb_column][\/et_pb_row][\/et_pb_section][et_pb_section fb_built=&#8221;1&#8243; custom_padding_last_edited=&#8221;on|desktop&#8221; _builder_version=&#8221;4.16&#8243; custom_padding=&#8221;20px|0px|20px|0px|false|false&#8221; custom_padding_tablet=&#8221;&#8221; custom_padding_phone=&#8221;90px||150px||false&#8221; global_colors_info=&#8221;{}&#8221;][et_pb_row column_structure=&#8221;1_2,1_2&#8243; use_custom_gutter=&#8221;on&#8221; gutter_width=&#8221;2&#8243; make_equal=&#8221;on&#8221; _builder_version=&#8221;4.16&#8243; width_tablet=&#8221;90%&#8221; width_phone=&#8221;90%&#8221; width_last_edited=&#8221;off|phone&#8221; max_width_tablet=&#8221;90%&#8221; max_width_phone=&#8221;90%&#8221; max_width_last_edited=&#8221;off|tablet&#8221; custom_padding=&#8221;11px|0px||0px|false|false&#8221; animation_direction=&#8221;bottom&#8221; global_colors_info=&#8221;{}&#8221;][et_pb_column type=&#8221;1_2&#8243; _builder_version=&#8221;4.16&#8243; custom_padding=&#8221;|||&#8221; global_colors_info=&#8221;{}&#8221; custom_padding__hover=&#8221;|||&#8221;][et_pb_text _builder_version=&#8221;4.27.2&#8243; text_font=&#8221;Poppins|700|||||||&#8221; text_text_color=&#8221;#000000&#8243; text_font_size=&#8221;20px&#8221; text_line_height=&#8221;1.5em&#8221; custom_margin=&#8221;-6px|||&#8221; custom_padding=&#8221;||5px|||&#8221; text_line_height_tablet=&#8221;&#8221; text_line_height_phone=&#8221;1.2em&#8221; text_line_height_last_edited=&#8221;on|phone&#8221; global_colors_info=&#8221;{}&#8221;]<\/p>\n<h3 style=\"text-align: center;\"><strong>Camping for the whole family<\/strong><\/h3>\n<p>[\/et_pb_text][et_pb_button button_url=&#8221;https:\/\/app.anigma.pongosystems.com\/external-booking?propertyId=11&#8243; url_new_window=&#8221;on&#8221; button_text=&#8221;BOKA NU&#8221; button_alignment=&#8221;center&#8221; _builder_version=&#8221;4.27.2&#8243; _module_preset=&#8221;default&#8221; custom_button=&#8221;on&#8221; button_text_size=&#8221;24px&#8221; button_text_color=&#8221;#3da31b&#8221; global_colors_info=&#8221;{}&#8221;][\/et_pb_button][et_pb_text disabled_on=&#8221;on|on|on&#8221; _builder_version=&#8221;4.27.2&#8243; text_font=&#8221;Roboto|300|||||||&#8221; text_text_color=&#8221;#000000&#8243; text_font_size=&#8221;15px&#8221; text_line_height=&#8221;1.8em&#8221; custom_margin=&#8221;-6px|||&#8221; custom_padding=&#8221;|||&#8221; disabled=&#8221;on&#8221; global_colors_info=&#8221;{}&#8221;]<\/p>\n<p>Are you looking to rent a camping holiday home in Sm\u00e5land, holidays with several families or just two of you? With us there is the opportunity to choose a cottage according to the space you need: large, small or mid-sized, with self catering or not. <strong><span class=\"kc-highlight kc-highlight--brand-1 kc-highlight--special-font kc-highlight--sm-type\">Hos oss p\u00e5 MOV\u00c4NTA Camping finns 13 stugor och 3 stugtyper att v\u00e4lja p\u00e5.<\/span><\/strong><\/p>\n<p>Our largest self-catering cabins have plenty of room for up to 6 people and the other camping cabins are adapted for 2-4 people. All are within walking distance to the beach, playgrounds, reception &amp; shop, dining, etc. All have their own balcony with outdoor furniture where you can sit and enjoy the Sm\u00e5land idyll.<\/p>\n<p>[\/et_pb_text][et_pb_blurb use_icon=&#8221;on&#8221; font_icon=&#8221;&#x4e;||divi||400&#8243; icon_color=&#8221;#000000&#8243; icon_placement=&#8221;left&#8221; image_icon_width=&#8221;27px&#8221; content_max_width=&#8221;100%&#8221; _builder_version=&#8221;4.27.2&#8243; body_font=&#8221;Roboto|300|||||||&#8221; body_text_color=&#8221;#0c0c0b&#8221; body_font_size=&#8221;18px&#8221; body_line_height=&#8221;1.4em&#8221; custom_margin=&#8221;43px||&#8221; animation=&#8221;off&#8221; border_width_top_image=&#8221;3px&#8221; border_color_top_image=&#8221;rgba(0,0,0,0)&#8221; icon_font_size=&#8221;27px&#8221; global_colors_info=&#8221;{}&#8221;]<\/p>\n<p><span>Close to beach, swimming, playground, reception, restaurant, shop, shower, toilets<\/span><\/p>\n<p>[\/et_pb_blurb][et_pb_blurb use_icon=&#8221;on&#8221; font_icon=&#8221;&#x4e;||divi||400&#8243; icon_color=&#8221;#000000&#8243; icon_placement=&#8221;left&#8221; image_icon_width=&#8221;27px&#8221; content_max_width=&#8221;100%&#8221; _builder_version=&#8221;4.27.2&#8243; body_font=&#8221;Roboto|300|||||||&#8221; body_text_color=&#8221;#0c0c0b&#8221; body_font_size=&#8221;18px&#8221; body_line_height=&#8221;1.4em&#8221; custom_margin=&#8221;43px||&#8221; animation=&#8221;off&#8221; border_width_top_image=&#8221;3px&#8221; border_color_top_image=&#8221;rgba(0,0,0,0)&#8221; icon_font_size=&#8221;27px&#8221; global_colors_info=&#8221;{}&#8221;]<\/p>\n<p>A small dining table with associated chairs.<\/p>\n<p>[\/et_pb_blurb][et_pb_blurb use_icon=&#8221;on&#8221; font_icon=&#8221;&#x4e;||divi||400&#8243; icon_color=&#8221;#000000&#8243; icon_placement=&#8221;left&#8221; image_icon_width=&#8221;27px&#8221; content_max_width=&#8221;100%&#8221; _builder_version=&#8221;4.27.2&#8243; body_font=&#8221;Roboto|300|||||||&#8221; body_text_color=&#8221;#0c0c0b&#8221; body_font_size=&#8221;18px&#8221; body_line_height=&#8221;1.4em&#8221; custom_margin=&#8221;43px||&#8221; animation=&#8221;off&#8221; border_width_top_image=&#8221;3px&#8221; border_color_top_image=&#8221;rgba(0,0,0,0)&#8221; icon_font_size=&#8221;27px&#8221; global_colors_info=&#8221;{}&#8221;]<\/p>\n<p class=\"tw-data-text tw-text-large tw-ta\" data-placeholder=\"\u00d6vers\u00e4ttning\" id=\"tw-target-text\" data-ved=\"2ahUKEwiXp-Lw4YGMAxWJHhAIHdsRCQ0Q3ewLegQIDRAV\" aria-label=\"\u00d6versatt text: En reses\u00e4ng f\u00f6r barn kan best\u00e4llas i receptionen\" dir=\"ltr\"><span class=\"Y2IQFc\" lang=\"sv\">A bed for children can be ordered at reception.<\/span><\/p>\n<p>[\/et_pb_blurb][et_pb_blurb use_icon=&#8221;on&#8221; font_icon=&#8221;&#x4e;||divi||400&#8243; icon_color=&#8221;#000000&#8243; icon_placement=&#8221;left&#8221; image_icon_width=&#8221;27px&#8221; content_max_width=&#8221;100%&#8221; _builder_version=&#8221;4.27.2&#8243; body_font=&#8221;Roboto|300|||||||&#8221; body_text_color=&#8221;#0c0c0b&#8221; body_font_size=&#8221;18px&#8221; body_line_height=&#8221;1.4em&#8221; custom_margin=&#8221;43px||&#8221; animation=&#8221;off&#8221; border_width_top_image=&#8221;3px&#8221; border_color_top_image=&#8221;rgba(0,0,0,0)&#8221; icon_font_size=&#8221;27px&#8221; global_colors_info=&#8221;{}&#8221;]<\/p>\n<p class=\"tw-data-text tw-text-large tw-ta\" data-placeholder=\"\u00d6vers\u00e4ttning\" id=\"tw-target-text\" data-ved=\"2ahUKEwiXp-Lw4YGMAxWJHhAIHdsRCQ0Q3ewLegQIDRAV\" aria-label=\"\u00d6versatt text: En reses\u00e4ng f\u00f6r barn kan best\u00e4llas i receptionen\" dir=\"ltr\"><span class=\"Y2IQFc\" lang=\"sv\">A simple set of various household utensils, such as plates, glasses, cutlery and some cooking utensils<\/span><\/p>\n<p>[\/et_pb_blurb][et_pb_blurb use_icon=&#8221;on&#8221; font_icon=&#8221;&#x4e;||divi||400&#8243; icon_color=&#8221;#000000&#8243; icon_placement=&#8221;left&#8221; image_icon_width=&#8221;27px&#8221; content_max_width=&#8221;100%&#8221; _builder_version=&#8221;4.27.2&#8243; body_font=&#8221;Roboto|300|||||||&#8221; body_text_color=&#8221;#0c0c0b&#8221; body_font_size=&#8221;18px&#8221; body_line_height=&#8221;1.4em&#8221; custom_margin=&#8221;43px||&#8221; animation=&#8221;off&#8221; border_width_top_image=&#8221;3px&#8221; border_color_top_image=&#8221;rgba(0,0,0,0)&#8221; icon_font_size=&#8221;27px&#8221; global_colors_info=&#8221;{}&#8221;]<\/p>\n<p class=\"tw-data-text tw-text-large tw-ta\" data-placeholder=\"\u00d6vers\u00e4ttning\" data-ved=\"2ahUKEwiXp-Lw4YGMAxWJHhAIHdsRCQ0Q3ewLegQIDRAV\" aria-label=\"\u00d6versatt text: En reses\u00e4ng f\u00f6r barn kan best\u00e4llas i receptionen\" dir=\"ltr\">Refrigerator, hob, coffee maker and kettle.<\/p>\n<p>[\/et_pb_blurb][et_pb_blurb use_icon=&#8221;on&#8221; font_icon=&#8221;&#x4e;||divi||400&#8243; icon_color=&#8221;#000000&#8243; icon_placement=&#8221;left&#8221; image_icon_width=&#8221;27px&#8221; content_max_width=&#8221;100%&#8221; _builder_version=&#8221;4.27.2&#8243; body_font=&#8221;Roboto|300|||||||&#8221; body_text_color=&#8221;#0c0c0b&#8221; body_font_size=&#8221;18px&#8221; body_line_height=&#8221;1.4em&#8221; custom_margin=&#8221;43px||&#8221; animation=&#8221;off&#8221; border_width_top_image=&#8221;3px&#8221; border_color_top_image=&#8221;rgba(0,0,0,0)&#8221; icon_font_size=&#8221;27px&#8221; global_colors_info=&#8221;{}&#8221;]<\/p>\n<p class=\"tw-data-text tw-text-large tw-ta\" data-placeholder=\"\u00d6vers\u00e4ttning\" data-ved=\"2ahUKEwiXp-Lw4YGMAxWJHhAIHdsRCQ0Q3ewLegQIDRAV\" aria-label=\"\u00d6versatt text: En reses\u00e4ng f\u00f6r barn kan best\u00e4llas i receptionen\" dir=\"ltr\">Drinking water is available at the campsite.<\/p>\n<p>[\/et_pb_blurb][et_pb_blurb use_icon=&#8221;on&#8221; font_icon=&#8221;&#x4e;||divi||400&#8243; icon_color=&#8221;#000000&#8243; icon_placement=&#8221;left&#8221; image_icon_width=&#8221;27px&#8221; content_max_width=&#8221;100%&#8221; _builder_version=&#8221;4.16&#8243; body_font=&#8221;Roboto|300|||||||&#8221; body_text_color=&#8221;#0c0c0b&#8221; body_font_size=&#8221;18px&#8221; body_line_height=&#8221;1.4em&#8221; custom_margin=&#8221;43px||&#8221; animation=&#8221;off&#8221; border_width_top_image=&#8221;3px&#8221; border_color_top_image=&#8221;rgba(0,0,0,0)&#8221; icon_font_size=&#8221;27px&#8221; global_colors_info=&#8221;{}&#8221;]<\/p>\n<p>In the middle of the Sm\u00e5land idyll<\/p>\n<p>[\/et_pb_blurb][et_pb_blurb use_icon=&#8221;on&#8221; font_icon=&#8221;&#x4e;||divi||400&#8243; icon_color=&#8221;#000000&#8243; icon_placement=&#8221;left&#8221; image_icon_width=&#8221;27px&#8221; content_max_width=&#8221;100%&#8221; _builder_version=&#8221;4.27.2&#8243; body_font=&#8221;Roboto|300|||||||&#8221; body_text_color=&#8221;#0c0c0b&#8221; body_font_size=&#8221;18px&#8221; body_line_height=&#8221;1.4em&#8221; custom_margin=&#8221;43px||&#8221; animation=&#8221;off&#8221; border_width_top_image=&#8221;3px&#8221; border_color_top_image=&#8221;rgba(0,0,0,0)&#8221; icon_font_size=&#8221;27px&#8221; global_colors_info=&#8221;{}&#8221;]<\/p>\n<p class=\"tw-data-text tw-text-large tw-ta\" data-placeholder=\"\u00d6vers\u00e4ttning\" id=\"tw-target-text\" data-ved=\"2ahUKEwiXp-Lw4YGMAxWJHhAIHdsRCQ0Q3ewLegQIDRAV\" aria-label=\"\u00d6versatt text: Filtar och kuddar finns till alla s\u00e4ngar. S\u00e4ngkl\u00e4der och handdukar kan l\u00e5nas i receptionen. Priset f\u00f6r hyra av linne debiteras extra.\" dir=\"ltr\"><span class=\"Y2IQFc\" lang=\"sv\">Blankets and pillows are provided for all beds. Bed linen and towels can be borrowed from reception. Linen rental is charged extra.<\/span><\/p>\n<p>[\/et_pb_blurb][\/et_pb_column][et_pb_column type=&#8221;1_2&#8243; _builder_version=&#8221;4.16&#8243; custom_padding=&#8221;|||&#8221; global_colors_info=&#8221;{}&#8221; custom_padding__hover=&#8221;|||&#8221;][et_pb_image src=&#8221;https:\/\/movantacamping.se\/wp-content\/uploads\/2024\/07\/thumbnail_20240703_195252_resized.jpg&#8221; title_text=&#8221;thumbnail_20240703_195252_resized&#8221; _builder_version=&#8221;4.24.0&#8243; max_width=&#8221;80%&#8221; module_alignment=&#8221;right&#8221; border_radii=&#8221;on|1000px|1000px|1000px|1000px&#8221; always_center_on_mobile=&#8221;off&#8221; global_colors_info=&#8221;{}&#8221;][\/et_pb_image][et_pb_image src=&#8221;https:\/\/movantacamping.se\/wp-content\/uploads\/2024\/07\/thumbnail_20240703_195821_resized.jpg&#8221; title_text=&#8221;thumbnail_20240703_195821_resized&#8221; _builder_version=&#8221;4.24.0&#8243; max_width=&#8221;44%&#8221; module_alignment=&#8221;left&#8221; custom_margin=&#8221;-339px|||&#8221; custom_margin_tablet=&#8221;-398px|||&#8221; custom_margin_phone=&#8221;-265px||&#8221; custom_margin_last_edited=&#8221;on|tablet&#8221; custom_padding=&#8221;||100px||false|false&#8221; border_radii=&#8221;on|1000px|1000px|1000px|1000px&#8221; border_width_all=&#8221;9px&#8221; border_color_all=&#8221;#ffffff&#8221; always_center_on_mobile=&#8221;off&#8221; global_colors_info=&#8221;{}&#8221;][\/et_pb_image][\/et_pb_column][\/et_pb_row][et_pb_row column_structure=&#8221;1_2,1_2&#8243; _builder_version=&#8221;4.27.2&#8243; _module_preset=&#8221;default&#8221; global_colors_info=&#8221;{}&#8221;][et_pb_column type=&#8221;1_2&#8243; _builder_version=&#8221;4.27.2&#8243; _module_preset=&#8221;default&#8221; global_colors_info=&#8221;{}&#8221;][et_pb_text _builder_version=&#8221;4.27.2&#8243; _module_preset=&#8221;default&#8221; global_colors_info=&#8221;{}&#8221;]<\/p>\n<h3><strong>Cabins<\/strong><\/h3>\n<h3><strong>2 beds, 9<span>\u00a0<\/span><span>m\u00b2<\/span><\/strong><\/h3>\n<p><strong>Low season:<br \/><\/strong>1 jan-14 juni \u2013 1 sept -31 dec:<span>\u00a0<\/span><span><strong>360 SEK \/night<br \/><\/strong><\/span><strong>Peak season:<br \/><\/strong>15 juni \u2013 31 augusti:<span>\u00a0<\/span><span><strong>465 SEK \/night<br \/><\/strong><\/span><strong>Midsommar 2026:<br \/><\/strong>18 juni \u2013 21 juni:<span>\u00a0<\/span><span><strong>490 SEK \/night<\/strong><\/span><\/p>\n<ul>\n<li>Bunk bed or two beds. Duvets and pillows are provided. Sheets are to be brought by the guest, but are also available for rent at reception.<\/li>\n<li>About 50-75 meters to the nearest service building.<\/li>\n<\/ul>\n<p>[\/et_pb_text][\/et_pb_column][et_pb_column type=&#8221;1_2&#8243; _builder_version=&#8221;4.27.2&#8243; _module_preset=&#8221;default&#8221; global_colors_info=&#8221;{}&#8221;][et_pb_text _builder_version=&#8221;4.27.2&#8243; _module_preset=&#8221;default&#8221; global_colors_info=&#8221;{}&#8221;]<\/p>\n<h3><strong>Cabins<\/strong><\/h3>\n<h3><strong>4 beds, 15<span>\u00a0<\/span><span>m\u00b2<\/span><\/strong><\/h3>\n<p><strong>Low season:<br \/><\/strong>1 jan-14 juni \u2013 1 sept -31 dec:<span>\u00a0<\/span><span><strong>420 SEK \/night<br \/><\/strong><\/span><strong>Peak season:<br \/><\/strong>15 juni \u2013 31 augusti:<span>\u00a0<\/span><span><strong>540 SEK \/night<br \/><\/strong><\/span><strong>Midsommar 2026:<br \/><\/strong>18 juni \u2013 21 juni:<span>\u00a0<\/span><span><strong>590 SEK \/night<\/strong><\/span><\/p>\n<ul>\n<li>Two bunk beds or a double bed, four beds in total. Duvets and pillows are provided. Sheets are to be brought by the guest, but are also available for rent at reception.<\/li>\n<li>Porch with outdoor furniture.<\/li>\n<li>About 50-70 meters to the nearest service building.<\/li>\n<\/ul>\n<p>[\/et_pb_text][\/et_pb_column][\/et_pb_row][et_pb_row _builder_version=&#8221;4.27.2&#8243; _module_preset=&#8221;default&#8221; global_colors_info=&#8221;{}&#8221;][et_pb_column type=&#8221;4_4&#8243; _builder_version=&#8221;4.27.2&#8243; _module_preset=&#8221;default&#8221; global_colors_info=&#8221;{}&#8221;][et_pb_gallery gallery_ids=&#8221;69460,69459,69478,69477,69476,69464,69458,69463,69462,69152,69151,69150,69149,69148,69147,69146&#8243; posts_number=&#8221;8&#8243; show_title_and_caption=&#8221;off&#8221; _builder_version=&#8221;4.27.2&#8243; _module_preset=&#8221;default&#8221; global_colors_info=&#8221;{}&#8221;][\/et_pb_gallery][\/et_pb_column][\/et_pb_row][et_pb_row disabled_on=&#8221;on|on|on&#8221; _builder_version=&#8221;4.16&#8243; _module_preset=&#8221;default&#8221; disabled=&#8221;on&#8221; global_colors_info=&#8221;{}&#8221;][et_pb_column type=&#8221;4_4&#8243; _builder_version=&#8221;4.16&#8243; _module_preset=&#8221;default&#8221; global_colors_info=&#8221;{}&#8221;][et_pb_shop type=&#8221;product_category&#8221; posts_number=&#8221;25&#8243; include_categories=&#8221;18&#8243; _builder_version=&#8221;4.27.2&#8243; _module_preset=&#8221;default&#8221; global_colors_info=&#8221;{}&#8221;][\/et_pb_shop][\/et_pb_column][\/et_pb_row][\/et_pb_section]<\/p>","protected":false},"excerpt":{"rendered":"<p>CampingstugorStugor p\u00e5 MOV\u00c4NTA Camping f\u00f6r hela familjen!Letar ni efter att hyra campingstuga i Sm\u00e5land, semester med flera familjer eller bara ni tv\u00e5? Hos oss finns m\u00f6jlighet att v\u00e4lja stuga efter det utrymme ni beh\u00f6ver: stor, liten eller mittemellan, med sj\u00e4lvhush\u00e5ll eller inte. Hos oss p\u00e5 MOV\u00c4NTA Camping finns 13 stugor och 3 stugtyper att v\u00e4lja [&hellip;]<\/p>","protected":false},"author":1,"featured_media":0,"parent":0,"menu_order":0,"comment_status":"closed","ping_status":"closed","template":"","meta":{"_et_pb_use_builder":"on","_et_pb_old_content":"","_et_gb_content_width":"","footnotes":""},"class_list":["post-50234","page","type-page","status-publish","hentry"],"_links":{"self":[{"href":"https:\/\/movantacamping.se\/en_us\/wp-json\/wp\/v2\/pages\/50234"}],"collection":[{"href":"https:\/\/movantacamping.se\/en_us\/wp-json\/wp\/v2\/pages"}],"about":[{"href":"https:\/\/movantacamping.se\/en_us\/wp-json\/wp\/v2\/types\/page"}],"author":[{"embeddable":true,"href":"https:\/\/movantacamping.se\/en_us\/wp-json\/wp\/v2\/users\/1"}],"replies":[{"embeddable":true,"href":"https:\/\/movantacamping.se\/en_us\/wp-json\/wp\/v2\/comments?post=50234"}],"version-history":[{"count":61,"href":"https:\/\/movantacamping.se\/en_us\/wp-json\/wp\/v2\/pages\/50234\/revisions"}],"predecessor-version":[{"id":78853,"href":"https:\/\/movantacamping.se\/en_us\/wp-json\/wp\/v2\/pages\/50234\/revisions\/78853"}],"wp:attachment":[{"href":"https:\/\/movantacamping.se\/en_us\/wp-json\/wp\/v2\/media?parent=50234"}],"curies":[{"name":"wp","href":"https:\/\/api.w.org\/{rel}","templated":true}]}}