	
{"id":58549,"date":"2022-02-04T10:59:11","date_gmt":"2022-02-04T09:59:11","guid":{"rendered":"https:\/\/movantacamping.se\/?post_type=product&#038;p=58549"},"modified":"2024-10-10T14:39:37","modified_gmt":"2024-10-10T12:39:37","slug":"lill-klinten","status":"publish","type":"product","link":"https:\/\/movantacamping.se\/de_de\/produkt\/lill-klinten\/","title":{"rendered":"Lill-Klinten"},"content":{"rendered":"<p>Eget hus lite vid sidan av resten av anl\u00e4ggningen med eget k\u00f6k och en Pacto folie toalett. Det finns 4 b\u00e4ddar och kan utrustas med extra s\u00e4ng. H\u00e4r finns friskt kallt vatten fr\u00e5n F\u00f6rsj\u00f6n i kranen som ing\u00e5r i hyran. H\u00e4r kan man vara helt ost\u00f6rd fr\u00e5n f\u00f6rbipasserande och njuta av lugnet och finna ro. Stugan har ett underbart l\u00e4ge d\u00e4r man ser sj\u00f6n mellan tr\u00e4den. Ca 100 meter ner till vanliga toaletter och duschar som finns i den ombyggda ladug\u00e5rden.<\/p>\n<p><strong>3 N\u00e4chte sind mindestens vorgesehen, um diesen Haus buchen zu k\u00f6nnen.<\/strong><\/p>\n<p>Ein Naturschwimmbad mit herrlichem Strand finden Sie ca. 300 Meter vom Ferienhaus entfernt. Hier f\u00fchlt sich auch ihr Vierbeiner pudelwohl. Wir berechnen 50SEK pro Hund und Tag.<\/p>","protected":false},"excerpt":{"rendered":"<p>Eget hus lite vid sidan av resten av anl\u00e4ggningen med eget k\u00f6k och en Pacto folie toalett. Det finns 4 b\u00e4ddar och kan utrustas med extra s\u00e4ng. H\u00e4r finns friskt kallt vatten fr\u00e5n F\u00f6rsj\u00f6n i kranen som ing\u00e5r i hyran. H\u00e4r kan man vara helt ost\u00f6rd fr\u00e5n f\u00f6rbipasserande och njuta av lugnet och finna ro. [&hellip;]<\/p>","protected":false},"featured_media":64390,"template":"","meta":{"_et_pb_use_builder":"","_et_pb_old_content":"","_et_gb_content_width":""},"product_cat":[47],"product_tag":[],"class_list":{"0":"post-58549","1":"product","2":"type-product","3":"status-publish","4":"has-post-thumbnail","6":"product_cat-klinten","8":"first","9":"instock","10":"taxable","11":"shipping-taxable","12":"purchasable","13":"product-type-simple"},"_links":{"self":[{"href":"https:\/\/movantacamping.se\/de_de\/wp-json\/wp\/v2\/product\/58549"}],"collection":[{"href":"https:\/\/movantacamping.se\/de_de\/wp-json\/wp\/v2\/product"}],"about":[{"href":"https:\/\/movantacamping.se\/de_de\/wp-json\/wp\/v2\/types\/product"}],"wp:featuredmedia":[{"embeddable":true,"href":"https:\/\/movantacamping.se\/de_de\/wp-json\/wp\/v2\/media\/64390"}],"wp:attachment":[{"href":"https:\/\/movantacamping.se\/de_de\/wp-json\/wp\/v2\/media?parent=58549"}],"wp:term":[{"taxonomy":"product_cat","embeddable":true,"href":"https:\/\/movantacamping.se\/de_de\/wp-json\/wp\/v2\/product_cat?post=58549"},{"taxonomy":"product_tag","embeddable":true,"href":"https:\/\/movantacamping.se\/de_de\/wp-json\/wp\/v2\/product_tag?post=58549"}],"curies":[{"name":"wp","href":"https:\/\/api.w.org\/{rel}","templated":true}]}}