	
{"id":50747,"date":"2020-03-03T18:40:52","date_gmt":"2020-03-03T17:40:52","guid":{"rendered":"http:\/\/2020.movantacamping.se\/?post_type=product&#038;p=50747"},"modified":"2025-11-03T13:11:27","modified_gmt":"2025-11-03T12:11:27","slug":"campingstuga-102","status":"publish","type":"product","link":"https:\/\/movantacamping.se\/de_de\/produkt\/campingstuga-102\/","title":{"rendered":"H\u00fctten #102"},"content":{"rendered":"<h3><strong>Saisonzeiten:<\/strong><\/h3>\n<p><strong>Nebensaison<br \/>\n<\/strong>1 jan-14 juni \u2013 1 sept -31 dec: <span style=\"color: #0000ff;\"><strong>360 SEK \/Nacht<br \/>\n<\/strong><\/span><strong>Hochsaison:<br \/>\n<\/strong>15 juni \u2013 31 augusti: <span style=\"color: #0000ff;\"><strong>465 SEK \/Nacht<br \/>\n<\/strong><\/span><strong>Midsommar 2026:<br \/>\n<\/strong>18 juni \u2013 21 juni: <span style=\"color: #0000ff;\"><strong>490 SEK \/Nacht<\/strong><\/span><\/p>\n<ul>\n<li>Etagenbett mit zwei Betten. Decken und Kissen sind vorhanden. Die Bettw\u00e4sche wird vom Gast mitgebracht, kann aber auch an der Rezeption gemietet werden.<\/li>\n<li>Ein kleiner Esstisch mit dazugeh\u00f6rigen St\u00fchlen.<\/li>\n<li>K\u00fchlschrank, Kochfeld, Kaffeemaschine und Wasserkocher.<\/li>\n<li>Ein einfaches Set verschiedener Haushaltsutensilien wie Teller, Gl\u00e4ser, Besteck und einige Kochutensilien.<\/li>\n<li>Trinkwasser steht auf dem Campingplatz zur Verf\u00fcgung.<\/li>\n<li>Etwa 50-75 Meter zum n\u00e4chsten Servicegeb\u00e4ude.<\/li>\n<\/ul>","protected":false},"excerpt":{"rendered":"<p>Die Kabine wird vom Gast vor der Abreise gereinigt. In jeder Kabine finden Sie Anweisungen und Reinigungswerkzeuge. Bei unzureichender Reinigung wird ein Aufpreis berechnet. M\u00f6chten Sie das Haus reinigen? Bestellen Sie es bei der Buchung des Ferienhauses.<\/p>\n<p>Hundar eller katter \u00e4r mycket v\u00e4lkomna. I Stugas tar vi ut 50 kr per hund\/katt och dag.<\/p>","protected":false},"featured_media":69147,"template":"","meta":{"_et_pb_use_builder":"off","_et_pb_old_content":"<h3><strong>S\u00e4songer:<\/strong><\/h3>\r\n<strong>L\u00e5gs\u00e4song:\r\n<\/strong>1 jan-15 juni \u2013 1 sept -31 dec: <span style=\"color: #0000ff\"><strong>360 SEK \/natten\r\n<\/strong><\/span><strong>H\u00f6gs\u00e4song:\r\n<\/strong>16 juni \u2013 31 augusti: <span style=\"color: #0000ff\"><strong>465 SEK \/natten\r\n<\/strong><\/span><strong>Midsommar 2025:\r\n<\/strong>19 juni \u2013 22 juni: <span style=\"color: #0000ff\"><strong>490 SEK \/natten<\/strong><\/span>\r\n\r\n\u00a0\r\n<ul>\r\n \t<li>V\u00e5ningss\u00e4ng med tv\u00e5 b\u00e4ddar. T\u00e4cken och kuddar finns. Lakan medtages av g\u00e4sten, men finns \u00e4ven att hyra i receptionen.<\/li>\r\n \t<li>Ett litet matbord med tillh\u00f6rande stolar.<\/li>\r\n \t<li>Kylsk\u00e5p, kokplatta, kaffebryggare och vattenkokare.<\/li>\r\n \t<li>En enkel upps\u00e4ttning med diverse husger\u00e5d, s\u00e5 som tallrikar, glas, bestick och en del matlagningsredskap.<\/li>\r\n \t<li>Dricksvatten finns att h\u00e4mta p\u00e5 campingomr\u00e5det.<\/li>\r\n \t<li>Cirka 50-75 meter till n\u00e4rmsta servicebyggnad.<\/li>\r\n<\/ul>","_et_gb_content_width":""},"product_cat":[18],"product_tag":[],"class_list":{"0":"post-50747","1":"product","2":"type-product","3":"status-publish","4":"has-post-thumbnail","6":"product_cat-campingstugor","8":"first","9":"instock","10":"taxable","11":"shipping-taxable","12":"purchasable","13":"product-type-simple"},"_links":{"self":[{"href":"https:\/\/movantacamping.se\/de_de\/wp-json\/wp\/v2\/product\/50747"}],"collection":[{"href":"https:\/\/movantacamping.se\/de_de\/wp-json\/wp\/v2\/product"}],"about":[{"href":"https:\/\/movantacamping.se\/de_de\/wp-json\/wp\/v2\/types\/product"}],"wp:featuredmedia":[{"embeddable":true,"href":"https:\/\/movantacamping.se\/de_de\/wp-json\/wp\/v2\/media\/69147"}],"wp:attachment":[{"href":"https:\/\/movantacamping.se\/de_de\/wp-json\/wp\/v2\/media?parent=50747"}],"wp:term":[{"taxonomy":"product_cat","embeddable":true,"href":"https:\/\/movantacamping.se\/de_de\/wp-json\/wp\/v2\/product_cat?post=50747"},{"taxonomy":"product_tag","embeddable":true,"href":"https:\/\/movantacamping.se\/de_de\/wp-json\/wp\/v2\/product_tag?post=50747"}],"curies":[{"name":"wp","href":"https:\/\/api.w.org\/{rel}","templated":true}]}}