	
{"id":55175,"date":"2021-01-15T09:33:51","date_gmt":"2021-01-15T08:33:51","guid":{"rendered":"https:\/\/movantacamping.se\/?page_id=55175"},"modified":"2022-11-03T08:35:32","modified_gmt":"2022-11-03T07:35:32","slug":"karta","status":"publish","type":"page","link":"https:\/\/movantacamping.se\/de_de\/karta\/","title":{"rendered":"Karte"},"content":{"rendered":"<p>[et_pb_section fb_built=&#8221;1&#8243; _builder_version=&#8221;4.16&#8243; background_image=&#8221;https:\/\/movantacamping.se\/wp-content\/uploads\/2020\/03\/movanta_bakgrund.jpg&#8221; background_position=&#8221;top_center&#8221; custom_padding=&#8221;0px||60px||false|false&#8221; global_colors_info=&#8221;{}&#8221;][et_pb_row use_custom_gutter=&#8221;on&#8221; gutter_width=&#8221;2&#8243; make_equal=&#8221;on&#8221; _builder_version=&#8221;4.16&#8243; custom_padding=&#8221;100px||20px||false|false&#8221; global_colors_info=&#8221;{}&#8221;][et_pb_column type=&#8221;4_4&#8243; _builder_version=&#8221;4.16&#8243; global_colors_info=&#8221;{}&#8221;][et_pb_text _builder_version=&#8221;4.16&#8243; text_font=&#8221;Muli||||||||&#8221; text_text_color=&#8221;#5499D4&#8243; text_font_size=&#8221;16px&#8221; header_font=&#8221;Poppins|700|||||||&#8221; header_text_align=&#8221;center&#8221; header_text_color=&#8221;#ffffff&#8221; header_line_height=&#8221;1.3em&#8221; text_orientation=&#8221;center&#8221; max_width=&#8221;900px&#8221; module_alignment=&#8221;center&#8221; header_font_size_tablet=&#8221;&#8221; header_font_size_phone=&#8221;25px&#8221; header_font_size_last_edited=&#8221;on|desktop&#8221; header_line_height_tablet=&#8221;&#8221; header_line_height_phone=&#8221;1.2em&#8221; header_line_height_last_edited=&#8221;on|desktop&#8221; global_colors_info=&#8221;{}&#8221;]<\/p>\n<h1>Campingplatzkarte \u00dcbersicht<\/h1>\n<p>[\/et_pb_text][et_pb_text _builder_version=&#8221;4.16&#8243; text_font=&#8221;Roboto|300|||||||&#8221; text_text_color=&#8221;#ffffff&#8221; text_font_size=&#8221;18px&#8221; text_line_height=&#8221;1.8em&#8221; link_font=&#8221;||||||||&#8221; header_font=&#8221;Muli|700|||||||&#8221; header_text_align=&#8221;center&#8221; header_text_color=&#8221;#297FCA&#8221; text_orientation=&#8221;center&#8221; max_width=&#8221;820px&#8221; module_alignment=&#8221;center&#8221; custom_margin=&#8221;-14px||&#8221; global_colors_info=&#8221;{}&#8221;]F\u00f6rsj\u00f6n ligger i ett natursk\u00f6nt omr\u00e5de en kilometer norr om Hult samh\u00e4lle \u00f6ster om Eksj\u00f6. Sj\u00f6n \u00e4r ett Natura 2000 omr\u00e5de med h\u00f6ga naturv\u00e4rden.[\/et_pb_text][\/et_pb_column][\/et_pb_row][\/et_pb_section][et_pb_section fb_built=&#8221;1&#8243; _builder_version=&#8221;4.16&#8243; _module_preset=&#8221;default&#8221; global_colors_info=&#8221;{}&#8221;][et_pb_row _builder_version=&#8221;4.16&#8243; _module_preset=&#8221;default&#8221; global_colors_info=&#8221;{}&#8221;][et_pb_column type=&#8221;4_4&#8243; _builder_version=&#8221;4.16&#8243; _module_preset=&#8221;default&#8221; global_colors_info=&#8221;{}&#8221;][et_pb_image src=&#8221;https:\/\/movantacamping.se\/wp-content\/uploads\/2022\/11\/MOVANTA-KARTA_2022_nya_nr2.png&#8221; title_text=&#8221;MOVANTA-KARTA_2022_nya_nr2&#8243; _builder_version=&#8221;4.18.1&#8243; _module_preset=&#8221;default&#8221; hover_enabled=&#8221;0&#8243; global_colors_info=&#8221;{}&#8221; sticky_enabled=&#8221;0&#8243;][\/et_pb_image][\/et_pb_column][\/et_pb_row][\/et_pb_section]<\/p>","protected":false},"excerpt":{"rendered":"<p>Karta \u00f6ver campingomr\u00e5detF\u00f6rsj\u00f6n ligger i ett natursk\u00f6nt omr\u00e5de en kilometer norr om Hult samh\u00e4lle \u00f6ster om Eksj\u00f6. Sj\u00f6n \u00e4r ett Natura 2000 omr\u00e5de med h\u00f6ga naturv\u00e4rden.<\/p>","protected":false},"author":1,"featured_media":0,"parent":0,"menu_order":0,"comment_status":"closed","ping_status":"closed","template":"","meta":{"_et_pb_use_builder":"on","_et_pb_old_content":"","_et_gb_content_width":"","footnotes":""},"class_list":["post-55175","page","type-page","status-publish","hentry"],"_links":{"self":[{"href":"https:\/\/movantacamping.se\/de_de\/wp-json\/wp\/v2\/pages\/55175"}],"collection":[{"href":"https:\/\/movantacamping.se\/de_de\/wp-json\/wp\/v2\/pages"}],"about":[{"href":"https:\/\/movantacamping.se\/de_de\/wp-json\/wp\/v2\/types\/page"}],"author":[{"embeddable":true,"href":"https:\/\/movantacamping.se\/de_de\/wp-json\/wp\/v2\/users\/1"}],"replies":[{"embeddable":true,"href":"https:\/\/movantacamping.se\/de_de\/wp-json\/wp\/v2\/comments?post=55175"}],"version-history":[{"count":6,"href":"https:\/\/movantacamping.se\/de_de\/wp-json\/wp\/v2\/pages\/55175\/revisions"}],"predecessor-version":[{"id":62763,"href":"https:\/\/movantacamping.se\/de_de\/wp-json\/wp\/v2\/pages\/55175\/revisions\/62763"}],"wp:attachment":[{"href":"https:\/\/movantacamping.se\/de_de\/wp-json\/wp\/v2\/media?parent=55175"}],"curies":[{"name":"wp","href":"https:\/\/api.w.org\/{rel}","templated":true}]}}