	
{"id":50651,"date":"2020-03-03T08:31:05","date_gmt":"2020-03-03T07:31:05","guid":{"rendered":"http:\/\/2020.movantacamping.se\/?page_id=50651"},"modified":"2026-01-14T14:31:10","modified_gmt":"2026-01-14T13:31:10","slug":"sjalvhushallsstugor","status":"publish","type":"page","link":"https:\/\/movantacamping.se\/de_de\/sjalvhushallsstugor\/","title":{"rendered":"Selbstversorgerh\u00fctten"},"content":{"rendered":"<p>[et_pb_section fb_built=&#8221;1&#8243; _builder_version=&#8221;4.16&#8243; background_image=&#8221;https:\/\/movantacamping.se\/wp-content\/uploads\/2020\/03\/movanta_bakgrund.jpg&#8221; background_position=&#8221;top_center&#8221; custom_padding=&#8221;0px||60px||false|false&#8221; global_colors_info=&#8221;{}&#8221;][et_pb_row use_custom_gutter=&#8221;on&#8221; gutter_width=&#8221;2&#8243; make_equal=&#8221;on&#8221; _builder_version=&#8221;4.16&#8243; custom_padding=&#8221;100px||20px||false|false&#8221; global_colors_info=&#8221;{}&#8221;][et_pb_column type=&#8221;4_4&#8243; _builder_version=&#8221;4.16&#8243; global_colors_info=&#8221;{}&#8221;][et_pb_text _builder_version=&#8221;4.27.2&#8243; text_font=&#8221;Muli||||||||&#8221; text_text_color=&#8221;#5499D4&#8243; text_font_size=&#8221;16px&#8221; header_font=&#8221;Poppins|700|||||||&#8221; header_text_align=&#8221;center&#8221; header_text_color=&#8221;#ffffff&#8221; header_line_height=&#8221;1.3em&#8221; text_orientation=&#8221;center&#8221; max_width=&#8221;900px&#8221; module_alignment=&#8221;center&#8221; header_font_size_tablet=&#8221;&#8221; header_font_size_phone=&#8221;25px&#8221; header_font_size_last_edited=&#8221;on|desktop&#8221; header_line_height_tablet=&#8221;&#8221; header_line_height_phone=&#8221;1.2em&#8221; header_line_height_last_edited=&#8221;on|desktop&#8221; global_colors_info=&#8221;{}&#8221;]<\/p>\n<h1>Selbstversorger-Ferienh\u00e4user\nk\u00f6nnen das ganze Jahr \u00fcber gemietet werden<\/h1>\n<p>[\/et_pb_text][\/et_pb_column][\/et_pb_row][\/et_pb_section][et_pb_section fb_built=&#8221;1&#8243; custom_padding_last_edited=&#8221;on|desktop&#8221; _builder_version=&#8221;4.16&#8243; custom_padding=&#8221;20px|0px|20px|0px|false|false&#8221; custom_padding_tablet=&#8221;&#8221; custom_padding_phone=&#8221;90px||150px||false&#8221; global_colors_info=&#8221;{}&#8221;][et_pb_row column_structure=&#8221;1_2,1_2&#8243; use_custom_gutter=&#8221;on&#8221; gutter_width=&#8221;2&#8243; make_equal=&#8221;on&#8221; _builder_version=&#8221;4.16&#8243; width_tablet=&#8221;90%&#8221; width_phone=&#8221;90%&#8221; width_last_edited=&#8221;off|phone&#8221; max_width_tablet=&#8221;90%&#8221; max_width_phone=&#8221;90%&#8221; max_width_last_edited=&#8221;off|tablet&#8221; custom_padding=&#8221;11px|0px||0px|false|false&#8221; animation_direction=&#8221;bottom&#8221; global_colors_info=&#8221;{}&#8221;][et_pb_column type=&#8221;1_2&#8243; _builder_version=&#8221;4.16&#8243; custom_padding=&#8221;|||&#8221; global_colors_info=&#8221;{}&#8221; custom_padding__hover=&#8221;|||&#8221;][et_pb_text _builder_version=&#8221;4.27.2&#8243; text_font=&#8221;Poppins|700|||||||&#8221; text_text_color=&#8221;#000000&#8243; text_font_size=&#8221;20px&#8221; text_line_height=&#8221;1.5em&#8221; custom_margin=&#8221;-6px|||&#8221; custom_padding=&#8221;|||&#8221; text_line_height_tablet=&#8221;&#8221; text_line_height_phone=&#8221;1.2em&#8221; text_line_height_last_edited=&#8221;on|phone&#8221; global_colors_info=&#8221;{}&#8221;]<\/p>\n<p>MOV\u00c4NTA Campingh\u00fcttem \u2013 ganzj\u00e4hrig zu mieten!<\/p>\n<p>[\/et_pb_text][et_pb_button button_url=&#8221;https:\/\/app.anigma.pongosystems.com\/external-booking?propertyId=11&#8243; url_new_window=&#8221;on&#8221; button_text=&#8221;BOKA NU&#8221; button_alignment=&#8221;center&#8221; _builder_version=&#8221;4.27.2&#8243; _module_preset=&#8221;default&#8221; custom_button=&#8221;on&#8221; button_text_size=&#8221;24px&#8221; button_text_color=&#8221;#268e18&#8243; global_colors_info=&#8221;{}&#8221;][\/et_pb_button][et_pb_blurb use_icon=&#8221;on&#8221; font_icon=&#8221;&#x4e;||divi||400&#8243; icon_color=&#8221;#000000&#8243; icon_placement=&#8221;left&#8221; image_icon_width=&#8221;27px&#8221; content_max_width=&#8221;100%&#8221; _builder_version=&#8221;4.27.2&#8243; body_font=&#8221;Roboto|300|||||||&#8221; body_text_color=&#8221;#0c0c0b&#8221; body_font_size=&#8221;18px&#8221; body_line_height=&#8221;1.4em&#8221; custom_margin=&#8221;43px||&#8221; animation=&#8221;off&#8221; hover_enabled=&#8221;0&#8243; border_width_top_image=&#8221;3px&#8221; border_color_top_image=&#8221;rgba(0,0,0,0)&#8221; icon_font_size=&#8221;27px&#8221; global_colors_info=&#8221;{}&#8221; sticky_enabled=&#8221;0&#8243;]<\/p>\n<p>Die Ferienh\u00e4user sind mit einer K\u00fcchenzeile mit Sp\u00fcle, K\u00fchlschrank, Mikrowelle, Kochplatte, Kaffeemaschine und Wasserkocher ausgestattet.<\/p>\n<p>[\/et_pb_blurb][et_pb_blurb use_icon=&#8221;on&#8221; font_icon=&#8221;&#x4e;||divi||400&#8243; icon_color=&#8221;#000000&#8243; icon_placement=&#8221;left&#8221; image_icon_width=&#8221;27px&#8221; content_max_width=&#8221;100%&#8221; _builder_version=&#8221;4.16&#8243; body_font=&#8221;Roboto|300|||||||&#8221; body_text_color=&#8221;#0c0c0b&#8221; body_font_size=&#8221;18px&#8221; body_line_height=&#8221;1.4em&#8221; custom_margin=&#8221;43px||&#8221; animation=&#8221;off&#8221; border_width_top_image=&#8221;3px&#8221; border_color_top_image=&#8221;rgba(0,0,0,0)&#8221; icon_font_size=&#8221;27px&#8221; global_colors_info=&#8221;{}&#8221;]<\/p>\n<p>Geschirr, Besteck und Kochutensilien zum einfachen Kochen stehen zur Verf\u00fcgung.<\/p>\n<p>[\/et_pb_blurb][et_pb_blurb use_icon=&#8221;on&#8221; font_icon=&#8221;&#x4e;||divi||400&#8243; icon_color=&#8221;#000000&#8243; icon_placement=&#8221;left&#8221; image_icon_width=&#8221;27px&#8221; content_max_width=&#8221;100%&#8221; _builder_version=&#8221;4.16&#8243; body_font=&#8221;Roboto|300|||||||&#8221; body_text_color=&#8221;#0c0c0b&#8221; body_font_size=&#8221;18px&#8221; body_line_height=&#8221;1.4em&#8221; custom_margin=&#8221;43px||&#8221; animation=&#8221;off&#8221; border_width_top_image=&#8221;3px&#8221; border_color_top_image=&#8221;rgba(0,0,0,0)&#8221; icon_font_size=&#8221;27px&#8221; global_colors_info=&#8221;{}&#8221;]<\/p>\n<p>Decken und Kissen sind auf allen Betten bereitgelegt. Die Bettw\u00e4sche und Handt\u00fccher k\u00f6nnen an der Rezeption ausgeliehen werden oder werden selber mitgebracht. Der Preis f\u00fcr  gew\u00fcnschte Leihw\u00e4sche wird extra berechnet.<\/p>\n<p>[\/et_pb_blurb][et_pb_blurb use_icon=&#8221;on&#8221; font_icon=&#8221;&#x4e;||divi||400&#8243; icon_color=&#8221;#000000&#8243; icon_placement=&#8221;left&#8221; image_icon_width=&#8221;27px&#8221; content_max_width=&#8221;100%&#8221; _builder_version=&#8221;4.16&#8243; body_font=&#8221;Roboto|300|||||||&#8221; body_text_color=&#8221;#0c0c0b&#8221; body_font_size=&#8221;18px&#8221; body_line_height=&#8221;1.4em&#8221; custom_margin=&#8221;43px||&#8221; animation=&#8221;off&#8221; border_width_top_image=&#8221;3px&#8221; border_color_top_image=&#8221;rgba(0,0,0,0)&#8221; icon_font_size=&#8221;27px&#8221; global_colors_info=&#8221;{}&#8221;]<\/p>\n<p>Ein Zustellbett, Babybett und Hochstuhl k\u00f6nnen je nach Vereinbarung gern gemietet werden.<\/p>\n<p>[\/et_pb_blurb][et_pb_blurb use_icon=&#8221;on&#8221; font_icon=&#8221;&#x4e;||divi||400&#8243; icon_color=&#8221;#000000&#8243; icon_placement=&#8221;left&#8221; image_icon_width=&#8221;27px&#8221; content_max_width=&#8221;100%&#8221; _builder_version=&#8221;4.16&#8243; body_font=&#8221;Roboto|300|||||||&#8221; body_text_color=&#8221;#0c0c0b&#8221; body_font_size=&#8221;18px&#8221; body_line_height=&#8221;1.4em&#8221; custom_margin=&#8221;43px||&#8221; animation=&#8221;off&#8221; border_width_top_image=&#8221;3px&#8221; border_color_top_image=&#8221;rgba(0,0,0,0)&#8221; icon_font_size=&#8221;27px&#8221; global_colors_info=&#8221;{}&#8221;]<\/p>\n<p>Zu jedem Ferienhaus geh\u00f6ren K\u00fcchentisch und St\u00fchle sowie eine Veranda mit Gartenm\u00f6beln. \nEin Grill kann auf Wunsch gern geliehen werden.<\/p>\n<p>[\/et_pb_blurb][\/et_pb_column][et_pb_column type=&#8221;1_2&#8243; _builder_version=&#8221;4.16&#8243; custom_padding=&#8221;|||&#8221; global_colors_info=&#8221;{}&#8221; custom_padding__hover=&#8221;|||&#8221;][et_pb_image src=&#8221;https:\/\/movantacamping.se\/wp-content\/uploads\/2020\/03\/sjalvhushall1.jpg&#8221; _builder_version=&#8221;4.16&#8243; max_width=&#8221;80%&#8221; module_alignment=&#8221;right&#8221; border_radii=&#8221;on|1000px|1000px|1000px|1000px&#8221; always_center_on_mobile=&#8221;off&#8221; global_colors_info=&#8221;{}&#8221;][\/et_pb_image][et_pb_image src=&#8221;https:\/\/movantacamping.se\/wp-content\/uploads\/2020\/03\/Stuga1.jpg&#8221; title_text=&#8221;Stuga1&#8243; _builder_version=&#8221;4.24.0&#8243; max_width=&#8221;44%&#8221; module_alignment=&#8221;left&#8221; custom_margin=&#8221;-339px|||&#8221; custom_margin_tablet=&#8221;-398px||||false|false&#8221; custom_margin_phone=&#8221;-265px||&#8221; custom_margin_last_edited=&#8221;on|tablet&#8221; custom_padding=&#8221;||100px||false|false&#8221; border_radii=&#8221;on|1000px|1000px|1000px|1000px&#8221; border_width_all=&#8221;9px&#8221; border_color_all=&#8221;#ffffff&#8221; always_center_on_mobile=&#8221;off&#8221; global_colors_info=&#8221;{}&#8221;][\/et_pb_image][\/et_pb_column][\/et_pb_row][et_pb_row column_structure=&#8221;1_4,1_4,1_4,1_4&#8243; _builder_version=&#8221;4.27.2&#8243; _module_preset=&#8221;default&#8221; global_colors_info=&#8221;{}&#8221;][et_pb_column type=&#8221;1_4&#8243; _builder_version=&#8221;4.27.2&#8243; _module_preset=&#8221;default&#8221; global_colors_info=&#8221;{}&#8221;][et_pb_text _builder_version=&#8221;4.27.2&#8243; _module_preset=&#8221;default&#8221; global_colors_info=&#8221;{}&#8221;]<\/p>\n<h3><strong>Selbstversorger H\u00fctten <\/strong><\/h3>\n<h3><strong>2 (3) Betten, 19 <span>m\u00b2<\/span><\/strong><\/h3>\n<p><strong>Nebensaison<br \/><\/strong>1 jan-14 juni \u2013 1 sept -31 dec:<span>\u00a0<\/span><span><strong>515 SEK \/Nacht<br \/><\/strong><\/span><strong>Hochsaison:<br \/><\/strong>15 juni \u2013 31 augusti:<span>\u00a0<\/span><span><strong>770 SEK \/Nacht<br \/><\/strong><\/span><strong>Midsommar 2026:<br \/><\/strong>18 juni \u2013 21 juni:<span>\u00a0<\/span><span><strong>875 SEK \/Nacht<\/strong><\/span><\/p>\n<ul>\n<li>Wohnzimmer mit K\u00fcchenzeile.<\/li>\n<li>Eigene Dusche und Toilette.<\/li>\n<\/ul>\n<p>[\/et_pb_text][\/et_pb_column][et_pb_column type=&#8221;1_4&#8243; _builder_version=&#8221;4.27.2&#8243; _module_preset=&#8221;default&#8221; global_colors_info=&#8221;{}&#8221;][et_pb_text _builder_version=&#8221;4.27.2&#8243; _module_preset=&#8221;default&#8221; global_colors_info=&#8221;{}&#8221;]<\/p>\n<h3><strong>Selbstversorger H\u00fctten<\/strong><\/h3>\n<h3><strong>4 Betten, 26 <span>m\u00b2<\/span><\/strong><\/h3>\n<p><strong>Nebensaison<br \/><\/strong>1 jan-14 juni \u2013 1 sept -31 dec:<span>\u00a0<\/span><span><strong>650 SEK \/Nacht<br \/><\/strong><\/span><strong>Hochsaison:<br \/><\/strong>15 juni \u2013 31 augusti:<span>\u00a0<\/span><span><strong>925 SEK \/Nacht<br \/><\/strong><\/span><strong>Midsommar 2026:<br \/><\/strong>18 juni \u2013 21 juni:<span>\u00a0<\/span><span><strong>1030 SEK \/Nacht<\/strong><\/span><\/p>\n<ul>\n<li>Ein separates Schlafzimmer mit zwei Betten und einem Schlafsofa f\u00fcr zwei Personen.<\/li>\n<li>Wohnzimmer mit K\u00fcchenzeile.<\/li>\n<li>Eigene Dusche und Toilette.<\/li>\n<\/ul>\n<p>[\/et_pb_text][\/et_pb_column][et_pb_column type=&#8221;1_4&#8243; _builder_version=&#8221;4.27.2&#8243; _module_preset=&#8221;default&#8221; global_colors_info=&#8221;{}&#8221;][et_pb_text _builder_version=&#8221;4.27.2&#8243; _module_preset=&#8221;default&#8221; global_colors_info=&#8221;{}&#8221;]<\/p>\n<h3><strong>Selbstversorger H\u00fctten <\/strong><\/h3>\n<h3><strong>5 Betten 32 <span>m\u00b2<\/span><\/strong><\/h3>\n<p><strong>Nebensaison<br \/><\/strong>1 jan-14 juni \u2013 1 sept -31 dec:<span>\u00a0<\/span><span><strong>680 SEK \/Nacht<br \/><\/strong><\/span><strong>Hochsaison:<br \/><\/strong>15 juni \u2013 31 augusti:<span>\u00a0<\/span><span><strong>975 SEK \/Nacht<br \/><\/strong><\/span><strong>Midsommar 2026:<br \/><\/strong>18 juni \u2013 21 juni:<span>\u00a0<\/span><span><strong>1080 SEK \/Nacht<\/strong><\/span><\/p>\n<ul>\n<li>Ein separates Schlafzimmer mit zwei Betten und einem Schlafsofa f\u00fcr zwei Personen.<\/li>\n<li>Wohnzimmer mit K\u00fcchenzeile.<\/li>\n<li>Eigene Dusche und Toilette.<\/li>\n<\/ul>\n<p>[\/et_pb_text][\/et_pb_column][et_pb_column type=&#8221;1_4&#8243; _builder_version=&#8221;4.27.2&#8243; _module_preset=&#8221;default&#8221; global_colors_info=&#8221;{}&#8221;][et_pb_text _builder_version=&#8221;4.27.2&#8243; _module_preset=&#8221;default&#8221; global_colors_info=&#8221;{}&#8221;]<\/p>\n<div class=\"et_pb_module et_pb_wc_description et_pb_wc_description_0_tb_body et_pb_bg_layout_light  et_pb_text_align_left\">\n<div class=\"et_pb_module_inner\">\n<h3><strong>Selbstversorger H\u00fctten<\/strong><\/h3>\n<h3><strong>6 Betten, 40 <span>m\u00b2<\/span><\/strong><\/h3>\n<p><strong>Nebensaison<br \/><\/strong>1 jan-14 juni \u2013 1 sept -31 dec:<span>\u00a0<\/span><span><strong>950 SEK \/Nacht<br \/><\/strong><\/span><strong>Hochsaison:<br \/><\/strong>15 juni \u2013 31 augusti:<span>\u00a0<\/span><span><strong>1360 SEK \/Nacht<br \/><\/strong><\/span><strong>Midsommar 2026:<br \/><\/strong>18 juni \u2013 21 juni:<span>\u00a0<\/span><span><strong>1450 SEK \/Nacht<\/strong><\/span><\/p>\n<ul>\n<li>WLAN in der H\u00fctte<\/li>\n<li>1 Zimmer mit Etagenbetten, wobei eines der Betten unten breiter ist, und 1 Zimmer mit einem Doppelbett.<\/li>\n<li>K\u00fcchenbereich\/Wohnzimmer mit Schlafsofa.<\/li>\n<li>Eigene Dusche und Toilette.<\/li>\n<li>K\u00fcchenbereich\/Wohnzimmer mit Schlafsofa.<\/li>\n<li>Eigene Veranda.<\/li>\n<li>Vollst\u00e4ndig ausgestattet und barrierefrei zug\u00e4nglich.<\/li>\n<\/ul>\n<\/div>\n<\/div>\n<p>[\/et_pb_text][\/et_pb_column][\/et_pb_row][et_pb_row _builder_version=&#8221;4.27.2&#8243; _module_preset=&#8221;default&#8221; global_colors_info=&#8221;{}&#8221;][et_pb_column type=&#8221;4_4&#8243; _builder_version=&#8221;4.27.2&#8243; _module_preset=&#8221;default&#8221; global_colors_info=&#8221;{}&#8221;][et_pb_gallery gallery_ids=&#8221;69510,69505,69506,69497,69500,69509,69498,69502,69499,69496,69495,69492,69490,69494,69489,69486,69484,69482,69480,69479,69483,69485,69491,69488&#8243; posts_number=&#8221;12&#8243; show_title_and_caption=&#8221;off&#8221; _builder_version=&#8221;4.27.2&#8243; _module_preset=&#8221;default&#8221; global_colors_info=&#8221;{}&#8221;][\/et_pb_gallery][\/et_pb_column][\/et_pb_row][et_pb_row disabled_on=&#8221;on|on|on&#8221; _builder_version=&#8221;4.16&#8243; _module_preset=&#8221;default&#8221; disabled=&#8221;on&#8221; global_colors_info=&#8221;{}&#8221;][et_pb_column type=&#8221;4_4&#8243; _builder_version=&#8221;4.16&#8243; _module_preset=&#8221;default&#8221; global_colors_info=&#8221;{}&#8221;][et_pb_shop type=&#8221;product_category&#8221; posts_number=&#8221;20&#8243; include_categories=&#8221;20&#8243; _builder_version=&#8221;4.16&#8243; _module_preset=&#8221;default&#8221; global_colors_info=&#8221;{}&#8221;][\/et_pb_shop][et_pb_gallery gallery_ids=&#8221;64376,50735,53141,53138,53168,53171,55204,69509,69500,69492,50969&#8243; posts_number=&#8221;12&#8243; show_title_and_caption=&#8221;off&#8221; _builder_version=&#8221;4.24.0&#8243; _module_preset=&#8221;default&#8221; global_colors_info=&#8221;{}&#8221;][\/et_pb_gallery][\/et_pb_column][\/et_pb_row][\/et_pb_section]<\/p>","protected":false},"excerpt":{"rendered":"<p>Sj\u00e4lvhush\u00e5llsstugor att hyra \u00e5ret runtStora MOV\u00c4NTA Camping Stugorna att hyra \u00e5ret runt!Stugorna \u00e4r utrustade med ett pentry med diskb\u00e4nk, kylsk\u00e5p, mikrov\u00e5gsugn, kokplattor, kaffebryggare och vattenkokare.Porslin, bestick, k\u00e4rl och matlagningsredskap f\u00f6r enkel matlagning finns.T\u00e4cken och kuddar finns till samtliga b\u00e4ddar. Lakan och handdukar medtages av g\u00e4sten. Lakan och handdukar finns ocks\u00e5 att hyra i receptionen.Extras\u00e4ng, babys\u00e4ng [&hellip;]<\/p>","protected":false},"author":1,"featured_media":0,"parent":0,"menu_order":0,"comment_status":"closed","ping_status":"closed","template":"","meta":{"_et_pb_use_builder":"on","_et_pb_old_content":"","_et_gb_content_width":"","footnotes":""},"class_list":["post-50651","page","type-page","status-publish","hentry"],"_links":{"self":[{"href":"https:\/\/movantacamping.se\/de_de\/wp-json\/wp\/v2\/pages\/50651"}],"collection":[{"href":"https:\/\/movantacamping.se\/de_de\/wp-json\/wp\/v2\/pages"}],"about":[{"href":"https:\/\/movantacamping.se\/de_de\/wp-json\/wp\/v2\/types\/page"}],"author":[{"embeddable":true,"href":"https:\/\/movantacamping.se\/de_de\/wp-json\/wp\/v2\/users\/1"}],"replies":[{"embeddable":true,"href":"https:\/\/movantacamping.se\/de_de\/wp-json\/wp\/v2\/comments?post=50651"}],"version-history":[{"count":40,"href":"https:\/\/movantacamping.se\/de_de\/wp-json\/wp\/v2\/pages\/50651\/revisions"}],"predecessor-version":[{"id":78856,"href":"https:\/\/movantacamping.se\/de_de\/wp-json\/wp\/v2\/pages\/50651\/revisions\/78856"}],"wp:attachment":[{"href":"https:\/\/movantacamping.se\/de_de\/wp-json\/wp\/v2\/media?parent=50651"}],"curies":[{"name":"wp","href":"https:\/\/api.w.org\/{rel}","templated":true}]}}