	
{"id":50647,"date":"2020-03-03T08:28:22","date_gmt":"2020-03-03T07:28:22","guid":{"rendered":"http:\/\/2020.movantacamping.se\/?page_id=50647"},"modified":"2025-08-18T12:51:54","modified_gmt":"2025-08-18T10:51:54","slug":"aktiviteter-hos-oss","status":"publish","type":"page","link":"https:\/\/movantacamping.se\/de_de\/aktiviteter-hos-oss\/","title":{"rendered":"Aktivit\u00e4ten"},"content":{"rendered":"<p>[et_pb_section fb_built=&#8221;1&#8243; _builder_version=&#8221;4.16&#8243; background_image=&#8221;https:\/\/movantacamping.se\/wp-content\/uploads\/2020\/03\/movanta_bakgrund.jpg&#8221; background_position=&#8221;top_center&#8221; custom_padding=&#8221;0px||60px||false|false&#8221; global_colors_info=&#8221;{}&#8221;][et_pb_row use_custom_gutter=&#8221;on&#8221; gutter_width=&#8221;2&#8243; make_equal=&#8221;on&#8221; _builder_version=&#8221;4.16&#8243; custom_padding=&#8221;100px||20px||false|false&#8221; global_colors_info=&#8221;{}&#8221;][et_pb_column type=&#8221;4_4&#8243; _builder_version=&#8221;4.16&#8243; global_colors_info=&#8221;{}&#8221;][et_pb_text _builder_version=&#8221;4.16&#8243; text_font=&#8221;Muli||||||||&#8221; text_text_color=&#8221;#5499D4&#8243; text_font_size=&#8221;16px&#8221; header_font=&#8221;Poppins|700|||||||&#8221; header_text_align=&#8221;center&#8221; header_text_color=&#8221;#ffffff&#8221; header_line_height=&#8221;1.3em&#8221; text_orientation=&#8221;center&#8221; max_width=&#8221;900px&#8221; module_alignment=&#8221;center&#8221; header_font_size_tablet=&#8221;&#8221; header_font_size_phone=&#8221;25px&#8221; header_font_size_last_edited=&#8221;on|desktop&#8221; header_line_height_tablet=&#8221;&#8221; header_line_height_phone=&#8221;1.2em&#8221; header_line_height_last_edited=&#8221;on|desktop&#8221; global_colors_info=&#8221;{}&#8221;]<\/p>\n<h1>Aktivit\u00e4ten<\/h1>\n<p>[\/et_pb_text][et_pb_text _builder_version=&#8221;4.16&#8243; text_font=&#8221;Roboto|300|||||||&#8221; text_text_color=&#8221;#ffffff&#8221; text_font_size=&#8221;18px&#8221; text_line_height=&#8221;1.8em&#8221; link_font=&#8221;||||||||&#8221; header_font=&#8221;Muli|700|||||||&#8221; header_text_align=&#8221;center&#8221; header_text_color=&#8221;#297FCA&#8221; text_orientation=&#8221;center&#8221; max_width=&#8221;820px&#8221; module_alignment=&#8221;center&#8221; custom_margin=&#8221;-14px||&#8221; global_colors_info=&#8221;{}&#8221;]F\u00f6rsj\u00f6n ligger i ett natursk\u00f6nt omr\u00e5de en kilometer norr om Hult samh\u00e4lle \u00f6ster om Eksj\u00f6. Sj\u00f6n \u00e4r ett Natura 2000 omr\u00e5de med h\u00f6ga naturv\u00e4rden.[\/et_pb_text][\/et_pb_column][\/et_pb_row][\/et_pb_section][et_pb_section fb_built=&#8221;1&#8243; make_equal=&#8221;on&#8221; use_custom_gutter=&#8221;on&#8221; specialty=&#8221;on&#8221; custom_padding_last_edited=&#8221;on|desktop&#8221; bg_img_2=&#8221;https:\/\/movantacamping.se\/wp-content\/uploads\/2020\/03\/three-people-on-a-wooden-fishing-docks-988622.jpg&#8221; background_repeat_2=&#8221;no-repeat&#8221; _builder_version=&#8221;4.16&#8243; inner_width_tablet=&#8221;90%&#8221; inner_width_phone=&#8221;90%&#8221; inner_width_last_edited=&#8221;off|tablet&#8221; inner_max_width_tablet=&#8221;90%&#8221; inner_max_width_phone=&#8221;90%&#8221; inner_max_width_last_edited=&#8221;off|phone&#8221; custom_padding=&#8221;110px|0px|110px|0|true|false&#8221; custom_padding_tablet=&#8221;&#8221; custom_padding_phone=&#8221;70px||70px||true&#8221; global_colors_info=&#8221;{}&#8221;][et_pb_column type=&#8221;1_2&#8243; specialty_columns=&#8221;2&#8243; _builder_version=&#8221;4.16&#8243; custom_padding=&#8221;|||&#8221; global_colors_info=&#8221;{}&#8221; custom_padding__hover=&#8221;|||&#8221;][et_pb_row_inner _builder_version=&#8221;4.16&#8243; custom_padding=&#8221;||6px|||&#8221; global_colors_info=&#8221;{}&#8221;][et_pb_column_inner saved_specialty_column_type=&#8221;1_2&#8243; _builder_version=&#8221;4.16&#8243; custom_padding=&#8221;|||&#8221; global_colors_info=&#8221;{}&#8221; custom_padding__hover=&#8221;|||&#8221;][et_pb_text _builder_version=&#8221;4.16&#8243; header_font=&#8221;Poppins|600|||||||&#8221; header_text_align=&#8221;left&#8221; header_text_color=&#8221;#000000&#8243; header_font_size=&#8221;14px&#8221; header_letter_spacing=&#8221;2px&#8221; header_line_height=&#8221;1.2em&#8221; custom_padding=&#8221;|||&#8221; header_font_size_tablet=&#8221;&#8221; header_font_size_phone=&#8221;13px&#8221; header_font_size_last_edited=&#8221;on|phone&#8221; global_colors_info=&#8221;{}&#8221;]<\/p>\n<h1>Aktivit\u00e4ten in der Umgebung<\/h1>\n<p>[\/et_pb_text][et_pb_text _builder_version=&#8221;4.16&#8243; header_font=&#8221;Poppins|600|||||||&#8221; header_text_color=&#8221;#000000&#8243; header_line_height=&#8221;1.4em&#8221; custom_margin=&#8221;-23px||&#8221; custom_padding=&#8221;|||&#8221; header_font_size_tablet=&#8221;&#8221; header_font_size_phone=&#8221;25px&#8221; header_font_size_last_edited=&#8221;on|phone&#8221; global_colors_info=&#8221;{}&#8221;]<\/p>\n<h1>MOV\u00c4NTA CAMPING ist der perfekte Ausgangspunkt zu vielen sch\u00f6nen Zielen in der Provinz.<\/h1>\n<p>[\/et_pb_text][et_pb_text _builder_version=&#8221;4.16&#8243; text_font=&#8221;Roboto|300|||||||&#8221; text_text_color=&#8221;#000000&#8243; text_font_size=&#8221;15px&#8221; text_line_height=&#8221;1.8em&#8221; header_font=&#8221;Yeseva One||||||||&#8221; header_text_color=&#8221;#3c1c20&#8243; header_font_size=&#8221;47px&#8221; header_line_height=&#8221;1.2em&#8221; custom_margin=&#8221;-19px||&#8221; global_colors_info=&#8221;{}&#8221;]<\/p>\n<p>Von der einzigartigen Holzstadt Eksj\u00f6 mit 80% Holzbestand, zum Astrid Lindgren Filmdorf nahe Mariannelund bis hin zum ber\u00fchmten Bullerbyn, hier finden sie Abwechslung und Beschaulichkeit. Die kulturhistorische Umgebungen, bezaubernde Urw\u00e4lder von Sm\u00e5land, unvergessliche Ausblicke und sprudelndes Wasser lassen Herzen h\u00f6her schlagen. Entdecken sie das Kultur- und Eventleben in n\u00e4chster N\u00e4he. Ihr Erlebnis beginnt genau hier!<\/p>\n<p>[\/et_pb_text][et_pb_divider color=&#8221;#e2e2e2&#8243; _builder_version=&#8221;4.16&#8243; custom_margin=&#8221;34px||&#8221; global_colors_info=&#8221;{}&#8221;][\/et_pb_divider][et_pb_text _builder_version=&#8221;4.27.2&#8243; global_colors_info=&#8221;{}&#8221;]<\/p>\n<h5>P\u00e5 MOV\u00c4NTA CAMPING kan du:<\/h5>\n<p>[\/et_pb_text][\/et_pb_column_inner][\/et_pb_row_inner][et_pb_row_inner column_structure=&#8221;1_2,1_2&#8243; use_custom_gutter=&#8221;on&#8221; gutter_width=&#8221;2&#8243; _builder_version=&#8221;4.16&#8243; custom_padding=&#8221;23px|||||&#8221; global_colors_info=&#8221;{}&#8221;][et_pb_column_inner type=&#8221;1_2&#8243; saved_specialty_column_type=&#8221;1_2&#8243; _builder_version=&#8221;4.16&#8243; custom_padding=&#8221;|||&#8221; global_colors_info=&#8221;{}&#8221; custom_padding__hover=&#8221;|||&#8221;][et_pb_blurb title=&#8221;Bad s\u00e5klart!&#8221; image=&#8221;https:\/\/movantacamping.se\/wp-content\/uploads\/2020\/03\/bada_barn.jpg&#8221; icon_placement=&#8221;left&#8221; image_icon_width=&#8221;45px&#8221; content_max_width=&#8221;100%&#8221; _builder_version=&#8221;4.27.2&#8243; header_font=&#8221;Poppins|600|||||||&#8221; header_text_align=&#8221;left&#8221; header_text_color=&#8221;#000000&#8243; header_font_size=&#8221;16px&#8221; header_line_height=&#8221;1.3em&#8221; body_font=&#8221;Roboto|300|||||||&#8221; body_text_align=&#8221;left&#8221; body_text_color=&#8221;#000000&#8243; body_line_height=&#8221;1.8em&#8221; animation=&#8221;off&#8221; border_radii_image=&#8221;on|1000px|1000px|1000px|1000px&#8221; image_max_width=&#8221;50px&#8221; global_colors_info=&#8221;{}&#8221;]<\/p>\n<p>MOV\u00c4NTA CAMPING liegt direkt am Ufer des F\u00f6rsj\u00f6n und bietet ein herrliches Schwimmerlebnis an einem sch\u00f6nen Badebstrand. Es gibt auch eine Rampe f\u00fcr Rollst\u00fchle. <span class=\"Y2IQFc\" lang=\"sv\">Der Stand ist sehr gut auch f\u00fcr die Kleinsten geeignet.<\/span><\/p>\n<p>[\/et_pb_blurb][\/et_pb_column_inner][et_pb_column_inner type=&#8221;1_2&#8243; saved_specialty_column_type=&#8221;1_2&#8243; _builder_version=&#8221;4.16&#8243; custom_padding=&#8221;|||&#8221; global_colors_info=&#8221;{}&#8221; custom_padding__hover=&#8221;|||&#8221;][et_pb_blurb title=&#8221;Grill och eldgryta&#8221; url=&#8221;https:\/\/movantacamping.se\/wp-content\/uploads\/2020\/03\/Minigolf.jpg&#8221; image=&#8221;https:\/\/movantacamping.se\/wp-content\/uploads\/2025\/05\/Screenshot_20250530_122910_Facebook.jpg&#8221; icon_placement=&#8221;left&#8221; image_icon_width=&#8221;49px&#8221; content_max_width=&#8221;100%&#8221; _builder_version=&#8221;4.27.2&#8243; header_font=&#8221;Poppins|600|||||||&#8221; header_text_align=&#8221;left&#8221; header_text_color=&#8221;#000000&#8243; header_font_size=&#8221;16px&#8221; header_line_height=&#8221;1.3em&#8221; body_font=&#8221;Roboto|300|||||||&#8221; body_text_align=&#8221;left&#8221; body_text_color=&#8221;#000000&#8243; body_line_height=&#8221;1.8em&#8221; animation=&#8221;off&#8221; border_radii_image=&#8221;on|1000px|1000px|1000px|1000px&#8221; image_max_width=&#8221;50px&#8221; global_colors_info=&#8221;{}&#8221;]<\/p>\n<p class=\"tw-data-text tw-text-large tw-ta\" data-placeholder=\"\u00d6vers\u00e4ttning\" id=\"tw-target-text\" aria-label=\"\u00d6versatt text: Det finns flera grillplatser. Ved och eldgryta med lax eller k\u00f6tt kan best\u00e4llas. Bara s\u00e5 l\u00e4ckert!\" data-ved=\"2ahUKEwjn-8Ds1cqNAxVKAxAIHWvrBPcQ3ewLegQICRAV\" dir=\"ltr\"><span class=\"Y2IQFc\" lang=\"sv\">Es gibt mehrere Grillpl\u00e4tze auf dem Gel\u00e4nde. Brennholz und Feuereintopf mit Lachs oder Fleisch k\u00f6nnen bestellt werden. Einfach so lecker!<\/span><\/p>\n<p>[\/et_pb_blurb][et_pb_button button_url=&#8221;https:\/\/movantacamping.se\/wp-content\/uploads\/2025\/07\/freepik-untitled-project-20250706115637yYLS.jpeg&#8221; button_text=&#8221;Eldgryta&#8221; button_alignment=&#8221;center&#8221; _builder_version=&#8221;4.27.2&#8243; _module_preset=&#8221;default&#8221; custom_button=&#8221;on&#8221; button_text_size=&#8221;14px&#8221; button_text_color=&#8221;#E09900&#8243; global_colors_info=&#8221;{}&#8221;][\/et_pb_button][\/et_pb_column_inner][\/et_pb_row_inner][et_pb_row_inner column_structure=&#8221;1_2,1_2&#8243; use_custom_gutter=&#8221;on&#8221; gutter_width=&#8221;2&#8243; _builder_version=&#8221;4.16&#8243; custom_padding=&#8221;14px|||||&#8221; global_colors_info=&#8221;{}&#8221;][et_pb_column_inner type=&#8221;1_2&#8243; saved_specialty_column_type=&#8221;1_2&#8243; _builder_version=&#8221;4.16&#8243; custom_padding=&#8221;|||&#8221; global_colors_info=&#8221;{}&#8221; custom_padding__hover=&#8221;|||&#8221;][et_pb_blurb title=&#8221;Schack&#8221; image=&#8221;https:\/\/movantacamping.se\/wp-content\/uploads\/2025\/06\/IMG-20250621-WA0000.jpg&#8221; icon_placement=&#8221;left&#8221; image_icon_width=&#8221;50px&#8221; content_max_width=&#8221;100%&#8221; _builder_version=&#8221;4.27.2&#8243; header_font=&#8221;Poppins|600|||||||&#8221; header_text_align=&#8221;left&#8221; header_text_color=&#8221;#000000&#8243; header_font_size=&#8221;16px&#8221; header_line_height=&#8221;1.3em&#8221; body_font=&#8221;Roboto|300|||||||&#8221; body_text_align=&#8221;left&#8221; body_text_color=&#8221;#000000&#8243; body_line_height=&#8221;1.8em&#8221; animation=&#8221;off&#8221; border_radii_image=&#8221;on|1000px|1000px|1000px|1000px&#8221; image_max_width=&#8221;50px&#8221; global_colors_info=&#8221;{}&#8221;]<\/p>\n<p class=\"tw-data-text tw-text-large tw-ta\" data-placeholder=\"\u00d6vers\u00e4ttning\" id=\"tw-target-text\" aria-label=\"\u00d6versatt text: NYTT! Schackspel f\u00f6r alla. En fantastisk spelupplevelse.\" data-ved=\"2ahUKEwiv8qLFqIKOAxXMUlUIHVm3ApsQ3ewLegQICRAV\" dir=\"ltr\"><span class=\"Y2IQFc\" lang=\"sv\">NEU! Schachspiel f\u00fcr jedermann. Ein fantastisches Spielerlebnis.<\/span><\/p>\n<p>[\/et_pb_blurb][\/et_pb_column_inner][et_pb_column_inner type=&#8221;1_2&#8243; saved_specialty_column_type=&#8221;1_2&#8243; _builder_version=&#8221;4.16&#8243; custom_padding=&#8221;|||&#8221; global_colors_info=&#8221;{}&#8221; custom_padding__hover=&#8221;|||&#8221;][et_pb_blurb title=&#8221;Lekplats&#8221; image=&#8221;https:\/\/movantacamping.se\/wp-content\/uploads\/2020\/03\/barn_leker.jpg&#8221; icon_placement=&#8221;left&#8221; image_icon_width=&#8221;50px&#8221; content_max_width=&#8221;100%&#8221; _builder_version=&#8221;4.27.2&#8243; header_font=&#8221;Poppins|600|||||||&#8221; header_text_align=&#8221;left&#8221; header_text_color=&#8221;#000000&#8243; header_font_size=&#8221;16px&#8221; header_line_height=&#8221;1.3em&#8221; body_font=&#8221;Roboto|300|||||||&#8221; body_text_align=&#8221;left&#8221; body_text_color=&#8221;#000000&#8243; body_line_height=&#8221;1.8em&#8221; animation=&#8221;off&#8221; border_radii_image=&#8221;on|1000px|1000px|1000px|1000px&#8221; image_max_width=&#8221;50px&#8221; global_colors_info=&#8221;{}&#8221;]<\/p>\n<p>SPIELZEIT \ud83d\ude42 Direkt neben dem Badebereich befindet sich ein Spielplatz.<\/p>\n<p>[\/et_pb_blurb][\/et_pb_column_inner][\/et_pb_row_inner][et_pb_row_inner column_structure=&#8221;1_2,1_2&#8243; use_custom_gutter=&#8221;on&#8221; gutter_width=&#8221;2&#8243; _builder_version=&#8221;4.27.2&#8243; custom_padding=&#8221;14px|||||&#8221; collapsed=&#8221;off&#8221; global_colors_info=&#8221;{}&#8221;][et_pb_column_inner type=&#8221;1_2&#8243; saved_specialty_column_type=&#8221;1_2&#8243; _builder_version=&#8221;4.16&#8243; custom_padding=&#8221;|||&#8221; global_colors_info=&#8221;{}&#8221; custom_padding__hover=&#8221;|||&#8221;][et_pb_blurb title=&#8221;Br\u00f6d Service&#8221; image=&#8221;https:\/\/movantacamping.se\/wp-content\/uploads\/2025\/02\/FB_IMG_1738841337621.jpg&#8221; icon_placement=&#8221;left&#8221; image_icon_width=&#8221;50px&#8221; content_max_width=&#8221;100%&#8221; _builder_version=&#8221;4.27.2&#8243; header_font=&#8221;Poppins|600|||||||&#8221; header_text_align=&#8221;left&#8221; header_text_color=&#8221;#000000&#8243; header_font_size=&#8221;16px&#8221; header_line_height=&#8221;1.3em&#8221; body_font=&#8221;Roboto|300|||||||&#8221; body_text_align=&#8221;left&#8221; body_text_color=&#8221;#000000&#8243; body_line_height=&#8221;1.8em&#8221; animation=&#8221;off&#8221; border_radii_image=&#8221;on|1000px|1000px|1000px|1000px&#8221; image_max_width=&#8221;50px&#8221; global_colors_info=&#8221;{}&#8221;]<\/p>\n<p class=\"tw-data-text tw-text-large tw-ta\" data-placeholder=\"\u00d6vers\u00e4ttning\" id=\"tw-target-text\" aria-label=\"Auf Wunsch und nach Verf\u00fcgbarkeit k\u00f6nnen Sie Ihre vorbestellten Br\u00f6tchen auch morgens bei uns frisch abholen.\" data-ved=\"2ahUKEwjEoZyZ-s2NAxU1IRAIHRizCnkQ3ewLegQICRAV\" dir=\"ltr\"><span class=\"Y2IQFc\" lang=\"sv\">P\u00e5 beg\u00e4ran och av tillg\u00e5ng kan du h\u00e4mta dina f\u00e4rska, f\u00f6rbest\u00e4llda frallor hos oss p\u00e5 morgonen.<\/span><\/p>\n<p>[\/et_pb_blurb][et_pb_button button_url=&#8221;https:\/\/movantacamping.se\/wp-content\/uploads\/2025\/05\/IMG-20250522-WA0013.jpg&#8221; button_text=&#8221;Br\u00f6d Service&#8221; button_alignment=&#8221;center&#8221; _builder_version=&#8221;4.27.2&#8243; _module_preset=&#8221;default&#8221; custom_button=&#8221;on&#8221; button_text_size=&#8221;14px&#8221; global_colors_info=&#8221;{}&#8221;][\/et_pb_button][\/et_pb_column_inner][et_pb_column_inner type=&#8221;1_2&#8243; saved_specialty_column_type=&#8221;1_2&#8243; _builder_version=&#8221;4.27.2&#8243; _module_preset=&#8221;default&#8221; global_colors_info=&#8221;{}&#8221;][et_pb_blurb title=&#8221;B\u00e5tar&#8221; image=&#8221;https:\/\/movantacamping.se\/wp-content\/uploads\/2020\/05\/95404939_1104346136611707_5218296427536449536_n-scaled.jpg&#8221; icon_placement=&#8221;left&#8221; image_icon_width=&#8221;50px&#8221; content_max_width=&#8221;100%&#8221; _builder_version=&#8221;4.24.0&#8243; header_font=&#8221;Poppins|600|||||||&#8221; header_text_align=&#8221;left&#8221; header_text_color=&#8221;#000000&#8243; header_font_size=&#8221;16px&#8221; header_line_height=&#8221;1.3em&#8221; body_font=&#8221;Roboto|300|||||||&#8221; body_text_align=&#8221;left&#8221; body_text_color=&#8221;#000000&#8243; body_line_height=&#8221;1.8em&#8221; animation=&#8221;off&#8221; border_radii_image=&#8221;on|1000px|1000px|1000px|1000px&#8221; image_max_width=&#8221;50px&#8221; global_colors_info=&#8221;{}&#8221;]<\/p>\n<p>Ruderboote, Kanu\u00b4s und SUP\u00b4s kann man gerne ausleihen. Schwimmwesten bekommen Sie an der Rezeption.<\/p>\n<p>[\/et_pb_blurb][et_pb_button button_url=&#8221;https:\/\/movantacamping.se\/wp-content\/uploads\/2025\/05\/bater-kanoter-sup-2025.pdf&#8221; button_text=&#8221;Prislista&#8221; button_alignment=&#8221;center&#8221; _builder_version=&#8221;4.27.2&#8243; _module_preset=&#8221;default&#8221; custom_button=&#8221;on&#8221; button_text_size=&#8221;14px&#8221; button_text_color=&#8221;#7CDA24&#8243; button_bg_color=&#8221;#FFFFFF&#8221; global_colors_info=&#8221;{}&#8221;][\/et_pb_button][\/et_pb_column_inner][\/et_pb_row_inner][et_pb_row_inner column_structure=&#8221;1_2,1_2&#8243; _builder_version=&#8221;4.27.2&#8243; _module_preset=&#8221;default&#8221; global_colors_info=&#8221;{}&#8221;][et_pb_column_inner type=&#8221;1_2&#8243; saved_specialty_column_type=&#8221;1_2&#8243; _builder_version=&#8221;4.27.2&#8243; _module_preset=&#8221;default&#8221; global_colors_info=&#8221;{}&#8221;][et_pb_blurb title=&#8221;EKSJ\u00d6&#8221; url=&#8221;https:\/\/visiteksjo.se\/&#8221; image=&#8221;https:\/\/movantacamping.se\/wp-content\/uploads\/2024\/07\/LOGO-Eksjo.jpg&#8221; icon_placement=&#8221;left&#8221; image_icon_width=&#8221;50px&#8221; content_max_width=&#8221;100%&#8221; _builder_version=&#8221;4.27.2&#8243; header_font=&#8221;Poppins|600|||||||&#8221; header_text_align=&#8221;left&#8221; header_text_color=&#8221;#000000&#8243; header_font_size=&#8221;16px&#8221; header_line_height=&#8221;1.3em&#8221; body_font=&#8221;Roboto|300|||||||&#8221; body_text_align=&#8221;left&#8221; body_text_color=&#8221;#000000&#8243; body_line_height=&#8221;1.8em&#8221; animation=&#8221;off&#8221; border_radii_image=&#8221;on|1000px|1000px|1000px|1000px&#8221; image_max_width=&#8221;50px&#8221; global_colors_info=&#8221;{}&#8221;]<\/p>\n<p class=\"tw-data-text tw-text-large tw-ta\" data-placeholder=\"\u00d6vers\u00e4ttning\" id=\"tw-target-text\" aria-label=\"\u00d6versatt text\" data-ved=\"2ahUKEwjwoPW4rp-HAxXpExAIHc6JC8kQ3ewLegQIExAU\" dir=\"ltr\"><span class=\"Y2IQFc\" lang=\"sv\">Besuchen Sie die Website der Touristeninformation in Eksj\u00f6. Es gibt so viel zu entdecken.<\/span><\/p>\n<p>[\/et_pb_blurb][et_pb_button button_url=&#8221;https:\/\/visiteksjo.se\/&#8221; button_text=&#8221;VISIT EKSJ\u00d6&#8221; button_alignment=&#8221;center&#8221; _builder_version=&#8221;4.27.2&#8243; _module_preset=&#8221;default&#8221; custom_button=&#8221;on&#8221; button_text_size=&#8221;15px&#8221; button_text_color=&#8221;#E02B20&#8243; global_colors_info=&#8221;{}&#8221;][\/et_pb_button][\/et_pb_column_inner][et_pb_column_inner type=&#8221;1_2&#8243; saved_specialty_column_type=&#8221;1_2&#8243; _builder_version=&#8221;4.27.2&#8243; _module_preset=&#8221;default&#8221; global_colors_info=&#8221;{}&#8221;][et_pb_blurb title=&#8221;Fiske&#8221; image=&#8221;https:\/\/movantacamping.se\/wp-content\/uploads\/2022\/03\/Klinten_kanot.jpg&#8221; icon_placement=&#8221;left&#8221; image_icon_width=&#8221;50px&#8221; content_max_width=&#8221;100%&#8221; _builder_version=&#8221;4.27.2&#8243; header_font=&#8221;Poppins|600|||||||&#8221; header_text_align=&#8221;left&#8221; header_text_color=&#8221;#000000&#8243; header_font_size=&#8221;16px&#8221; header_line_height=&#8221;1.3em&#8221; body_font=&#8221;Roboto|300|||||||&#8221; body_text_align=&#8221;left&#8221; body_text_color=&#8221;#000000&#8243; body_line_height=&#8221;1.8em&#8221; animation=&#8221;off&#8221; border_radii_image=&#8221;on|1000px|1000px|1000px|1000px&#8221; image_max_width=&#8221;50px&#8221; global_colors_info=&#8221;{}&#8221;]<\/p>\n<p>Angelscheine k\u00f6nnen an der Rezeption oder online erworben werden:<\/p>\n<p>[\/et_pb_blurb][et_pb_button button_url=&#8221;https:\/\/www.ifiske.se\/fiskekort-forsjon.htm&#8221; button_text=&#8221;Fiskekort&#8221; button_alignment=&#8221;center&#8221; _builder_version=&#8221;4.27.2&#8243; _module_preset=&#8221;default&#8221; custom_button=&#8221;on&#8221; button_text_size=&#8221;14px&#8221; button_text_color=&#8221;#0C71C3&#8243; global_colors_info=&#8221;{}&#8221;][\/et_pb_button][\/et_pb_column_inner][\/et_pb_row_inner][et_pb_row_inner _builder_version=&#8221;4.27.2&#8243; _module_preset=&#8221;default&#8221; global_colors_info=&#8221;{}&#8221;][et_pb_column_inner saved_specialty_column_type=&#8221;1_2&#8243; _builder_version=&#8221;4.27.2&#8243; _module_preset=&#8221;default&#8221; global_colors_info=&#8221;{}&#8221;][et_pb_blurb image=&#8221;https:\/\/movantacamping.se\/wp-content\/uploads\/2025\/06\/IMG_0028001.jpg&#8221; icon_placement=&#8221;left&#8221; image_icon_width=&#8221;187%&#8221; _builder_version=&#8221;4.27.2&#8243; _module_preset=&#8221;default&#8221; border_radii_image=&#8221;on|1000px|1000px|1000px|1000px&#8221; global_colors_info=&#8221;{}&#8221; disabled_on=&#8221;on|on|on&#8221; disabled=&#8221;on&#8221;]<\/p>\n<h4><strong>UNNA DIG EN H\u00c4RLIG MASSAGE!<\/strong><\/h4>\n<p>Jag heter Cecilia Bj\u00f6rk och \u00e4r massageterapeut. I vanliga fall masserar jag p\u00e5 min mottagning i Tulling, S\u00f6der om Stockholm.<\/p>\n<p>Under Juli, d\u00e5 jag bor i mitt torp utanf\u00f6r Hult, masserar jag h\u00e4r p\u00e5 MOV\u00c4NTA CAMPING. Passa p\u00e5 att unna dig en h\u00e4rlig massage! Lediga tider ser du p\u00e5 min hemsina: <a href=\"https:\/\/berora.se\/movanta\">Berora.se\/movanta<\/a><\/p>\n<p>H\u00f6r av dig och boka din tid p\u00e5 0702897876<\/p>\n<p>V\u00e4lkommen! Cilla<\/p>\n<p>[\/et_pb_blurb][\/et_pb_column_inner][\/et_pb_row_inner][\/et_pb_column][et_pb_column type=&#8221;1_2&#8243; _builder_version=&#8221;4.16&#8243; custom_padding=&#8221;|||&#8221; global_colors_info=&#8221;{}&#8221; custom_padding__hover=&#8221;|||&#8221;][et_pb_divider show_divider=&#8221;off&#8221; disabled_on=&#8221;off|off|on&#8221; _builder_version=&#8221;4.16&#8243; custom_padding=&#8221;247px||247px||true&#8221; global_colors_info=&#8221;{}&#8221;][\/et_pb_divider][\/et_pb_column][\/et_pb_section]<\/p>","protected":false},"excerpt":{"rendered":"<p>AktiviteterF\u00f6rsj\u00f6n ligger i ett natursk\u00f6nt omr\u00e5de en kilometer norr om Hult samh\u00e4lle \u00f6ster om Eksj\u00f6. Sj\u00f6n \u00e4r ett Natura 2000 omr\u00e5de med h\u00f6ga naturv\u00e4rden.Aktiviteter i omgivningarnaMOV\u00c4NTA CAMPING \u00e4r den perfekta utg\u00e5ngspunkten till m\u00e5nga trevliga bes\u00f6ksm\u00e5l i l\u00e4net.Fr\u00e5n den unika tr\u00e4staden, Eksj\u00f6 till Filmbyn i Mariannelund. Kulturhistoriska milj\u00f6er, trolska sm\u00e5l\u00e4ndska urskogar, of\u00f6rgl\u00f6mliga utsikter och glittrande vatten. [&hellip;]<\/p>","protected":false},"author":1,"featured_media":0,"parent":0,"menu_order":0,"comment_status":"closed","ping_status":"closed","template":"","meta":{"_et_pb_use_builder":"on","_et_pb_old_content":"","_et_gb_content_width":"","footnotes":""},"class_list":["post-50647","page","type-page","status-publish","hentry"],"_links":{"self":[{"href":"https:\/\/movantacamping.se\/de_de\/wp-json\/wp\/v2\/pages\/50647"}],"collection":[{"href":"https:\/\/movantacamping.se\/de_de\/wp-json\/wp\/v2\/pages"}],"about":[{"href":"https:\/\/movantacamping.se\/de_de\/wp-json\/wp\/v2\/types\/page"}],"author":[{"embeddable":true,"href":"https:\/\/movantacamping.se\/de_de\/wp-json\/wp\/v2\/users\/1"}],"replies":[{"embeddable":true,"href":"https:\/\/movantacamping.se\/de_de\/wp-json\/wp\/v2\/comments?post=50647"}],"version-history":[{"count":59,"href":"https:\/\/movantacamping.se\/de_de\/wp-json\/wp\/v2\/pages\/50647\/revisions"}],"predecessor-version":[{"id":77783,"href":"https:\/\/movantacamping.se\/de_de\/wp-json\/wp\/v2\/pages\/50647\/revisions\/77783"}],"wp:attachment":[{"href":"https:\/\/movantacamping.se\/de_de\/wp-json\/wp\/v2\/media?parent=50647"}],"curies":[{"name":"wp","href":"https:\/\/api.w.org\/{rel}","templated":true}]}}