	
{"id":50344,"date":"2020-02-25T13:36:12","date_gmt":"2020-02-25T12:36:12","guid":{"rendered":"http:\/\/2020.movantacamping.se\/?page_id=50344"},"modified":"2026-01-14T14:50:08","modified_gmt":"2026-01-14T13:50:08","slug":"campingplatser","status":"publish","type":"page","link":"https:\/\/movantacamping.se\/de_de\/campingplatser\/","title":{"rendered":"Camping"},"content":{"rendered":"<p>[et_pb_section fb_built=&#8221;1&#8243; _builder_version=&#8221;4.16&#8243; background_image=&#8221;https:\/\/movantacamping.se\/wp-content\/uploads\/2020\/03\/movanta_bakgrund.jpg&#8221; background_position=&#8221;top_center&#8221; custom_padding=&#8221;0px||60px||false|false&#8221; global_colors_info=&#8221;{}&#8221;][et_pb_row use_custom_gutter=&#8221;on&#8221; gutter_width=&#8221;2&#8243; make_equal=&#8221;on&#8221; _builder_version=&#8221;4.16&#8243; custom_padding=&#8221;100px||20px||false|false&#8221; global_colors_info=&#8221;{}&#8221;][et_pb_column type=&#8221;4_4&#8243; _builder_version=&#8221;4.16&#8243; global_colors_info=&#8221;{}&#8221;][et_pb_text _builder_version=&#8221;4.16&#8243; text_font=&#8221;Muli||||||||&#8221; text_text_color=&#8221;#5499D4&#8243; text_font_size=&#8221;16px&#8221; header_font=&#8221;Poppins|700|||||||&#8221; header_text_align=&#8221;center&#8221; header_text_color=&#8221;#ffffff&#8221; header_line_height=&#8221;1.3em&#8221; text_orientation=&#8221;center&#8221; max_width=&#8221;900px&#8221; module_alignment=&#8221;center&#8221; header_font_size_tablet=&#8221;&#8221; header_font_size_phone=&#8221;25px&#8221; header_font_size_last_edited=&#8221;on|desktop&#8221; header_line_height_tablet=&#8221;&#8221; header_line_height_phone=&#8221;1.2em&#8221; header_line_height_last_edited=&#8221;on|desktop&#8221; global_colors_info=&#8221;{}&#8221;]<\/p>\n<h1>Camping<\/h1>\n<p>[\/et_pb_text][\/et_pb_column][\/et_pb_row][\/et_pb_section][et_pb_section fb_built=&#8221;1&#8243; custom_padding_last_edited=&#8221;on|desktop&#8221; _builder_version=&#8221;4.16&#8243; custom_padding=&#8221;20px|0px|20px|0px|false|false&#8221; custom_padding_tablet=&#8221;&#8221; custom_padding_phone=&#8221;90px||150px||false&#8221; global_colors_info=&#8221;{}&#8221;][et_pb_row column_structure=&#8221;1_2,1_2&#8243; use_custom_gutter=&#8221;on&#8221; gutter_width=&#8221;2&#8243; make_equal=&#8221;on&#8221; _builder_version=&#8221;4.16&#8243; width_tablet=&#8221;90%&#8221; width_phone=&#8221;90%&#8221; width_last_edited=&#8221;off|phone&#8221; max_width_tablet=&#8221;90%&#8221; max_width_phone=&#8221;90%&#8221; max_width_last_edited=&#8221;off|tablet&#8221; custom_padding=&#8221;5px|0px||0px|false|false&#8221; animation_direction=&#8221;bottom&#8221; global_colors_info=&#8221;{}&#8221;][et_pb_column type=&#8221;1_2&#8243; _builder_version=&#8221;4.16&#8243; custom_padding=&#8221;|||&#8221; global_colors_info=&#8221;{}&#8221; custom_padding__hover=&#8221;|||&#8221;][et_pb_text _builder_version=&#8221;4.16&#8243; text_font=&#8221;Poppins|700|||||||&#8221; text_text_color=&#8221;#000000&#8243; text_font_size=&#8221;20px&#8221; text_line_height=&#8221;1.5em&#8221; custom_margin=&#8221;-6px|||&#8221; custom_padding=&#8221;|||&#8221; text_line_height_tablet=&#8221;&#8221; text_line_height_phone=&#8221;1.2em&#8221; text_line_height_last_edited=&#8221;on|phone&#8221; global_colors_info=&#8221;{}&#8221;]<\/p>\n<p>Camping f\u00fcr die ganze Familie<\/p>\n<p>[\/et_pb_text][et_pb_button button_url=&#8221;https:\/\/app.anigma.pongosystems.com\/external-booking?propertyId=11&#8243; url_new_window=&#8221;on&#8221; button_text=&#8221;BOKA NU&#8221; button_alignment=&#8221;center&#8221; _builder_version=&#8221;4.27.2&#8243; _module_preset=&#8221;default&#8221; custom_padding=&#8221;0px|||||&#8221; hover_enabled=&#8221;0&#8243; global_colors_info=&#8221;{}&#8221; custom_button=&#8221;on&#8221; button_text_size=&#8221;24px&#8221; button_text_color=&#8221;#12876F&#8221; button_bg_color=&#8221;#FFFFFF&#8221; button_bg_enable_color=&#8221;on&#8221; button_border_radius=&#8221;5px&#8221; button_font=&#8221;||||||||&#8221; button_use_icon=&#8221;off&#8221; button_border_color=&#8221;#000000&#8243; sticky_enabled=&#8221;0&#8243;][\/et_pb_button][et_pb_blurb use_icon=&#8221;on&#8221; font_icon=&#8221;&#x4e;||divi||400&#8243; icon_color=&#8221;#000000&#8243; image_icon_width=&#8221;27px&#8221; icon_alignment=&#8221;left&#8221; _builder_version=&#8221;4.27.2&#8243; _module_preset=&#8221;default&#8221; header_text_align=&#8221;left&#8221; body_font=&#8221;Roboto|300|||||||&#8221; body_text_align=&#8221;left&#8221; body_text_color=&#8221;#000000&#8243; body_font_size=&#8221;18px&#8221; body_line_height=&#8221;1.4em&#8221; min_height=&#8221;31.2px&#8221; global_colors_info=&#8221;{}&#8221;]<\/p>\n<p>K\u00f6k med disk m\u00f6jligheter<\/p>\n<p>Wickelbereich f\u00fcr die Kleinsten<\/p>\n<p>Duschen und Toiletten<\/p>\n<p>Handicap Toilette und Dusche<\/p>\n<p>2 W\u00e4sche und Trockner<\/p>\n<p>Latrinenentleerung f\u00fcr lose Tanks<\/p>\n<p>Abgabestation<\/p>\n<p>Auf dem MOV\u00c4NTA Campingplatz gibt es insgesamt<strong> 78 Campingpl\u00e4tze<\/strong> alle haben einen Stromanschluss. 16 unserer Campingpl\u00e4tze haben einen wundersch\u00f6nen<strong> Seeblick.<\/strong>Die meisten Campingpl\u00e4tze befinden sich zudem in der N\u00e4he der beiden Servicebereiche, wo Sie alles Notwendige finden.<\/p>\n<p>[\/et_pb_blurb][\/et_pb_column][et_pb_column type=&#8221;1_2&#8243; _builder_version=&#8221;4.16&#8243; custom_padding=&#8221;|||&#8221; global_colors_info=&#8221;{}&#8221; custom_padding__hover=&#8221;|||&#8221;][et_pb_image src=&#8221;https:\/\/movantacamping.se\/wp-content\/uploads\/2024\/07\/IMG-20240711-WA0037.jpg&#8221; title_text=&#8221;IMG-20240711-WA0037&#8243; _builder_version=&#8221;4.27.2&#8243; max_width=&#8221;80%&#8221; module_alignment=&#8221;right&#8221; border_radii=&#8221;on|1000px|1000px|1000px|1000px&#8221; always_center_on_mobile=&#8221;off&#8221; global_colors_info=&#8221;{}&#8221;][\/et_pb_image][et_pb_image src=&#8221;https:\/\/movantacamping.se\/wp-content\/uploads\/2024\/07\/294769327_6001337586560902_7245927372228205750_n.jpg&#8221; title_text=&#8221;294769327_6001337586560902_7245927372228205750_n&#8221; _builder_version=&#8221;4.27.2&#8243; max_width=&#8221;44%&#8221; module_alignment=&#8221;left&#8221; custom_margin=&#8221;-339px|||&#8221; custom_margin_tablet=&#8221;-398px|||&#8221; custom_margin_phone=&#8221;-265px||&#8221; custom_margin_last_edited=&#8221;on|tablet&#8221; custom_padding=&#8221;||100px||false|false&#8221; border_radii=&#8221;on|1000px|1000px|1000px|1000px&#8221; border_width_all=&#8221;9px&#8221; border_color_all=&#8221;#ffffff&#8221; always_center_on_mobile=&#8221;off&#8221; global_colors_info=&#8221;{}&#8221;][\/et_pb_image][\/et_pb_column][\/et_pb_row][et_pb_row column_structure=&#8221;1_2,1_2&#8243; _builder_version=&#8221;4.27.2&#8243; _module_preset=&#8221;default&#8221; min_height=&#8221;402.2px&#8221; custom_padding=&#8221;69px|||||&#8221; global_colors_info=&#8221;{}&#8221;][et_pb_column type=&#8221;1_2&#8243; _builder_version=&#8221;4.27.2&#8243; _module_preset=&#8221;default&#8221; global_colors_info=&#8221;{}&#8221;][et_pb_text _builder_version=&#8221;4.27.2&#8243; _module_preset=&#8221;default&#8221; custom_margin=&#8221;-26px|||||&#8221; global_colors_info=&#8221;{}&#8221;]<\/p>\n<h2><strong>Campingplats standard<\/strong><\/h2>\n<h4><strong>Zelt, Wohnwagen oder Wohnmobil<\/strong><\/h4>\n<p><strong><\/strong><\/p>\n<p><strong>Nebensaison<br \/><\/strong>1 jan-14 juni \u2013 1 sept -31 dec:<span>\u00a0<\/span><strong><span>230 SEK\/Nacht<\/span><br \/><\/strong><strong>Hochsaison:<br \/><\/strong>15 juni \u2013 31 augusti:<span>\u00a0<\/span><strong><span>290 SEK \/ Nacht<\/span><br \/><\/strong><strong>Midsommar 2026:<br \/><\/strong>18 juni \u2013 21 juni:<span>\u00a0<\/span><span><strong>370 SEK\/Nacht<\/strong><\/span><\/p>\n<p><strong>Dusche<br \/><\/strong>5 Minuten Dusche im Preis<strong><br \/><span><\/span><\/strong><\/p>\n<p><strong>ACHTUNG!<\/strong><span>\u00a0<\/span>Strom kommt f\u00fcr 60 SEK\/Nacht hinzu.<\/p>\n<p>[\/et_pb_text][\/et_pb_column][et_pb_column type=&#8221;1_2&#8243; _builder_version=&#8221;4.27.2&#8243; _module_preset=&#8221;default&#8221; global_colors_info=&#8221;{}&#8221;][et_pb_text _builder_version=&#8221;4.27.2&#8243; _module_preset=&#8221;default&#8221; custom_margin=&#8221;-32px|||||&#8221; global_colors_info=&#8221;{}&#8221;]<\/p>\n<h2><strong>Campingplatz am Wasser<\/strong><\/h2>\n<h4><strong>Zelt, Wohnwagen oder Wohnmobil<\/strong><\/h4>\n<p><strong><\/strong><\/p>\n<p><strong>Nebensaison<br \/><\/strong>1 jan-14 juni \u2013 1 sept -31 dec:<span>\u00a0<\/span><strong><span>270 SEK\/Nacht<\/span><br \/><\/strong><strong>Hochsaison:<br \/><\/strong>15 juni \u2013 31 augusti:<span>\u00a0<\/span><strong><span>330 SEK\/Nacht<\/span><br \/><\/strong><strong>Midsommar 2026:<br \/><\/strong>18 juni \u2013 21 juni:<span>\u00a0<\/span><span><strong>370 SEK\/Nacht<\/strong><\/span><\/p>\n<p><strong>Dusche<br \/><\/strong>5 Minuten Dusche im Preis<strong><br \/><span><\/span><\/strong><\/p>\n<p><strong>ACHTUNG!<\/strong><span>\u00a0<\/span>Strom kommt f\u00fcr 60 SEK\/Nacht hinzu.<\/p>\n<p>[\/et_pb_text][\/et_pb_column][\/et_pb_row][et_pb_row _builder_version=&#8221;4.27.2&#8243; _module_preset=&#8221;default&#8221; global_colors_info=&#8221;{}&#8221;][et_pb_column type=&#8221;4_4&#8243; _builder_version=&#8221;4.27.2&#8243; _module_preset=&#8221;default&#8221; global_colors_info=&#8221;{}&#8221;][et_pb_gallery gallery_ids=&#8221;71066,69883,72631,71661,71064,69884,72625,69880,69873,69870,69882,69879,69886,69878,69630,69868,69627,69605,69577,69571,69574,69567,69568,69553,69550,69526,69518,69525,69524,58713,69546,69566,69580,69881,55230,72686,72627,69869,69556,55235,55226,54793,54797,69516,53485,53472,50943,69517&#8243; posts_number=&#8221;12&#8243; show_title_and_caption=&#8221;off&#8221; _builder_version=&#8221;4.27.2&#8243; _module_preset=&#8221;default&#8221; global_colors_info=&#8221;{}&#8221;][\/et_pb_gallery][\/et_pb_column][\/et_pb_row][et_pb_row disabled_on=&#8221;on|on|on&#8221; _builder_version=&#8221;4.16&#8243; _module_preset=&#8221;default&#8221; disabled=&#8221;on&#8221; global_colors_info=&#8221;{}&#8221;][et_pb_column type=&#8221;4_4&#8243; _builder_version=&#8221;4.16&#8243; _module_preset=&#8221;default&#8221; global_colors_info=&#8221;{}&#8221;][et_pb_shop type=&#8221;product_category&#8221; show_pagination=&#8221;on&#8221; include_categories=&#8221;17,50,49&#8243; disabled_on=&#8221;off|off|off&#8221; _builder_version=&#8221;4.24.0&#8243; _module_preset=&#8221;default&#8221; global_colors_info=&#8221;{}&#8221;][\/et_pb_shop][\/et_pb_column][\/et_pb_row][\/et_pb_section]<\/p>","protected":false},"excerpt":{"rendered":"<p>CampingplatserCamping f\u00f6r hela familjenK\u00f6k med disk m\u00f6jligheter Sk\u00f6trum Duschar och toaletter Handikapp toalett och dusch Tv\u00e4tt och torktumlare Latrint\u00f6mning f\u00f6r l\u00f6sa tankar T\u00f6mningsstation f\u00f6r gr\u00e5vatten P\u00e5 MOV\u00c4NTA Camping har vi sammanlagt 78 campingtomter alla \u00e4r med el. Flera av v\u00e5ra campingtomter har sj\u00f6utsikt. De flesta campingtomter ligger \u00e4ven n\u00e4ra v\u00e5ra tv\u00e5 serviceutrymmen d\u00e4r du hittar [&hellip;]<\/p>","protected":false},"author":1,"featured_media":0,"parent":0,"menu_order":0,"comment_status":"closed","ping_status":"closed","template":"","meta":{"_et_pb_use_builder":"on","_et_pb_old_content":"","_et_gb_content_width":"","footnotes":""},"class_list":["post-50344","page","type-page","status-publish","hentry"],"_links":{"self":[{"href":"https:\/\/movantacamping.se\/de_de\/wp-json\/wp\/v2\/pages\/50344"}],"collection":[{"href":"https:\/\/movantacamping.se\/de_de\/wp-json\/wp\/v2\/pages"}],"about":[{"href":"https:\/\/movantacamping.se\/de_de\/wp-json\/wp\/v2\/types\/page"}],"author":[{"embeddable":true,"href":"https:\/\/movantacamping.se\/de_de\/wp-json\/wp\/v2\/users\/1"}],"replies":[{"embeddable":true,"href":"https:\/\/movantacamping.se\/de_de\/wp-json\/wp\/v2\/comments?post=50344"}],"version-history":[{"count":60,"href":"https:\/\/movantacamping.se\/de_de\/wp-json\/wp\/v2\/pages\/50344\/revisions"}],"predecessor-version":[{"id":78863,"href":"https:\/\/movantacamping.se\/de_de\/wp-json\/wp\/v2\/pages\/50344\/revisions\/78863"}],"wp:attachment":[{"href":"https:\/\/movantacamping.se\/de_de\/wp-json\/wp\/v2\/media?parent=50344"}],"curies":[{"name":"wp","href":"https:\/\/api.w.org\/{rel}","templated":true}]}}