	
{"id":2,"date":"2020-02-24T15:40:43","date_gmt":"2020-02-24T14:40:43","guid":{"rendered":"http:\/\/2020.movantacamping.se\/?page_id=2"},"modified":"2026-03-18T11:39:13","modified_gmt":"2026-03-18T10:39:13","slug":"exempelsida","status":"publish","type":"page","link":"https:\/\/movantacamping.se\/de_de\/","title":{"rendered":"Zuhause"},"content":{"rendered":"<p>[et_pb_section fb_built=&#8221;1&#8243; _builder_version=&#8221;4.27.2&#8243; background_image=&#8221;https:\/\/movantacamping.se\/wp-content\/uploads\/2024\/08\/IMG_20240802_111941_667-scaled.jpg&#8221; parallax=&#8221;on&#8221; custom_padding=&#8221;0px||60px||false|false&#8221; background_last_edited=&#8221;on|phone&#8221; global_colors_info=&#8221;{}&#8221;][et_pb_row use_custom_gutter=&#8221;on&#8221; gutter_width=&#8221;2&#8243; make_equal=&#8221;on&#8221; _builder_version=&#8221;4.16&#8243; custom_padding=&#8221;70px||42px||false|false&#8221; global_colors_info=&#8221;{}&#8221;][et_pb_column type=&#8221;4_4&#8243; _builder_version=&#8221;4.16&#8243; global_colors_info=&#8221;{}&#8221;][et_pb_image src=&#8221;https:\/\/movantacamping.se\/wp-content\/uploads\/2020\/03\/Movanta_camping_vit.png&#8221; title_text=&#8221;Movanta_camping_vit&#8221; align=&#8221;center&#8221; _builder_version=&#8221;4.22.0&#8243; animation_style=&#8221;slide&#8221; global_colors_info=&#8221;{}&#8221;][\/et_pb_image][et_pb_button button_url=&#8221;https:\/\/app.anigma.pongosystems.com\/external-booking?propertyId=11&#8243; url_new_window=&#8221;on&#8221; button_text=&#8221;BOKA NU&#8221; button_alignment=&#8221;center&#8221; _builder_version=&#8221;4.27.2&#8243; custom_button=&#8221;on&#8221; button_text_size=&#8221;20px&#8221; button_text_color=&#8221;#000000&#8243; button_bg_color=&#8221;#ffcc00&#8243; button_border_width=&#8221;1px&#8221; button_border_color=&#8221;#ffffff&#8221; button_border_radius=&#8221;0px&#8221; button_letter_spacing=&#8221;1px&#8221; button_font=&#8221;Poppins|||on|||||&#8221; button_use_icon=&#8221;off&#8221; custom_margin=&#8221;||45px|||&#8221; custom_padding=&#8221;17px|30px|17px|30px|true|true&#8221; animation_style=&#8221;zoom&#8221; global_colors_info=&#8221;{}&#8221; button_bg_color__hover_enabled=&#8221;on&#8221; button_bg_color__hover=&#8221;#bfbfbf&#8221; button_letter_spacing__hover_enabled=&#8221;on&#8221; button_letter_spacing__hover=&#8221;2px&#8221; button_border_color__hover_enabled=&#8221;on&#8221; button_border_color__hover=&#8221;#bfbfbf&#8221; button_text_color__hover_enabled=&#8221;on&#8221; button_text_color__hover=&#8221;#474747&#8243;][\/et_pb_button][et_pb_text disabled_on=&#8221;on|on|on&#8221; _builder_version=&#8221;4.16&#8243; header_font=&#8221;Poppins|600|||||||&#8221; header_text_align=&#8221;center&#8221; header_text_color=&#8221;#ffffff&#8221; header_font_size=&#8221;40px&#8221; header_line_height=&#8221;1.3em&#8221; header_4_text_align=&#8221;center&#8221; header_4_text_color=&#8221;#ffffff&#8221; header_4_line_height=&#8221;1.4em&#8221; max_width=&#8221;800px&#8221; module_alignment=&#8221;center&#8221; header_font_size_tablet=&#8221;30px&#8221; header_font_size_phone=&#8221;25px&#8221; header_font_size_last_edited=&#8221;on|desktop&#8221; text_text_shadow_style=&#8221;preset3&#8243; text_text_shadow_color=&#8221;#000000&#8243; header_text_shadow_style=&#8221;preset3&#8243; header_text_shadow_color=&#8221;#000000&#8243; disabled=&#8221;on&#8221; global_colors_info=&#8221;{}&#8221;]<\/p>\n<h1>L\u00e4ge f\u00f6r nya upplevelser!<\/h1>\n<h4>Din tid \u00e4r dyrbar, njut av den p\u00e5 en natursk\u00f6n plats mitt i Sm\u00e5land. Bokar du f\u00f6rst f\u00e5r du b\u00e4sta l\u00e4get. Det \u00e4r helt enkelt l\u00e4ge att boka din camping nu!<\/h4>\n<p>[\/et_pb_text][\/et_pb_column][\/et_pb_row][et_pb_row column_structure=&#8221;1_2,1_4,1_4&#8243; use_custom_gutter=&#8221;on&#8221; gutter_width=&#8221;2&#8243; make_equal=&#8221;on&#8221; custom_padding_last_edited=&#8221;on|phone&#8221; _builder_version=&#8221;4.24.0&#8243; background_color=&#8221;rgba(255,255,255,0.85)&#8221; custom_margin=&#8221;||||false|false&#8221; custom_padding=&#8221;|60px||60px|true|true&#8221; custom_padding_tablet=&#8221;|60px||60px|true|true&#8221; custom_padding_phone=&#8221;|10px||10px|true|true&#8221; box_shadow_style=&#8221;preset1&#8243; box_shadow_blur=&#8221;66px&#8221; box_shadow_color=&#8221;rgba(155,155,155,0.3)&#8221; global_colors_info=&#8221;{}&#8221;][et_pb_column type=&#8221;1_2&#8243; _builder_version=&#8221;4.16&#8243; custom_padding=&#8221;|74px|||false|false&#8221; custom_padding_tablet=&#8221;|0px|40px||false|false&#8221; custom_padding_phone=&#8221;|0px|40px||false|false&#8221; custom_padding_last_edited=&#8221;on|phone&#8221; global_colors_info=&#8221;{}&#8221;][et_pb_text _builder_version=&#8221;4.27.2&#8243; header_font=&#8221;Poppins|600|||||||&#8221; header_text_color=&#8221;#000000&#8243; header_font_size=&#8221;25px&#8221; header_line_height=&#8221;1.3em&#8221; max_width=&#8221;100%&#8221; max_height=&#8221;1000px&#8221; custom_margin=&#8221;|-53px||||&#8221; global_colors_info=&#8221;{}&#8221;]<\/p>\n<h1 style=\"text-align: center;\">Willkommen auf<\/h1>\n<h1 style=\"text-align: center;\">MOV\u00c4NTA Camping.<\/h1>\n<h4 style=\"text-align: center;\">Macht euren Urlaub zu etwas ganz besonderen<\/h4>\n<h4 style=\"text-align: center;\">bei uns auf MOV\u00c4NTA Camping.<\/h4>\n<p>[\/et_pb_text][et_pb_text _builder_version=&#8221;4.27.2&#8243; text_font=&#8221;Roboto|300|||||||&#8221; text_text_color=&#8221;#000000&#8243; text_font_size=&#8221;15px&#8221; text_line_height=&#8221;1.8em&#8221; custom_margin=&#8221;-5px||18px||false|false&#8221; custom_margin_tablet=&#8221;-16px||||false|false&#8221; custom_margin_phone=&#8221;-16px||||false|false&#8221; custom_margin_last_edited=&#8221;on|tablet&#8221; custom_padding=&#8221;||17px|||&#8221; global_colors_info=&#8221;{}&#8221;]<\/p>\n<p style=\"text-align: center;\">Egal ob ihr nur eine Nacht bleibt oder einen l\u00e4ngeren Aufenthalt plant, unser oberstes Ziel ist es, dass ihr euch rundum wohlf\u00fchlt. Wir sprechen verschiedene Sprachen darunter auch deutsch, also sprecht uns uns sehr gern an.<\/p>\n<p>[\/et_pb_text][et_pb_button button_url=&#8221;https:\/\/movantacamping.se\/wp-content\/uploads\/2022\/11\/MOVANTA-KARTA_2022_nya_nr2.png&#8221; button_text=&#8221;Klick h\u00e4r f\u00f6r camping karta&#8221; button_alignment=&#8221;center&#8221; _builder_version=&#8221;4.27.2&#8243; _module_preset=&#8221;default&#8221; custom_button=&#8221;on&#8221; button_text_color=&#8221;#58b51e&#8221; button_bg_color=&#8221;RGBA(255,255,255,0)&#8221; custom_margin=&#8221;||28px|||&#8221; custom_padding=&#8221;||0px|||&#8221; global_colors_info=&#8221;{}&#8221;][\/et_pb_button][et_pb_text _builder_version=&#8221;4.27.2&#8243; text_text_color=&#8221;#79b21e&#8221; header_text_color=&#8221;#4bb51e&#8221; header_2_font=&#8221;||||||||&#8221; header_2_text_color=&#8221;#4da81c&#8221; header_2_font_size=&#8221;20px&#8221; header_2_line_height=&#8221;1.3em&#8221; header_4_line_height=&#8221;1.3em&#8221; min_height=&#8221;158px&#8221; custom_margin=&#8221;||6px|||&#8221; custom_padding=&#8221;||2px|||&#8221; text_font_tablet=&#8221;&#8221; text_font_phone=&#8221;&#8221; text_font_last_edited=&#8221;on|desktop&#8221; header_2_font_size_tablet=&#8221;&#8221; header_2_font_size_phone=&#8221;22px&#8221; header_2_font_size_last_edited=&#8221;on|phone&#8221; global_colors_info=&#8221;{}&#8221;]<\/p>\n<h1 style=\"text-align: center;\"><span style=\"color: #ff0000;\">MOV\u00c4NTA CAMPING<\/span><\/h1>\n<h2 style=\"text-align: center;\"><span style=\"color: #ff0000;\">das ganze Jahr ge\u00f6ffnet.<\/span><\/h2>\n<h2 style=\"text-align: center;\"><span style=\"color: #ff0000;\">In der Nebensaison bitte anrufen! (deutschsprachig)<\/span><\/h2>\n<h2 style=\"text-align: center;\"><span style=\"color: #ff0000;\">(0046) 072 7317 575<\/span><\/h2>\n<p style=\"text-align: center;\"><span style=\"color: #ff0000;\"><\/span><\/p>\n<p style=\"text-align: left;\"><span style=\"color: #ff0000;\"><\/span><\/p>\n<h2 style=\"text-align: left;\"><\/h2>\n<p style=\"text-align: left;\"><span style=\"color: #ff0000;\"><\/span><\/p>\n<p>[\/et_pb_text][et_pb_social_media_follow _builder_version=&#8221;4.27.2&#8243; text_orientation=&#8221;right&#8221; custom_margin=&#8221;||||false|false&#8221; custom_padding=&#8221;10px||||false|false&#8221; custom_css_main_element=&#8221;padding-right:50px !important;&#8221; global_colors_info=&#8221;{}&#8221;][et_pb_social_media_follow_network social_network=&#8221;facebook&#8221; url=&#8221;https:\/\/www.facebook.com\/movantaCamping\/&#8221; _builder_version=&#8221;4.16&#8243; background_color=&#8221;#3b5998&#8243; global_colors_info=&#8221;{}&#8221; follow_button=&#8221;off&#8221; url_new_window=&#8221;on&#8221;]facebook[\/et_pb_social_media_follow_network][et_pb_social_media_follow_network social_network=&#8221;instagram&#8221; url=&#8221;https:\/\/www.instagram.com\/movantacampingsweden\/&#8221; _builder_version=&#8221;4.16&#8243; background_color=&#8221;#ea2c59&#8243; global_colors_info=&#8221;{}&#8221; follow_button=&#8221;off&#8221; url_new_window=&#8221;on&#8221;]instagram[\/et_pb_social_media_follow_network][\/et_pb_social_media_follow][\/et_pb_column][et_pb_column type=&#8221;1_4&#8243; _builder_version=&#8221;4.16&#8243; global_colors_info=&#8221;{}&#8221;][et_pb_image src=&#8221;https:\/\/movantacamping.se\/wp-content\/uploads\/2024\/07\/IMG-20240711-WA0037.jpg&#8221; title_text=&#8221;IMG-20240711-WA0037&#8243; _builder_version=&#8221;4.27.2&#8243; _module_preset=&#8221;default&#8221; global_colors_info=&#8221;{}&#8221;][\/et_pb_image][et_pb_image src=&#8221;https:\/\/movantacamping.se\/wp-content\/uploads\/2024\/08\/badestrand-oben-scaled.jpg&#8221; _builder_version=&#8221;4.27.2&#8243; _module_preset=&#8221;default&#8221; global_colors_info=&#8221;{}&#8221;][\/et_pb_image][et_pb_image src=&#8221;https:\/\/movantacamping.se\/wp-content\/uploads\/2024\/06\/446881764_844184364396825_5104427906663509379_n.jpg&#8221; title_text=&#8221;446881764_844184364396825_5104427906663509379_n&#8221; _builder_version=&#8221;4.27.2&#8243; _module_preset=&#8221;default&#8221; global_colors_info=&#8221;{}&#8221;][\/et_pb_image][\/et_pb_column][et_pb_column type=&#8221;1_4&#8243; _builder_version=&#8221;4.16&#8243; global_colors_info=&#8221;{}&#8221;][et_pb_image src=&#8221;https:\/\/movantacamping.se\/wp-content\/uploads\/2024\/07\/1-22-2.jpg&#8221; title_text=&#8221;1-22 2&#8243; _builder_version=&#8221;4.27.2&#8243; _module_preset=&#8221;default&#8221; global_colors_info=&#8221;{}&#8221;][\/et_pb_image][et_pb_image src=&#8221;https:\/\/movantacamping.se\/wp-content\/uploads\/2024\/07\/294769327_6001337586560902_7245927372228205750_n.jpg&#8221; title_text=&#8221;294769327_6001337586560902_7245927372228205750_n&#8221; _builder_version=&#8221;4.27.2&#8243; _module_preset=&#8221;default&#8221; global_colors_info=&#8221;{}&#8221;][\/et_pb_image][et_pb_image src=&#8221;https:\/\/movantacamping.se\/wp-content\/uploads\/2024\/07\/IMG-20240711-WA0002.jpg&#8221; title_text=&#8221;IMG-20240711-WA0002&#8243; _builder_version=&#8221;4.27.2&#8243; _module_preset=&#8221;default&#8221; global_colors_info=&#8221;{}&#8221;][\/et_pb_image][et_pb_image src=&#8221;https:\/\/movantacamping.se\/wp-content\/uploads\/2023\/07\/Brygga-solnedgang.jpg&#8221; title_text=&#8221;Brygga solnedg\u00e5ng&#8221; _builder_version=&#8221;4.27.2&#8243; _module_preset=&#8221;default&#8221; global_colors_info=&#8221;{}&#8221;][\/et_pb_image][\/et_pb_column][\/et_pb_row][et_pb_row use_custom_gutter=&#8221;on&#8221; gutter_width=&#8221;2&#8243; make_equal=&#8221;on&#8221; custom_padding_last_edited=&#8221;on|phone&#8221; _builder_version=&#8221;4.27.2&#8243; background_color=&#8221;rgba(255,255,255,0.85)&#8221; custom_margin=&#8221;||||false|false&#8221; custom_margin_phone=&#8221;10px||10px||false|false&#8221; custom_margin_last_edited=&#8221;off|phone&#8221; custom_padding=&#8221;8px|60px|8px|60px|true|true&#8221; custom_padding_tablet=&#8221;8px|60px|8px|60px|true|true&#8221; custom_padding_phone=&#8221;8px|10px|8px|10px|true|true&#8221; box_shadow_style=&#8221;preset1&#8243; box_shadow_blur=&#8221;66px&#8221; box_shadow_color=&#8221;rgba(155,155,155,0.3)&#8221; global_colors_info=&#8221;{}&#8221;][et_pb_column type=&#8221;4_4&#8243; _builder_version=&#8221;4.24.0&#8243; custom_padding=&#8221;||||false|false&#8221; custom_padding_tablet=&#8221;|0px|40px||false|false&#8221; custom_padding_phone=&#8221;|0px|40px||false|false&#8221; custom_padding_last_edited=&#8221;off|desktop&#8221; global_colors_info=&#8221;{}&#8221;][et_pb_button button_url=&#8221;https:\/\/movantacamping.se\/wp-content\/uploads\/2026\/02\/2026-oppenttider-scaled.jpeg&#8221; button_text=&#8221;Restaurang \u00f6ppettider 2026&#8243; button_alignment=&#8221;center&#8221; _builder_version=&#8221;4.27.2&#8243; _module_preset=&#8221;default&#8221; custom_button=&#8221;on&#8221; button_text_size=&#8221;18px&#8221; button_text_color=&#8221;#E02B20&#8243; custom_padding=&#8221;0px|||||&#8221; hover_enabled=&#8221;0&#8243; global_colors_info=&#8221;{}&#8221; sticky_enabled=&#8221;0&#8243;][\/et_pb_button][et_pb_text _builder_version=&#8221;4.27.2&#8243; _module_preset=&#8221;default&#8221; custom_padding=&#8221;||0px|||&#8221; global_colors_info=&#8221;{}&#8221;]<\/p>\n<h1 style=\"text-align: center;\"><span style=\"color: #ff0000;\">RESTAURANT MOV\u00c4NTA<\/span><\/h1>\n<h2 style=\"text-align: center;\">Saisoner\u00f6ffnung im Mai 2026.<\/h2>\n<h2 style=\"text-align: center;\">Wir freuen uns auf eine neue Saison<\/h2>\n<h2 style=\"text-align: center;\">mit Euch als G\u00e4ste.<span class=\"Y2IQFc\" lang=\"sv\"><\/span><\/h2>\n<h2 style=\"text-align: center;\"><\/h2>\n<p>[\/et_pb_text][\/et_pb_column][\/et_pb_row][\/et_pb_section][et_pb_section fb_built=&#8221;1&#8243; _builder_version=&#8221;4.16&#8243; custom_padding=&#8221;80px||80px||true|&#8221; global_colors_info=&#8221;{}&#8221;][et_pb_row column_structure=&#8221;1_2,1_2&#8243; use_custom_gutter=&#8221;on&#8221; gutter_width=&#8221;2&#8243; make_equal=&#8221;on&#8221; _builder_version=&#8221;4.16&#8243; width_tablet=&#8221;90%&#8221; width_phone=&#8221;90%&#8221; width_last_edited=&#8221;off|tablet&#8221; max_width_tablet=&#8221;90%&#8221; max_width_phone=&#8221;90%&#8221; max_width_last_edited=&#8221;off|phone&#8221; custom_margin=&#8221;||36px&#8221; global_colors_info=&#8221;{}&#8221;][et_pb_column type=&#8221;1_2&#8243; _builder_version=&#8221;4.16&#8243; global_colors_info=&#8221;{}&#8221;][et_pb_text _builder_version=&#8221;4.16&#8243; text_font=&#8221;Poppins|600||on|||||&#8221; text_text_color=&#8221;#000000&#8243; text_letter_spacing=&#8221;2px&#8221; text_line_height=&#8221;1.3em&#8221; global_colors_info=&#8221;{}&#8221;]<\/p>\n<p>Mov\u00e4nta Camping<\/p>\n<p>[\/et_pb_text][et_pb_text _builder_version=&#8221;4.16&#8243; header_2_font=&#8221;Poppins|300|||||||&#8221; header_2_text_color=&#8221;#000000&#8243; header_2_font_size=&#8221;40px&#8221; header_2_line_height=&#8221;1.4em&#8221; custom_margin_tablet=&#8221;-16px||7px&#8221; custom_margin_phone=&#8221;-13px||6px&#8221; custom_margin_last_edited=&#8221;on|desktop&#8221; header_2_font_size_tablet=&#8221;&#8221; header_2_font_size_phone=&#8221;25px&#8221; header_2_font_size_last_edited=&#8221;on|desktop&#8221; global_colors_info=&#8221;{}&#8221;]<\/p>\n<h2 class=\" translation-block\">Ihre Erholung steht an erster Stelle<\/h2>\n<p>[\/et_pb_text][et_pb_text _builder_version=&#8221;4.16&#8243; text_font=&#8221;Poppins||||||||&#8221; text_text_color=&#8221;#000000&#8243; text_font_size=&#8221;18px&#8221; text_line_height=&#8221;1.8em&#8221; max_width=&#8221;477px&#8221; max_width_tablet=&#8221;100%&#8221; max_width_phone=&#8221;&#8221; max_width_last_edited=&#8221;on|desktop&#8221; global_colors_info=&#8221;{}&#8221;]<\/p>\n<p><span class=\"s1\">Natur, Freiheit, Gemeinschaft und Abenteuer - Camping ist das perfekte Erlebnis<\/span>.<\/p>\n<p>[\/et_pb_text][et_pb_text _builder_version=&#8221;4.27.2&#8243; text_font=&#8221;Roboto|300|||||||&#8221; text_text_color=&#8221;#000000&#8243; text_font_size=&#8221;15px&#8221; text_line_height=&#8221;1.8em&#8221; max_width=&#8221;493px&#8221; max_width_tablet=&#8221;100%&#8221; max_width_phone=&#8221;&#8221; max_width_last_edited=&#8221;on|tablet&#8221; custom_padding=&#8221;12px|30px||&#8221; custom_padding_tablet=&#8221;0px|0px||&#8221; custom_padding_phone=&#8221;0px|0px||&#8221; custom_padding_last_edited=&#8221;on|desktop&#8221; global_colors_info=&#8221;{}&#8221;]<\/p>\n<p><span class=\"tlid-translation translation\" lang=\"sv\"><span class=\"\" title=\"\">Unsere drei Sterne Campinganlage bietet viel Platz f\u00fcr die ganze Familie. Sie liegt im Herzen der Natur und grenzt an die ausgedehnten W\u00e4lder, die man leicht zu Fu\u00df und dem Fahrrad erreichen kann. Verbringen Sie einen Tagesausflug mit Ihrer ganzen Familie beim Beeren und Pilze sammeln. F\u00fcr Angler bieten wir ebenfalls die M\u00f6glichkeit, Ruderboote und Kanus zu leihen.  Des Weiteren haben Sie die M\u00f6glichkeit Sehensw\u00fcrdigkeiten wie<\/span><\/span><\/p>\n<ul>\n<li><a href=\"https:\/\/skurugata.se\/\" target=\"_blank\" rel=\"noopener\"><span class=\"tlid-translation translation\" lang=\"sv\"><span class=\"\" title=\"\">die Skurugata (Naturreservat)<\/span><\/span><\/a><\/li>\n<li><a href=\"https:\/\/visiteksjo.se\/artikelarkiv\/upplev\/skrolehie.5.2e775fc91620b31fd166f1d.html\">Skr\u00f4le Hie (<span class=\"tlid-translation translation\" lang=\"sv\"><span class=\"\" title=\"\">Naturreservat)<\/span><\/span><\/a><\/li>\n<li><a href=\"https:\/\/astridlindgrensvarld.se\/\">Astrid Lindgrens V\u00e4rld \/ Vimmerby<\/a><\/li>\n<li><a href=\"https:\/\/filmbyn.se\/\">Filmbyn Mariannelund<\/a><\/li>\n<li><a href=\"https:\/\/www.klevagruva.se\/sv\/\">Kleva Gruva<\/a><\/li>\n<li><a href=\"https:\/\/skullaryd-algpark.se\/sv\/\">Skullardy \u00c4lgpark<\/a><\/li>\n<li><a href=\"https:\/\/ljusbodenihult.se\/\">Ljusboden<\/a><\/li>\n<\/ul>\n<p>.... und es gibt noch so viel mehr zu entdecken.<\/p>\n<p>[\/et_pb_text][et_pb_button button_url=&#8221;https:\/\/visiteksjo.se\/upplev.4.7b8114f4160df84d494601f.html&#8221; button_text=&#8221;Visit Eksj\u00f6&#8221; button_alignment=&#8221;left&#8221; _builder_version=&#8221;4.24.0&#8243; _module_preset=&#8221;default&#8221; global_colors_info=&#8221;{}&#8221;][\/et_pb_button][\/et_pb_column][et_pb_column type=&#8221;1_2&#8243; _builder_version=&#8221;4.16&#8243; global_colors_info=&#8221;{}&#8221;][et_pb_image src=&#8221;https:\/\/movantacamping.se\/wp-content\/uploads\/2020\/09\/118275551_807563939982334_4438337456313917734_n.jpg&#8221; title_text=&#8221;118275551_807563939982334_4438337456313917734_n&#8221; _builder_version=&#8221;4.16&#8243; global_colors_info=&#8221;{}&#8221;][\/et_pb_image][et_pb_image src=&#8221;https:\/\/movantacamping.se\/wp-content\/uploads\/2020\/03\/hyra_bat.jpg&#8221; _builder_version=&#8221;4.16&#8243; max_width=&#8221;350px&#8221; max_width_tablet=&#8221;70%&#8221; max_width_phone=&#8221;60%&#8221; max_width_last_edited=&#8221;on|desktop&#8221; custom_margin=&#8221;-300px|||-50px|false|false&#8221; custom_margin_tablet=&#8221;|||0px&#8221; custom_margin_phone=&#8221;-227px|||0px&#8221; custom_margin_last_edited=&#8221;on|desktop&#8221; border_width_top=&#8221;14px&#8221; border_color_top=&#8221;#ffffff&#8221; border_width_right=&#8221;14px&#8221; border_color_right=&#8221;#ffffff&#8221; global_colors_info=&#8221;{}&#8221;][\/et_pb_image][\/et_pb_column][\/et_pb_row][\/et_pb_section]<\/p>","protected":false},"excerpt":{"rendered":"<p>L\u00e4ge f\u00f6r nya upplevelser! Din tid \u00e4r dyrbar, njut av den p\u00e5 en natursk\u00f6n plats mitt i Sm\u00e5land. Bokar du f\u00f6rst f\u00e5r du b\u00e4sta l\u00e4get. Det \u00e4r helt enkelt l\u00e4ge att boka din camping nu!Varmt v\u00e4lkomna till MOV\u00c4NTA Camping. Skapa h\u00e4rliga sommarminnen hos oss p\u00e5 MOV\u00c4NTA Camping!Oavsett om ni stannar en enstaka \u00f6vernattning eller g\u00f6r [&hellip;]<\/p>","protected":false},"author":1,"featured_media":0,"parent":0,"menu_order":0,"comment_status":"closed","ping_status":"closed","template":"","meta":{"_et_pb_use_builder":"on","_et_pb_old_content":"<!-- wp:paragraph -->\r\n<p>Detta \u00e4r en exempelsida. Den skiljer sig fr\u00e5n ett blogginl\u00e4gg genom att den finns kvar p\u00e5 samma plats och kommer att visas i din webbplatsnavigering (i de flesta teman). De flesta b\u00f6rjar med en Om-sida som presenterar dem f\u00f6r potentiella bes\u00f6kare. Den skulle t.ex kunna ha f\u00f6ljande inneh\u00e5ll:<\/p>\r\n<!-- \/wp:paragraph -->\r\n\r\n<!-- wp:quote -->\r\n<blockquote class=\"wp-block-quote\"><p>Hej d\u00e4r! Jag \u00e4r cykelbud p\u00e5 dagen, blivande sk\u00e5despelare p\u00e5 natten och detta \u00e4r min blogg. Jag bor i \u00d6rebro, har en katt som heter Lurv och jag gillar Pina Coladas. (och att simma i G\u00f6ta kanal).<\/p><\/blockquote>\r\n<!-- \/wp:quote -->\r\n\r\n<!-- wp:paragraph -->\r\n<p>... eller n\u00e5got liknande detta:<\/p>\r\n<!-- \/wp:paragraph -->\r\n\r\n<!-- wp:quote -->\r\n<blockquote class=\"wp-block-quote\"><p>F\u00f6retaget AB grundades 1971 och har sedan dess varit den st\u00f6rsta leverant\u00f6ren av grunk-manicker p\u00e5 den svenska marknaden. FAB finns i utkanten av Gr\u00f6nk\u00f6ping, har drygt 20\u00a0000 anst\u00e4llda och l\u00e4ser veckobladet varje \u00e5r.<\/p><\/blockquote>\r\n<!-- \/wp:quote -->\r\n\r\n<!-- wp:paragraph -->\r\n<p>Som ny WordPress-anv\u00e4ndare b\u00f6r du g\u00e5 till din <a href=\"https:\/\/movantacamping.se\/wp-admin\/\">adminpanel<\/a> f\u00f6r att radera denna sida och skapa nya sidor f\u00f6r ditt inneh\u00e5ll. Lycka till!<\/p>\r\n<!-- \/wp:paragraph -->","_et_gb_content_width":"","footnotes":""},"class_list":["post-2","page","type-page","status-publish","hentry"],"_links":{"self":[{"href":"https:\/\/movantacamping.se\/de_de\/wp-json\/wp\/v2\/pages\/2"}],"collection":[{"href":"https:\/\/movantacamping.se\/de_de\/wp-json\/wp\/v2\/pages"}],"about":[{"href":"https:\/\/movantacamping.se\/de_de\/wp-json\/wp\/v2\/types\/page"}],"author":[{"embeddable":true,"href":"https:\/\/movantacamping.se\/de_de\/wp-json\/wp\/v2\/users\/1"}],"replies":[{"embeddable":true,"href":"https:\/\/movantacamping.se\/de_de\/wp-json\/wp\/v2\/comments?post=2"}],"version-history":[{"count":193,"href":"https:\/\/movantacamping.se\/de_de\/wp-json\/wp\/v2\/pages\/2\/revisions"}],"predecessor-version":[{"id":78877,"href":"https:\/\/movantacamping.se\/de_de\/wp-json\/wp\/v2\/pages\/2\/revisions\/78877"}],"wp:attachment":[{"href":"https:\/\/movantacamping.se\/de_de\/wp-json\/wp\/v2\/media?parent=2"}],"curies":[{"name":"wp","href":"https:\/\/api.w.org\/{rel}","templated":true}]}}